{"id":937,"date":"2016-08-18T19:40:49","date_gmt":"2016-08-18T18:40:49","guid":{"rendered":"http:\/\/artspopulaires.org\/?page_id=937"},"modified":"2018-01-11T20:11:39","modified_gmt":"2018-01-11T19:11:39","slug":"programmation-2016-2017","status":"publish","type":"page","link":"https:\/\/artspopulaires.org\/?page_id=937","title":{"rendered":"Activit\u00e9s 2016-2017"},"content":{"rendered":"<p style=\"text-align: justify;\">En plus d\u2019\u00eatre le propri\u00e9taire de l\u2019un des b\u00e2timents patrimoniaux les plus remarquables du Centre-du-Qu\u00e9bec, le centre des arts populaires de Nicolet est aussi un organisme \u00e0 but non lucratif vou\u00e9 \u00e0 l\u2019enrichissement de la culture et de la communaut\u00e9. \u00c0 chaque ann\u00e9e, la direction du centre organise et fait la promotion d\u2019\u00e9v\u00e9nements soulignant la cr\u00e9ativit\u00e9 des Nicol\u00e9tains et des environs.<\/p>\n<p><em><strong>Calendrier des \u00e9v\u00e9nements<\/strong><\/em><\/p>\n<p>Dans le cadre de notre programmation 2016-2017, nos principaux \u00e9v\u00e9nements seront les suivants :<\/p>\n<h5><span style=\"text-decoration: underline;\">2016<\/span><\/h5>\n<p><em>3 septembre, 1er octobre, 5 novembre et 4 d\u00e9cembre 2016, 21 janvier, 25 f\u00e9vrier, 25 mars, 29 avril et 3 juin 2017<\/em> : <a href=\"http:\/\/projet-enclave.com\/\">Les tractations de l&rsquo;Enclave<\/a><br \/>\n<em>9 octobre <\/em>: Brunch b\u00e9n\u00e9fice du Centre des arts populaires<br \/>\n<em>29 octobre<\/em> : <a title=\"Halloween 2016 : L\u2019\u00e9cole des sorciers\" href=\"http:\/\/artspopulaires.org\/?page_id=949\">Activit\u00e9 d&rsquo;Halloween &#8211; Une journ\u00e9e \u00e0 l&rsquo;\u00e9cole des sorciers<\/a><br \/>\n<em>18 au 20 novembre<\/em> : <a href=\"http:\/\/artspopulaires.org\/?page_id=877\">Le 9e Rendez-vous des peintres Sogetel<\/a><br \/>\n<em>26 au 27 novembre<\/em> : <a href=\"http:\/\/artspopulaires.org\/?page_id=902\">Le 7e Salon des arts populaires Desjardins<\/a><br \/>\n<em> 9 et 10<\/em> <em>d\u00e9cembre<\/em> : <a title=\"Party multi-entreprises 2016\" href=\"http:\/\/artspopulaires.org\/?page_id=971\">Party multi-entreprises<\/a><\/p>\n<h5><span style=\"text-decoration: underline;\">2017<\/span><\/h5>\n<p><em>14 janvier<\/em> : Tournoi de combats m\u00e9di\u00e9vaux<br \/>\n<em>19 janvier<\/em>: <a href=\"http:\/\/artspopulaires.org\/?page_id=983\">Orchestre symphonique de Drummondville<\/a><br \/>\n<em>Du\u00a0 5 au 11 mars<\/em>: <a href=\"http:\/\/artspopulaires.org\/?page_id=1001\">La semaine des enfants Promutuel<\/a><br \/>\n<em>23 mars : <\/em>Assembl\u00e9e g\u00e9n\u00e9rale du Centre des arts populaires<em><br \/>\n<em>1er avril<\/em> <\/em>: Concert du Conservatoire de musique de Trois-Rivi\u00e8res<em><br \/>\n<em><em>26 avril<\/em><\/em> : <\/em>Vins d&rsquo;ailleurs et fromages d&rsquo;ici &#8211; Activit\u00e9 b\u00e9n\u00e9fice du Centre des arts populaires<br \/>\n<em><em>27 mai : <\/em><\/em><a href=\"http:\/\/artspopulaires.org\/?page_id=1024\">Kermesse de la courtepointe<\/a><em><em><br \/>\n<em>10 juin<\/em> <\/em>: <\/em><a href=\"http:\/\/artspopulaires.org\/?page_id=1027\">La Journ\u00e9e des Dentelli\u00e8res et des Brodeuses<\/a><em><br \/>\n<em>28 octobre<\/em> : <a href=\"http:\/\/artspopulaires.org\/?page_id=1124\">L&rsquo;\u00c9cole des sorciers II<\/a><br \/>\n<em><em>17 au 19 novembre<\/em> :<\/em><\/em> <a href=\"http:\/\/artspopulaires.org\/?page_id=1014\">Le 10e Rendez-vous des peintres Sogetel<\/a><em><br \/>\n<em>25 et 26 novembre <\/em><\/em>: <a href=\"http:\/\/artspopulaires.org\/?page_id=1135\">Le 8e Salon des arts populaires Desjardins<\/a><br \/>\n<em>1er d\u00e9cembre : <\/em><a href=\"http:\/\/artspopulaires.org\/?page_id=1195\">Orchestre du Conservatoire de Trois-Rivi\u00e8res<\/a><\/p>\n<p>Pour en savoir plus, nous vous invitons \u00e0 consulter les pages correspondant \u00e0 chacune de ces activit\u00e9s lorsqu&rsquo;elles seront mises en ligne ou communiquez avec nous par t\u00e9l\u00e9phone (819 293-4646) ou par courriel (artspopulaires@sogetel.net).<\/p>\n","protected":false},"excerpt":{"rendered":"<p>En plus d\u2019\u00eatre le propri\u00e9taire de l\u2019un des b\u00e2timents patrimoniaux les plus remarquables du Centre-du-Qu\u00e9bec, le centre des arts populaires de Nicolet est aussi un organisme \u00e0 but non lucratif vou\u00e9 \u00e0 l\u2019enrichissement de la culture et de la communaut\u00e9. \u00c0 chaque ann\u00e9e, la direction du centre organise et fait la promotion d\u2019\u00e9v\u00e9nements soulignant la [&hellip;]<\/p>\n","protected":false},"author":1,"featured_media":0,"parent":0,"menu_order":0,"comment_status":"closed","ping_status":"open","template":"","meta":{"footnotes":""},"_links":{"self":[{"href":"https:\/\/artspopulaires.org\/index.php?rest_route=\/wp\/v2\/pages\/937"}],"collection":[{"href":"https:\/\/artspopulaires.org\/index.php?rest_route=\/wp\/v2\/pages"}],"about":[{"href":"https:\/\/artspopulaires.org\/index.php?rest_route=\/wp\/v2\/types\/page"}],"author":[{"embeddable":true,"href":"https:\/\/artspopulaires.org\/index.php?rest_route=\/wp\/v2\/users\/1"}],"replies":[{"embeddable":true,"href":"https:\/\/artspopulaires.org\/index.php?rest_route=%2Fwp%2Fv2%2Fcomments&post=937"}],"version-history":[{"count":19,"href":"https:\/\/artspopulaires.org\/index.php?rest_route=\/wp\/v2\/pages\/937\/revisions"}],"predecessor-version":[{"id":1212,"href":"https:\/\/artspopulaires.org\/index.php?rest_route=\/wp\/v2\/pages\/937\/revisions\/1212"}],"wp:attachment":[{"href":"https:\/\/artspopulaires.org\/index.php?rest_route=%2Fwp%2Fv2%2Fmedia&parent=937"}],"curies":[{"name":"wp","href":"https:\/\/api.w.org\/{rel}","templated":true}]}}