{"id":584,"date":"2014-12-10T19:58:50","date_gmt":"2014-12-10T18:58:50","guid":{"rendered":"http:\/\/artspopulaires.org\/?page_id=584"},"modified":"2016-08-18T19:41:16","modified_gmt":"2016-08-18T18:41:16","slug":"activites-2015","status":"publish","type":"page","link":"https:\/\/artspopulaires.org\/?page_id=584","title":{"rendered":"Activit\u00e9s 2015-2016"},"content":{"rendered":"<p>En plus d\u2019\u00eatre le propri\u00e9taire de l\u2019un des b\u00e2timents patrimoniaux les plus remarquables du Centre-du-Qu\u00e9bec, le centre des arts populaires de Nicolet est aussi un organisme \u00e0 but non lucratif vou\u00e9 \u00e0 l\u2019enrichissement de la culture et de la communaut\u00e9. \u00c0 chaque ann\u00e9e, la direction du centre organise et fait la promotion d\u2019\u00e9v\u00e9nements soulignant la cr\u00e9ativit\u00e9 des Nicol\u00e9tains et des environs.<\/p>\n<p><em><strong>Calendrier des \u00e9v\u00e9nements<\/strong><\/em><\/p>\n<p>Dans le cadre de notre programmation 2015-2016, nos principaux \u00e9v\u00e9nements seront les suivants :<\/p>\n<h5><span style=\"text-decoration: underline;\">2015<\/span><\/h5>\n<p><em>22 ao\u00fbt &#8211; 26 sept. \u2013 24 oct. \u2013 6 d\u00e9c. \u2013 22 janv. \u2013 26 f\u00e9v. \u2013 2 avril \u2013 30 avril et 28 mai<\/em> : <a href=\"http:\/\/projet-enclave.com\/\">Les tractations de l&rsquo;Enclave<\/a><br \/>\n<em>4 octobre <\/em>: <a href=\"http:\/\/artspopulaires.org\/wp-content\/uploads\/2014\/12\/Affiche-3.jpg\">Brunch b\u00e9n\u00e9fice du Centre des arts populaires<\/a><br \/>\n<em>30 octobre<\/em> : <a title=\"Les Oubli\u00e9s \u2013 Enqu\u00eate d\u2019horreur immersive\" href=\"http:\/\/artspopulaires.org\/?page_id=753\">Les Oubli\u00e9s &#8211; Enqu\u00eate d&rsquo;horreur immersive<\/a><br \/>\n<em>31 octobre <\/em>: <a title=\"Le cirque des monstres \u2013 Animations d\u2019Halloween pour les enfants\" href=\"http:\/\/artspopulaires.org\/?page_id=773\">Le cirque des monstres &#8211; Animations d&rsquo;Halloween pour les enfants<\/a><br \/>\n<em>6, 7 et 8 novembre<\/em> : Exposition des oeuvres r\u00e9centes du peintre Jean-Paul Charland<br \/>\n<em>20 au 22 novembre<\/em> : <a title=\"8e Rendez-vous des peintres\" href=\"http:\/\/artspopulaires.org\/?page_id=636\">Le 8e Rendez-vous des peintres Sogetel<\/a><br \/>\n<em>28 au 29 novembre<\/em> : <a title=\"Le 6e Salon des arts populaires\" href=\"http:\/\/artspopulaires.org\/?page_id=687\">Le 6e Salon des arts populaires Desjardins<\/a><br \/>\n<em>11 d\u00e9cembre<\/em> : <a title=\"Le 6e Salon des arts populaires\" href=\"http:\/\/artspopulaires.org\/?page_id=711\">Party multi-entreprises<\/a><\/p>\n<h5><span style=\"text-decoration: underline;\">2016<\/span><\/h5>\n<p><em>21 janvier<\/em> : <a href=\"http:\/\/artspopulaires.org\/wp-content\/uploads\/2015\/12\/Affiche-Internet-actif.pdf\">Orchestre symphonique de Drummondville<\/a><br \/>\n<em>Du 29 f\u00e9vrier au 3 mars<\/em>: <a href=\"http:\/\/artspopulaires.org\/?page_id=846\">La semaine des enfants Promutuel<em><br \/>\n<\/em><\/a><em><em>5 et 6 mars\u00a0<\/em><\/em>: <a href=\"http:\/\/artspopulaires.org\/?page_id=846\">Salon des collectionneurs<\/a><br \/>\n<em>10 au 28 mars <\/em>: <a href=\"http:\/\/artspopulaires.org\/?page_id=858\">Mue, les femmes de ma vie \u2013 Exposition des oeuvres de Monique Danis<\/a><br \/>\n<em>22 mars\u00a0: <\/em>Assembl\u00e9e g\u00e9n\u00e9rale du Centre des arts populaires<em><br \/>\n<em>9 avril<\/em> <\/em>: <a href=\"http:\/\/www.conservatoire.gouv.qc.ca\/reseau\/conservatoire-de-musique\/trois-rivieres\/calendrier-des-concerts\/calendrier\/article\/d-une-rive-a-l-autre-8172\">D&rsquo;une rive \u00e0 l&rsquo;autre &#8211; Concert du Conservatoire de musique de Trois-Rivi\u00e8res<em><br \/>\n<\/em><\/a><em><em>21 avril<\/em><\/em><em> :<\/em> <em><a href=\"http:\/\/artspopulaires.org\/?page_id=890\">Femmes des bois, spectacle de contes<\/a><br \/>\n<em><em>27 avril<\/em><\/em> : Vins d&rsquo;ailleurs et fromages d&rsquo;ici &#8211; Activit\u00e9 b\u00e9n\u00e9fice du Centre des arts populaires<em><br \/>\n<em>11 juin<\/em> <\/em>: <a href=\"http:\/\/artspopulaires.org\/?page_id=906\">La Journ\u00e9e des Dentelli\u00e8res et des Brodeuses<\/a><br \/>\n<em>18 au 20 novembre<\/em> : <a title=\"8e Rendez-vous des peintres\" href=\"http:\/\/artspopulaires.org\/?page_id=877\">Le 9e Rendez-vous des peintres Sogetel<\/a><\/em><br \/>\n<em>26 et 27 novembre<\/em> : <a title=\"Le 6e Salon des arts populaires\" href=\"http:\/\/artspopulaires.org\/?page_id=902\">Le 7e Salon des arts populaires Desjardins<\/a><\/p>\n<p>Pour en savoir plus, nous vous invitons \u00e0 consulter les pages correspondant \u00e0 chacune de ces activit\u00e9s lorsqu&rsquo;elles seront mises en ligne ou communiquez avec nous par t\u00e9l\u00e9phone (819 293-4646) ou par courriel (artspopulaires@sogetel.net).<\/p>\n","protected":false},"excerpt":{"rendered":"<p>En plus d\u2019\u00eatre le propri\u00e9taire de l\u2019un des b\u00e2timents patrimoniaux les plus remarquables du Centre-du-Qu\u00e9bec, le centre des arts populaires de Nicolet est aussi un organisme \u00e0 but non lucratif vou\u00e9 \u00e0 l\u2019enrichissement de la culture et de la communaut\u00e9. \u00c0 chaque ann\u00e9e, la direction du centre organise et fait la promotion d\u2019\u00e9v\u00e9nements soulignant la [&hellip;]<\/p>\n","protected":false},"author":1,"featured_media":0,"parent":0,"menu_order":0,"comment_status":"closed","ping_status":"open","template":"","meta":{"footnotes":""},"_links":{"self":[{"href":"https:\/\/artspopulaires.org\/index.php?rest_route=\/wp\/v2\/pages\/584"}],"collection":[{"href":"https:\/\/artspopulaires.org\/index.php?rest_route=\/wp\/v2\/pages"}],"about":[{"href":"https:\/\/artspopulaires.org\/index.php?rest_route=\/wp\/v2\/types\/page"}],"author":[{"embeddable":true,"href":"https:\/\/artspopulaires.org\/index.php?rest_route=\/wp\/v2\/users\/1"}],"replies":[{"embeddable":true,"href":"https:\/\/artspopulaires.org\/index.php?rest_route=%2Fwp%2Fv2%2Fcomments&post=584"}],"version-history":[{"count":44,"href":"https:\/\/artspopulaires.org\/index.php?rest_route=\/wp\/v2\/pages\/584\/revisions"}],"predecessor-version":[{"id":939,"href":"https:\/\/artspopulaires.org\/index.php?rest_route=\/wp\/v2\/pages\/584\/revisions\/939"}],"wp:attachment":[{"href":"https:\/\/artspopulaires.org\/index.php?rest_route=%2Fwp%2Fv2%2Fmedia&parent=584"}],"curies":[{"name":"wp","href":"https:\/\/api.w.org\/{rel}","templated":true}]}}