{"id":581,"date":"2014-12-10T19:50:49","date_gmt":"2014-12-10T18:50:49","guid":{"rendered":"http:\/\/artspopulaires.org\/?page_id=581"},"modified":"2014-12-10T19:50:49","modified_gmt":"2014-12-10T18:50:49","slug":"activites-passees","status":"publish","type":"page","link":"https:\/\/artspopulaires.org\/?page_id=581","title":{"rendered":"Activit\u00e9s pass\u00e9es"},"content":{"rendered":"<p>Vous trouverez dans le menu ci-dessus les bilans des activit\u00e9s des ann\u00e9es pass\u00e9es. Celles-ci sont termin\u00e9es, donc veuillez ne pas tenir compte des \u00e9ventuelles projections qui pourraient s&rsquo;y trouver.<\/p>\n","protected":false},"excerpt":{"rendered":"<p>Vous trouverez dans le menu ci-dessus les bilans des activit\u00e9s des ann\u00e9es pass\u00e9es. Celles-ci sont termin\u00e9es, donc veuillez ne pas tenir compte des \u00e9ventuelles projections qui pourraient s&rsquo;y trouver.<\/p>\n","protected":false},"author":1,"featured_media":0,"parent":0,"menu_order":0,"comment_status":"closed","ping_status":"open","template":"","meta":{"footnotes":""},"_links":{"self":[{"href":"https:\/\/artspopulaires.org\/index.php?rest_route=\/wp\/v2\/pages\/581"}],"collection":[{"href":"https:\/\/artspopulaires.org\/index.php?rest_route=\/wp\/v2\/pages"}],"about":[{"href":"https:\/\/artspopulaires.org\/index.php?rest_route=\/wp\/v2\/types\/page"}],"author":[{"embeddable":true,"href":"https:\/\/artspopulaires.org\/index.php?rest_route=\/wp\/v2\/users\/1"}],"replies":[{"embeddable":true,"href":"https:\/\/artspopulaires.org\/index.php?rest_route=%2Fwp%2Fv2%2Fcomments&post=581"}],"version-history":[{"count":1,"href":"https:\/\/artspopulaires.org\/index.php?rest_route=\/wp\/v2\/pages\/581\/revisions"}],"predecessor-version":[{"id":582,"href":"https:\/\/artspopulaires.org\/index.php?rest_route=\/wp\/v2\/pages\/581\/revisions\/582"}],"wp:attachment":[{"href":"https:\/\/artspopulaires.org\/index.php?rest_route=%2Fwp%2Fv2%2Fmedia&parent=581"}],"curies":[{"name":"wp","href":"https:\/\/api.w.org\/{rel}","templated":true}]}}