{"id":31,"date":"2014-02-13T04:40:02","date_gmt":"2014-02-13T03:40:02","guid":{"rendered":"http:\/\/artspopulaires.org\/?page_id=31"},"modified":"2024-02-05T22:21:12","modified_gmt":"2024-02-05T21:21:12","slug":"nous-joindre","status":"publish","type":"page","link":"https:\/\/artspopulaires.org\/?page_id=31","title":{"rendered":"Nous joindre"},"content":{"rendered":"<div data-colibri-id=\"31-c1\" class=\"style-950 style-local-31-c1 position-relative\">\n  <!---->\n  <div data-colibri-component=\"section\" data-colibri-id=\"31-c2\" id=\"custom\" class=\"h-section h-section-global-spacing d-flex align-items-lg-center align-items-md-center align-items-center style-1472 style-local-31-c2 position-relative\">\n    <div class=\"background-wrapper\">\n      <div class=\"background-layer background-layer-media-container-lg\">\n        <div data-slide-duration=\"5000\" data-slide-speed=\"1000\" data-colibri-component=\"slideshow\" class=\"background-layer colibri-slideshow\" model-id=\"31-c2\" media=\"desktop\">\n          <div class=\"slideshow-image\" style=\"background-image: url(&quot;http:\/\/artspopulaires.org\/wp-content\/uploads\/2014\/04\/cropped-cropped-cropped-cropped-Gala-Inc.-1.jpg&quot;); z-index: 2;\"><\/div>\n          <div class=\"slideshow-image\" style=\"background-image: url(&quot;http:\/\/artspopulaires.org\/wp-content\/uploads\/2021\/05\/cropped-Grande-salle-joindre1-1.jpg&quot;);\"><\/div>\n          <div class=\"slideshow-image\" style=\"background-image: url(&quot;http:\/\/artspopulaires.org\/wp-content\/uploads\/2021\/05\/cropped-Rendez-vous-1.jpg&quot;); z-index: 3; visibility: visible; opacity: 0; transition: opacity 1000ms ease calc(4s);\"><\/div>\n        <\/div>\n        <div class=\"overlay-layer\">\n          <div class=\"overlay-image-layer\" style=\"background-color: rgb(0, 0, 0); opacity: 0.5;\"><\/div>\n        <\/div>\n      <\/div>\n      <div class=\"background-layer background-layer-media-container-md\">\n        <div data-slide-duration=\"5000\" data-slide-speed=\"1000\" data-colibri-component=\"slideshow\" class=\"background-layer colibri-slideshow\" model-id=\"31-c2\" media=\"tablet\">\n          <div class=\"slideshow-image\" style=\"background-image: url(&quot;http:\/\/artspopulaires.org\/wp-content\/uploads\/2014\/04\/cropped-cropped-cropped-cropped-Gala-Inc.-1.jpg&quot;); z-index: 2;\"><\/div>\n          <div class=\"slideshow-image\" style=\"background-image: url(&quot;http:\/\/artspopulaires.org\/wp-content\/uploads\/2021\/05\/cropped-Grande-salle-joindre1-1.jpg&quot;);\"><\/div>\n          <div class=\"slideshow-image\" style=\"background-image: url(&quot;http:\/\/artspopulaires.org\/wp-content\/uploads\/2021\/05\/cropped-Rendez-vous-1.jpg&quot;); z-index: 3; visibility: visible; opacity: 0; transition: opacity 1000ms ease calc(4s);\"><\/div>\n        <\/div>\n        <div class=\"overlay-layer\">\n          <div class=\"overlay-image-layer\" style=\"background-color: rgb(0, 0, 0); opacity: 0.5;\"><\/div>\n        <\/div>\n      <\/div>\n      <div class=\"background-layer background-layer-media-container\">\n        <div data-slide-duration=\"5000\" data-slide-speed=\"1000\" data-colibri-component=\"slideshow\" class=\"background-layer colibri-slideshow\" model-id=\"31-c2\" media=\"mobile\">\n          <div class=\"slideshow-image\" style=\"background-image: url(&quot;http:\/\/artspopulaires.org\/wp-content\/uploads\/2014\/04\/cropped-cropped-cropped-cropped-Gala-Inc.-1.jpg&quot;); z-index: 2;\"><\/div>\n          <div class=\"slideshow-image\" style=\"background-image: url(&quot;http:\/\/artspopulaires.org\/wp-content\/uploads\/2021\/05\/cropped-Grande-salle-joindre1-1.jpg&quot;);\"><\/div>\n          <div class=\"slideshow-image\" style=\"background-image: url(&quot;http:\/\/artspopulaires.org\/wp-content\/uploads\/2021\/05\/cropped-Rendez-vous-1.jpg&quot;); z-index: 3; visibility: visible; opacity: 0; transition: opacity 1000ms ease calc(4s);\"><\/div>\n        <\/div>\n        <div class=\"overlay-layer\">\n          <div class=\"overlay-image-layer\" style=\"background-color: rgb(0, 0, 0); opacity: 0.5;\"><\/div>\n        <\/div>\n      <\/div>\n    <\/div>\n    <!---->\n    <div class=\"h-section-grid-container h-section-fluid-container\">\n      <!---->\n      <div data-colibri-id=\"31-c3\" class=\"h-row-container gutters-row-lg-2 gutters-row-md-2 gutters-row-0 gutters-row-v-lg-2 gutters-row-v-md-2 gutters-row-v-2 style-1473 style-local-31-c3 position-relative\">\n        <!---->\n        <div class=\"h-row justify-content-lg-center justify-content-md-center justify-content-center align-items-lg-stretch align-items-md-stretch align-items-stretch gutters-col-lg-2 gutters-col-md-2 gutters-col-0 gutters-col-v-lg-2 gutters-col-v-md-2 gutters-col-v-2\">\n          <!---->\n          <div class=\"h-column h-column-container d-flex h-col-lg-auto h-col-md-auto h-col-auto style-1474-outer style-local-31-c4-outer\">\n            <div data-colibri-id=\"31-c4\" class=\"d-flex h-flex-basis h-column__inner h-px-lg-2 h-px-md-2 h-px-2 v-inner-lg-2 v-inner-md-2 v-inner-2 style-1474 style-local-31-c4 position-relative\">\n              <!---->\n              <!---->\n              <div class=\"w-100 h-y-container h-column__content h-column__v-align flex-basis-100 align-self-lg-start align-self-md-start align-self-start\">\n                <!---->\n                <div data-colibri-id=\"31-c5\" class=\"h-global-transition-all h-heading style-1477 style-local-31-c5 position-relative h-element\">\n                  <!---->\n                  <div class=\"h-heading__outer style-1477 style-local-31-c5\">\n                    <!---->\n                    <!---->\n                    <h1 class=\"\">nous joindre<\/h1>\n                  <\/div>\n                <\/div>\n              <\/div>\n            <\/div>\n          <\/div>\n        <\/div>\n      <\/div>\n    <\/div>\n  <\/div>\n  <div data-colibri-component=\"section\" data-colibri-id=\"31-c6\" id=\"contact\" class=\"h-section h-section-global-spacing d-flex align-items-lg-center align-items-md-center align-items-center style-955 style-local-31-c6 position-relative\">\n    <!---->\n    <!---->\n    <div class=\"h-section-grid-container h-section-fluid-container\">\n      <!---->\n      <div data-colibri-id=\"31-c7\" class=\"h-row-container gutters-row-lg-0 gutters-row-md-0 gutters-row-0 gutters-row-v-lg-0 gutters-row-v-md-0 gutters-row-v-0 style-956 style-local-31-c7 position-relative\">\n        <!---->\n        <div class=\"h-row justify-content-lg-center justify-content-md-center justify-content-center align-items-lg-stretch align-items-md-stretch align-items-stretch gutters-col-lg-0 gutters-col-md-0 gutters-col-0 gutters-col-v-lg-0 gutters-col-v-md-0 gutters-col-v-0\">\n          <!---->\n          <div class=\"h-column h-column-container d-flex h-col-lg-6 h-col-md-6 h-col-12 style-957-outer style-local-31-c8-outer\">\n            <div data-colibri-id=\"31-c8\" class=\"d-flex h-flex-basis h-column__inner h-px-lg-0 h-px-md-0 h-px-0 v-inner-lg-0 v-inner-md-0 v-inner-0 style-957 style-local-31-c8 position-relative\">\n              <!---->\n              <!---->\n              <div class=\"w-100 h-y-container h-column__content h-column__v-align flex-basis-100 align-self-lg-center align-self-md-center align-self-center\">\n                <!---->\n                <div data-colibri-id=\"31-c9\" class=\"h-map style-962 style-local-31-c9 position-relative h-element\" style=\"overflow: hidden;\">\n                  <!---->\n                  <iframe src=\"https:\/\/www.google.com\/maps\/embed\/v1\/place?q=725%20boulevard%20louis-fr%C3%A9chette&amp;zoom=15&amp;key=AIzaSyDaOSAGgy7iKJ_WtSNMQQe7eXEtSwiRUek\" class=\"map-iframe\"><\/iframe>\n                <\/div>\n              <\/div>\n            <\/div>\n          <\/div>\n          <div class=\"h-column h-column-container d-flex h-col-lg-6 h-col-md-6 h-col-12 style-958-outer style-local-31-c10-outer\">\n            <div data-colibri-id=\"31-c10\" class=\"d-flex h-flex-basis h-column__inner h-px-lg-3 h-px-md-3 h-px-3 v-inner-lg-3 v-inner-md-3 v-inner-3 style-958 style-local-31-c10 position-relative\">\n              <!---->\n              <!---->\n              <div class=\"w-100 h-y-container h-column__content h-column__v-align flex-basis-100 align-self-lg-center align-self-md-center align-self-center\">\n                <!---->\n                <div data-colibri-id=\"31-c11\" class=\"h-text h-text-component style-960 style-local-31-c11 position-relative h-element\">\n                  <!---->\n                  <!---->\n                  <div class=\"\">\n                    <p><span style=\"font-family: Amethysta;\">Heures de bureau<\/span><\/p>\n                  <\/div>\n                <\/div>\n                <div data-colibri-id=\"31-c12\" class=\"h-text h-text-component style-963 style-local-31-c12 position-relative h-element\">\n                  <!---->\n                  <!---->\n                  <div class=\"\">\n                    <p><span style=\"font-family: Amethysta; color: rgb(255, 254, 254);\">Lundi au vendredi : 9h00 \u00e0 17h00<\/span><\/p>\n                    <p><span style=\"font-family: Amethysta; color: rgb(255, 254, 254);\">Samedi et dimanche : Ferm\u00e9<\/span>\n                      <br>\n                    <\/p>\n                  <\/div>\n                <\/div>\n                <div data-colibri-id=\"31-c13\" class=\"icon-list d-flex justify-content-lg-start justify-content-md-start justify-content-center style-961 style-local-31-c13 position-relative h-element\">\n                  <!---->\n                  <ul class=\"ul-list-icon vertical-on-desktop vertical-on-tablet vertical-on-mobile justify-content-lg-start justify-content-md-start justify-content-center\">\n                    <!---->\n                    <li class=\"list-item no-gutters\">\n                      <!---->\n                      <div class=\"list-container-divider d-flex justify-content-lg-start justify-content-md-start justify-content-center first-el-spacer\"><\/div> <span class=\"item-link no-gutters\"><div class=\"d-flex h-col no-gutters align-items-lg-center align-items-md-center align-items-center list-item-text-wrapper\"><div class=\"d-flex\"><span  class=\"h-svg-icon style-961-icon style-local-31-c13-icon\"><!--Icon by Icons8 Line Awesome (https:\/\/icons8.com\/line-awesome)--><svg version=\"1.1\" xmlns=\"http:\/\/www.w3.org\/2000\/svg\" xmlns:xlink=\"http:\/\/www.w3.org\/1999\/xlink\" id=\"phone\" viewBox=\"0 0 512 545.5\"><path d=\"M138.5 80c8.375 0 16.656 3.024 23.5 8.5l1 .5.5.5 64 66 1.5 1.5-.5.5c14.174 13.212 13.968 35.53.5 49l-32 32c4.92 11.277 18.33 40.02 44.5 65 26.358 25.16 53.932 39.467 65.5 45l31.5-31.5.5-.5c13.28-13.28 36.72-13.28 50 0l.5 1 65 65c13.28 13.28 13.28 36.22 0 49.5L405 481.5l-.5.5-.5.5c-15.01 12.867-36.04 17.486-55.5 11h-.5c-37.55-14.693-113.51-48.01-181.5-116C98.773 309.773 64.052 234.84 50.5 196c-.035-.1.034-.4 0-.5-6.703-18.434-1.915-39.738 13.5-54l-.5-.5 50-51.5.5-.5 1-.5c6.844-5.476 15.125-8.5 23.5-8.5zm0 32c-1.172 0-2.344.575-3.5 1.5L86.5 163l-.5.5-.5.5c-5.674 4.863-7.44 14.493-5 21 12.12 34.847 45.2 106.7 108.5 170 62.784 62.784 133.224 93.76 169.5 108 9.34 3.113 17.11 1.833 24.5-4.5l49-49c2.72-2.72 2.72-1.78 0-4.5l-65.5-65.5c-2.72-2.72-2.28-2.72-5 0l-40 40-7.5 7.5-10-4.5s-43.83-18.552-81-52.5l-3.5-3c-38.595-36.84-57-86-57-86l-3.5-10 7.5-7 40-40c1.966-1.966.874-3.6 1-3.5l-.5-.5-1-1-64-65.5c-1.156-.925-2.328-1.5-3.5-1.5z\"><\/path><\/svg><\/span><\/div>\n                <span class=\"list-text d-block\"><span>819 293-4646<\/span><\/span>\n              <\/div>\n              <\/span>\n              <div class=\"list-container-divider d-flex justify-content-lg-start justify-content-md-start justify-content-center\">\n                <!---->\n              <\/div>\n              <\/li>\n              <li class=\"list-item no-gutters\">\n                <!---->\n                <!---->\n                <a href=\"mailto:artspopulaires@sogetel.net\" target=\"_blank\" h-use-smooth-scroll=\"true\" class=\"item-link no-gutters\" rel=\"noopener\">\n                  <div class=\"d-flex h-col no-gutters align-items-lg-center align-items-md-center align-items-center list-item-text-wrapper\">\n                    <div class=\"d-flex\"><span class=\"h-svg-icon style-961-icon style-local-31-c13-icon\"><!--Icon by Icons8 Line Awesome (https:\/\/icons8.com\/line-awesome)--><svg version=\"1.1\" xmlns=\"http:\/\/www.w3.org\/2000\/svg\" xmlns:xlink=\"http:\/\/www.w3.org\/1999\/xlink\" id=\"envelope\" viewBox=\"0 0 512 545.5\"><path d=\"M48 160h416v288H48V160zm69 32l139 92.5L395 192H117zm-37 14v210h352V206L265 317.5l-9 5.5-9-5.5z\"><\/path><\/svg><\/span><\/div>\n                    <span class=\"list-text d-block\"><span>artspopulaires@sogetel.net<\/span><\/span>\n                  <\/div>\n                <\/a>\n                <div class=\"list-container-divider d-flex justify-content-lg-start justify-content-md-start justify-content-center\">\n                  <!---->\n                <\/div>\n              <\/li>\n              <li class=\"list-item no-gutters\">\n                <!---->\n                <!----><span class=\"item-link no-gutters\"><div class=\"d-flex h-col no-gutters align-items-lg-center align-items-md-center align-items-center list-item-text-wrapper\"><div class=\"d-flex\"><span  class=\"h-svg-icon style-961-icon style-local-31-c13-icon\"><!--Icon by Icons8 Line Awesome (https:\/\/icons8.com\/line-awesome)--><svg version=\"1.1\" xmlns=\"http:\/\/www.w3.org\/2000\/svg\" xmlns:xlink=\"http:\/\/www.w3.org\/1999\/xlink\" id=\"map-marker\" viewBox=\"0 0 512 545.5\"><path d=\"M256 80c79.336 0 144 64.664 144 144 0 22.5-9.116 48.313-21.5 76.5s-28.314 58.098-44.5 86C301.628 442.306 269 489 269 489l-13 19-13-19s-32.628-46.694-65-102.5c-16.186-27.902-32.116-57.813-44.5-86S112 246.5 112 224c0-79.336 64.664-144 144-144zm0 32c-62.04 0-112 49.96-112 112 0 12.844 6.884 37.06 18.5 63.5s27.686 55.738 43.5 83c25.155 43.364 40.74 66.3 50 80 9.26-13.7 24.845-36.636 50-80 15.815-27.262 31.884-56.56 43.5-83S368 236.844 368 224c0-62.04-49.96-112-112-112zm0 80c17.673 0 32 14.327 32 32s-14.327 32-32 32-32-14.327-32-32 14.327-32 32-32z\"><\/path><\/svg><\/span><\/div>\n            <span class=\"list-text d-block\"><span>725 Boulevard Louis-Fr\u00e9chette, Nicolet. <br>J3T 1L6<\/span><\/span>\n          <\/div>\n          <\/span>\n          <div class=\"list-container-divider d-flex justify-content-lg-start justify-content-md-start justify-content-center\" style=\"display: none;\">\n            <!---->\n          <\/div>\n          <div class=\"list-container-divider d-flex justify-content-lg-start justify-content-md-start justify-content-center last-el-spacer\"><\/div>\n          <\/li>\n          <\/ul>\n        <\/div>\n      <\/div>\n    <\/div>\n  <\/div>\n<\/div>\n<\/div>\n<\/div>\n<\/div>\n<\/div>","protected":false},"excerpt":{"rendered":"<p>nous joindre Heures de bureau Lundi au vendredi : 9h00 \u00e0 17h00 Samedi et dimanche : Ferm\u00e9 819 293-4646 artspopulaires@sogetel.net 725 Boulevard Louis-Fr\u00e9chette, Nicolet. J3T 1L6<\/p>\n","protected":false},"author":1,"featured_media":0,"parent":0,"menu_order":0,"comment_status":"closed","ping_status":"open","template":"page-templates\/full-width-page.php","meta":{"footnotes":""},"_links":{"self":[{"href":"https:\/\/artspopulaires.org\/index.php?rest_route=\/wp\/v2\/pages\/31"}],"collection":[{"href":"https:\/\/artspopulaires.org\/index.php?rest_route=\/wp\/v2\/pages"}],"about":[{"href":"https:\/\/artspopulaires.org\/index.php?rest_route=\/wp\/v2\/types\/page"}],"author":[{"embeddable":true,"href":"https:\/\/artspopulaires.org\/index.php?rest_route=\/wp\/v2\/users\/1"}],"replies":[{"embeddable":true,"href":"https:\/\/artspopulaires.org\/index.php?rest_route=%2Fwp%2Fv2%2Fcomments&post=31"}],"version-history":[{"count":20,"href":"https:\/\/artspopulaires.org\/index.php?rest_route=\/wp\/v2\/pages\/31\/revisions"}],"predecessor-version":[{"id":160296,"href":"https:\/\/artspopulaires.org\/index.php?rest_route=\/wp\/v2\/pages\/31\/revisions\/160296"}],"wp:attachment":[{"href":"https:\/\/artspopulaires.org\/index.php?rest_route=%2Fwp%2Fv2%2Fmedia&parent=31"}],"curies":[{"name":"wp","href":"https:\/\/api.w.org\/{rel}","templated":true}]}}