{"id":161105,"date":"2026-04-14T19:32:50","date_gmt":"2026-04-14T18:32:50","guid":{"rendered":"https:\/\/artspopulaires.org\/?page_id=161105"},"modified":"2026-04-14T19:41:57","modified_gmt":"2026-04-14T18:41:57","slug":"17e-rendez-vous-des-peintres-sogetel-2","status":"publish","type":"page","link":"https:\/\/artspopulaires.org\/?page_id=161105","title":{"rendered":"19e Rendez-vous des Peintres"},"content":{"rendered":"<div data-colibri-id=\"161105-c1\" class=\"style-2384 style-local-161105-c1 position-relative\">\n  <!---->\n  <div data-colibri-component=\"section\" data-colibri-id=\"161105-c2\" id=\"custom\" class=\"h-section h-section-global-spacing d-flex align-items-lg-center align-items-md-center align-items-center style-2385 style-local-161105-c2 position-relative\">\n    <!---->\n    <!---->\n    <div class=\"h-section-grid-container h-section-boxed-container\">\n      <!---->\n      <div data-colibri-id=\"161105-c3\" class=\"h-row-container gutters-row-lg-2 gutters-row-md-2 gutters-row-0 gutters-row-v-lg-2 gutters-row-v-md-2 gutters-row-v-2 style-2386 style-local-161105-c3 position-relative\">\n        <!---->\n        <div class=\"h-row justify-content-lg-center justify-content-md-center justify-content-center align-items-lg-stretch align-items-md-stretch align-items-stretch gutters-col-lg-2 gutters-col-md-2 gutters-col-0 gutters-col-v-lg-2 gutters-col-v-md-2 gutters-col-v-2\">\n          <!---->\n          <div class=\"h-column h-column-container d-flex h-col-lg-auto h-col-md-auto h-col-auto style-2387-outer style-local-161105-c4-outer\">\n            <div data-colibri-id=\"161105-c4\" class=\"d-flex h-flex-basis h-column__inner h-px-lg-2 h-px-md-2 h-px-2 v-inner-lg-2 v-inner-md-2 v-inner-2 style-2387 style-local-161105-c4 position-relative\">\n              <!---->\n              <!---->\n              <div class=\"w-100 h-y-container h-column__content h-column__v-align flex-basis-100 align-self-lg-start align-self-md-start align-self-start\">\n                <!---->\n                <div data-colibri-id=\"161105-c5\" class=\"h-text h-text-component style-2388 style-local-161105-c5 position-relative h-element\">\n                  <!---->\n                  <!---->\n                  <div class=\"\">\n                    <p><span style=\"font-weight: 400; font-size: 18px; font-family: Adamina; color: rgb(50, 49, 49);\">C\u2019est la fin de semaine des 13, 14 et 15 novembre 2026 que se tiendra la 19e \u00e9dition du Rendez-vous des Peintres.<\/span><\/p>\n                    <p>Le Rendez-vous des peintres du Centre des arts populaires de Nicolet est une exposition collective regroupant 18 artistes peintres s\u00e9lectionn\u00e9.e.s par un jury d\u00e9sign\u00e9 par l\u2019organisation. Commenc\u00e9 humblement en 2008 avec des artistes\n                      provenant principalement de Nicolet et sa r\u00e9gion imm\u00e9diate, l\u2019\u00e9v\u00e9nement est devenu la plus importante exposition collective \u00e0 se tenir sur le territoire de la MRC Nicolet-Yamaska. Chaque ann\u00e9e, l\u2019organisation d\u00e9signe aussi un.e artiste\n                      invit\u00e9.e. Cette ann\u00e9e, cette place d\u2019honneur sera tenue par Madame Val\u00e9rie Lortie&nbsp;<span style=\"font-family: &quot;Playfair Display&quot;;\">(<\/span>\n                      <a href=\"https:\/\/www.valerielortie.com\" style=\"font-family: &quot;Playfair Display&quot;; color: rgb(0, 102, 204); font-size: 1em; font-weight: 400;\"\n                        class=\"customize-unpreviewable\">https:\/\/www.valerielortie.com\/<\/a><span style=\"font-family: &quot;Playfair Display&quot;;\">)<\/span><\/p>\n                  <\/div>\n                <\/div>\n              <\/div>\n            <\/div>\n          <\/div>\n          <div class=\"h-column h-column-container d-flex h-col-lg-auto h-col-md-auto h-col-auto style-2389-outer style-local-161105-c6-outer\">\n            <div data-colibri-id=\"161105-c6\" class=\"d-flex h-flex-basis h-column__inner h-px-lg-0 h-px-md-0 h-px-0 v-inner-lg-0 v-inner-md-0 v-inner-0 style-2389 style-local-161105-c6 position-relative\">\n              <!---->\n              <!---->\n              <div class=\"w-100 h-y-container h-column__content h-column__v-align flex-basis-100 align-self-lg-start align-self-md-start align-self-start\">\n                <!---->\n                <div data-colibri-id=\"161105-c7\" class=\"d-block style-2402 style-local-161105-c7 position-relative h-element\">\n                  <!---->\n                  <div class=\"h-image__frame-container-outer\">\n                    <div class=\"h-image__frame-container\">\n                      <!---->\n                      <!---->\n                      <img fetchpriority=\"high\" decoding=\"async\" width=\"904\" height=\"792\" src=\"http:\/\/artspopulaires.org\/wp-content\/uploads\/2025\/05\/RDVP2025.png\" class=\"wp-image-160889 style-2402-image style-local-161105-c7-image\" alt=\"\" srcset=\"https:\/\/artspopulaires.org\/wp-content\/uploads\/2025\/05\/RDVP2025.png 904w, https:\/\/artspopulaires.org\/wp-content\/uploads\/2025\/05\/RDVP2025-300x263.png 300w, https:\/\/artspopulaires.org\/wp-content\/uploads\/2025\/05\/RDVP2025-768x673.png 768w\" sizes=\"(max-width: 904px) 100vw, 904px\" \/>\n                      <div class=\"h-image__frame h-hide-lg h-hide-md h-hide-sm style-2402-frameImage style-local-161105-c7-frameImage\"><\/div>\n                    <\/div>\n                  <\/div>\n                <\/div>\n              <\/div>\n            <\/div>\n          <\/div>\n        <\/div>\n      <\/div>\n    <\/div>\n  <\/div>\n  <div data-colibri-component=\"section\" data-colibri-id=\"161105-c8\" id=\"custom-2\" class=\"h-section h-section-global-spacing d-flex align-items-lg-center align-items-md-center align-items-center style-2390 style-local-161105-c8 position-relative\">\n    <!---->\n    <!---->\n    <div class=\"h-section-grid-container h-section-boxed-container\">\n      <!---->\n      <div data-colibri-id=\"161105-c9\" class=\"h-row-container gutters-row-lg-2 gutters-row-md-2 gutters-row-0 gutters-row-v-lg-2 gutters-row-v-md-2 gutters-row-v-2 style-2391 style-local-161105-c9 position-relative\">\n        <!---->\n        <div class=\"h-row justify-content-lg-center justify-content-md-center justify-content-center align-items-lg-stretch align-items-md-stretch align-items-stretch gutters-col-lg-2 gutters-col-md-2 gutters-col-0 gutters-col-v-lg-2 gutters-col-v-md-2 gutters-col-v-2\">\n          <!---->\n          <div class=\"h-column h-column-container d-flex h-col-lg-auto h-col-md-auto h-col-auto style-2392-outer style-local-161105-c10-outer\">\n            <div data-colibri-id=\"161105-c10\" class=\"d-flex h-flex-basis h-column__inner h-px-lg-2 h-px-md-2 h-px-2 v-inner-lg-2 v-inner-md-2 v-inner-2 style-2392 style-local-161105-c10 position-relative\">\n              <!---->\n              <!---->\n              <div class=\"w-100 h-y-container h-column__content h-column__v-align flex-basis-100 align-self-lg-start align-self-md-start align-self-start\">\n                <!---->\n                <div data-colibri-id=\"161105-c11\" class=\"d-block style-2393 style-local-161105-c11 position-relative h-element\">\n                  <!---->\n                  <div class=\"h-image__frame-container-outer\">\n                    <div class=\"h-image__frame-container\">\n                      <!---->\n                      <!---->\n                      <img decoding=\"async\" width=\"720\" height=\"720\" src=\"http:\/\/artspopulaires.org\/wp-content\/uploads\/2021\/05\/Image-document.png\" class=\"wp-image-158208 style-2393-image style-local-161105-c11-image\" alt=\"\" srcset=\"https:\/\/artspopulaires.org\/wp-content\/uploads\/2021\/05\/Image-document.png 720w, https:\/\/artspopulaires.org\/wp-content\/uploads\/2021\/05\/Image-document-300x300.png 300w, https:\/\/artspopulaires.org\/wp-content\/uploads\/2021\/05\/Image-document-150x150.png 150w\" sizes=\"(max-width: 720px) 100vw, 720px\" \/>\n                      <div class=\"h-image__frame h-hide-lg h-hide-md h-hide-sm style-2393-frameImage style-local-161105-c11-frameImage\"><\/div>\n                    <\/div>\n                    <div class=\"style-2393-caption style-local-161105-c11-caption\">\n                      Fiche d&rsquo;inscription des artistes-peintres (Format papier)\n                    <\/div>\n                  <\/div>\n                <\/div>\n                <div data-colibri-id=\"161105-c12\" class=\"h-x-container style-2394 style-local-161105-c12 position-relative h-element\">\n                  <!---->\n                  <div class=\"h-x-container-inner style-dynamic-161105-c12-group style-2394-spacing style-local-161105-c12-spacing\"><span class=\"h-button__outer style-2395-outer style-local-161105-c13-outer d-inline-flex h-element\"><a h-use-smooth-scroll=\"true\" href=\"http:\/\/artspopulaires.org\/wp-content\/uploads\/2026\/04\/Fiche-dinscription-Format-electronique-2026.pdf\" target=\"_blank\" data-colibri-id=\"161105-c13\" class=\"d-flex w-100 align-items-center h-button justify-content-lg-center justify-content-md-center justify-content-center style-2395 style-local-161105-c13 position-relative\" rel=\"noopener\"><!----><!----> <span>T\u00e9l\u00e9charger (.pdf)<\/span><\/a>\n                    <\/span>\n                  <\/div>\n                <\/div>\n              <\/div>\n            <\/div>\n          <\/div>\n          <div class=\"h-column h-column-container d-flex h-col-lg-auto h-col-md-auto h-col-auto style-2392-outer style-local-161105-c27-outer\">\n            <div data-colibri-id=\"161105-c27\" class=\"d-flex h-flex-basis h-column__inner h-px-lg-2 h-px-md-2 h-px-2 v-inner-lg-2 v-inner-md-2 v-inner-2 style-2392 style-local-161105-c27 position-relative\">\n              <!---->\n              <!---->\n              <div class=\"w-100 h-y-container h-column__content h-column__v-align flex-basis-100 align-self-lg-start align-self-md-start align-self-start\">\n                <!---->\n                <div data-colibri-id=\"161105-c28\" class=\"d-block style-2393 style-local-161105-c28 position-relative h-element\">\n                  <!---->\n                  <div class=\"h-image__frame-container-outer\">\n                    <div class=\"h-image__frame-container\">\n                      <!---->\n                      <!---->\n                      <img decoding=\"async\" width=\"720\" height=\"720\" src=\"http:\/\/artspopulaires.org\/wp-content\/uploads\/2021\/05\/Image-document.png\" class=\"wp-image-158208 style-2393-image style-local-161105-c28-image\" alt=\"\" srcset=\"https:\/\/artspopulaires.org\/wp-content\/uploads\/2021\/05\/Image-document.png 720w, https:\/\/artspopulaires.org\/wp-content\/uploads\/2021\/05\/Image-document-300x300.png 300w, https:\/\/artspopulaires.org\/wp-content\/uploads\/2021\/05\/Image-document-150x150.png 150w\" sizes=\"(max-width: 720px) 100vw, 720px\" \/>\n                      <div class=\"h-image__frame h-hide-lg h-hide-md h-hide-sm style-2393-frameImage style-local-161105-c28-frameImage\"><\/div>\n                    <\/div>\n                    <div class=\"style-2393-caption style-local-161105-c28-caption\">\n                      Fiche d&rsquo;inscription des artistes-peintres (Format \u00e9lectronique)\n                    <\/div>\n                  <\/div>\n                <\/div>\n                <div data-colibri-id=\"161105-c29\" class=\"h-x-container style-2394 style-local-161105-c29 position-relative h-element\">\n                  <!---->\n                  <div class=\"h-x-container-inner style-dynamic-161105-c29-group style-2394-spacing style-local-161105-c29-spacing\"><span class=\"h-button__outer style-2395-outer style-local-161105-c30-outer d-inline-flex h-element\"><a h-use-smooth-scroll=\"true\" href=\"http:\/\/artspopulaires.org\/wp-content\/uploads\/2026\/04\/Fiche-dinscription-Papier-2026.pdf\" target=\"_blank\" data-colibri-id=\"161105-c30\" class=\"d-flex w-100 align-items-center h-button justify-content-lg-center justify-content-md-center justify-content-center style-2395 style-local-161105-c30 position-relative\" rel=\"noopener\"><!----><!----> <span>T\u00e9l\u00e9charger (.pdf)<\/span><\/a>\n                    <\/span>\n                  <\/div>\n                <\/div>\n              <\/div>\n            <\/div>\n          <\/div>\n          <div class=\"h-column h-column-container d-flex h-col-lg-auto h-col-md-auto h-col-auto style-2392-outer style-local-161105-c14-outer\">\n            <div data-colibri-id=\"161105-c14\" class=\"d-flex h-flex-basis h-column__inner h-px-lg-2 h-px-md-2 h-px-2 v-inner-lg-2 v-inner-md-2 v-inner-2 style-2392 style-local-161105-c14 position-relative\">\n              <!---->\n              <!---->\n              <div class=\"w-100 h-y-container h-column__content h-column__v-align flex-basis-100 align-self-lg-start align-self-md-start align-self-start\">\n                <!---->\n                <div data-colibri-id=\"161105-c15\" class=\"d-block style-2393 style-local-161105-c15 position-relative h-element\">\n                  <!---->\n                  <div class=\"h-image__frame-container-outer\">\n                    <div class=\"h-image__frame-container\">\n                      <!---->\n                      <!---->\n                      <img loading=\"lazy\" decoding=\"async\" width=\"720\" height=\"720\" src=\"http:\/\/artspopulaires.org\/wp-content\/uploads\/2021\/05\/Image-document.png\" class=\"wp-image-158208 style-2393-image style-local-161105-c15-image\" alt=\"\" srcset=\"https:\/\/artspopulaires.org\/wp-content\/uploads\/2021\/05\/Image-document.png 720w, https:\/\/artspopulaires.org\/wp-content\/uploads\/2021\/05\/Image-document-300x300.png 300w, https:\/\/artspopulaires.org\/wp-content\/uploads\/2021\/05\/Image-document-150x150.png 150w\" sizes=\"(max-width: 720px) 100vw, 720px\" \/>\n                      <div class=\"h-image__frame h-hide-lg h-hide-md h-hide-sm style-2393-frameImage style-local-161105-c15-frameImage\"><\/div>\n                    <\/div>\n                    <div class=\"style-2393-caption style-local-161105-c15-caption\">\n                      R\u00e8glements \u00e0 l&rsquo;attention des artistes-peintres\n                    <\/div>\n                  <\/div>\n                <\/div>\n                <div data-colibri-id=\"161105-c16\" class=\"h-x-container style-2394 style-local-161105-c16 position-relative h-element\">\n                  <!---->\n                  <div class=\"h-x-container-inner style-dynamic-161105-c16-group style-2394-spacing style-local-161105-c16-spacing\"><span class=\"h-button__outer style-2395-outer style-local-161105-c17-outer d-inline-flex h-element\"><a h-use-smooth-scroll=\"true\" href=\"http:\/\/artspopulaires.org\/wp-content\/uploads\/2026\/04\/Reglements-et-consignes-2026.pdf\" target=\"_blank\" data-colibri-id=\"161105-c17\" class=\"d-flex w-100 align-items-center h-button justify-content-lg-center justify-content-md-center justify-content-center style-2395 style-local-161105-c17 position-relative\" rel=\"noopener\"><!----><!----> <span>T\u00e9l\u00e9charger (.pdf)<\/span><\/a>\n                    <\/span>\n                  <\/div>\n                <\/div>\n              <\/div>\n            <\/div>\n          <\/div>\n          <div class=\"h-column h-column-container d-flex h-col-lg-auto h-col-md-auto h-col-auto style-2392-outer style-local-161105-c18-outer\">\n            <div data-colibri-id=\"161105-c18\" class=\"d-flex h-flex-basis h-column__inner h-px-lg-2 h-px-md-2 h-px-2 v-inner-lg-2 v-inner-md-2 v-inner-2 style-2392 style-local-161105-c18 position-relative\">\n              <!---->\n              <!---->\n              <div class=\"w-100 h-y-container h-column__content h-column__v-align flex-basis-100 align-self-lg-start align-self-md-start align-self-start\">\n                <!---->\n                <div data-colibri-id=\"161105-c19\" class=\"d-block style-2396 style-local-161105-c19 position-relative h-element\">\n                  <!---->\n                  <div class=\"h-image__frame-container-outer\">\n                    <div class=\"h-image__frame-container\">\n                      <!---->\n                      <!---->\n                      <img loading=\"lazy\" decoding=\"async\" width=\"720\" height=\"720\" src=\"http:\/\/artspopulaires.org\/wp-content\/uploads\/2021\/05\/Image-document.png\" class=\"wp-image-158208 style-2396-image style-local-161105-c19-image\" alt=\"\" srcset=\"https:\/\/artspopulaires.org\/wp-content\/uploads\/2021\/05\/Image-document.png 720w, https:\/\/artspopulaires.org\/wp-content\/uploads\/2021\/05\/Image-document-300x300.png 300w, https:\/\/artspopulaires.org\/wp-content\/uploads\/2021\/05\/Image-document-150x150.png 150w\" sizes=\"(max-width: 720px) 100vw, 720px\" \/>\n                      <div class=\"h-image__frame h-hide-lg h-hide-md h-hide-sm style-2396-frameImage style-local-161105-c19-frameImage\"><\/div>\n                    <\/div>\n                    <div class=\"style-2396-caption style-local-161105-c19-caption\">\n                      Informations g\u00e9n\u00e9rales\n                    <\/div>\n                  <\/div>\n                <\/div>\n                <div data-colibri-id=\"161105-c20\" class=\"h-x-container style-2394 style-local-161105-c20 position-relative h-element\">\n                  <!---->\n                  <div class=\"h-x-container-inner style-dynamic-161105-c20-group style-2394-spacing style-local-161105-c20-spacing\"><span class=\"h-button__outer style-2397-outer style-local-161105-c21-outer d-inline-flex h-element\"><a h-use-smooth-scroll=\"true\" href=\"http:\/\/artspopulaires.org\/wp-content\/uploads\/2026\/04\/Informations-generales-2026.pdf\" target=\"_blank\" data-colibri-id=\"161105-c21\" class=\"d-flex w-100 align-items-center h-button justify-content-lg-center justify-content-md-center justify-content-center style-2397 style-local-161105-c21 position-relative\" rel=\"noopener\"><!----><!----> <span>T\u00e9l\u00e9charger (.pdf)<\/span><\/a>\n                    <\/span>\n                  <\/div>\n                <\/div>\n              <\/div>\n            <\/div>\n          <\/div>\n          <div class=\"h-column h-column-container d-flex h-col-lg-auto h-col-md-auto h-col-auto style-2403-outer style-local-161105-c26-outer\">\n            <div data-colibri-id=\"161105-c26\" class=\"d-flex h-flex-basis h-column__inner h-ui-empty-state-container h-px-lg-2 h-px-md-2 h-px-2 v-inner-lg-2 v-inner-md-2 v-inner-2 style-2403 style-local-161105-c26 position-relative\">\n              <!---->\n              <!---->\n              <div class=\"w-100 h-y-container h-column__content h-column__v-align flex-basis-100\">\n                <!---->\n              <\/div>\n            <\/div>\n          <\/div>\n        <\/div>\n      <\/div>\n    <\/div>\n  <\/div>\n<\/div>","protected":false},"excerpt":{"rendered":"<p>C\u2019est la fin de semaine des 13, 14 et 15 novembre 2026 que se tiendra la 19e \u00e9dition du Rendez-vous des Peintres. Le Rendez-vous des peintres du Centre des arts populaires de Nicolet est une exposition collective regroupant 18 artistes peintres s\u00e9lectionn\u00e9.e.s par un jury d\u00e9sign\u00e9 par l\u2019organisation. Commenc\u00e9 humblement en 2008 avec des artistes [&hellip;]<\/p>\n","protected":false},"author":1,"featured_media":0,"parent":0,"menu_order":0,"comment_status":"closed","ping_status":"closed","template":"page-templates\/full-width-page.php","meta":{"footnotes":""},"_links":{"self":[{"href":"https:\/\/artspopulaires.org\/index.php?rest_route=\/wp\/v2\/pages\/161105"}],"collection":[{"href":"https:\/\/artspopulaires.org\/index.php?rest_route=\/wp\/v2\/pages"}],"about":[{"href":"https:\/\/artspopulaires.org\/index.php?rest_route=\/wp\/v2\/types\/page"}],"author":[{"embeddable":true,"href":"https:\/\/artspopulaires.org\/index.php?rest_route=\/wp\/v2\/users\/1"}],"replies":[{"embeddable":true,"href":"https:\/\/artspopulaires.org\/index.php?rest_route=%2Fwp%2Fv2%2Fcomments&post=161105"}],"version-history":[{"count":4,"href":"https:\/\/artspopulaires.org\/index.php?rest_route=\/wp\/v2\/pages\/161105\/revisions"}],"predecessor-version":[{"id":161122,"href":"https:\/\/artspopulaires.org\/index.php?rest_route=\/wp\/v2\/pages\/161105\/revisions\/161122"}],"wp:attachment":[{"href":"https:\/\/artspopulaires.org\/index.php?rest_route=%2Fwp%2Fv2%2Fmedia&parent=161105"}],"curies":[{"name":"wp","href":"https:\/\/api.w.org\/{rel}","templated":true}]}}