{"id":160966,"date":"2025-10-02T19:47:57","date_gmt":"2025-10-02T18:47:57","guid":{"rendered":"https:\/\/artspopulaires.org\/?page_id=160966"},"modified":"2025-11-19T18:58:07","modified_gmt":"2025-11-19T17:58:07","slug":"salon-des-arts-populaires-2025","status":"publish","type":"page","link":"https:\/\/artspopulaires.org\/?page_id=160966","title":{"rendered":"Salon des arts populaires 2025"},"content":{"rendered":"<div data-colibri-id=\"160966-c1\" class=\"style-2320 style-local-160966-c1 position-relative\">\n  <!---->\n  <div data-colibri-component=\"section\" data-colibri-id=\"160966-c2\" id=\"custom\" class=\"h-section h-section-global-spacing d-flex align-items-lg-start align-items-md-start align-items-start style-2321 style-local-160966-c2 position-relative\">\n    <!---->\n    <!---->\n    <div class=\"h-section-grid-container h-section-boxed-container\">\n      <!---->\n      <div data-colibri-id=\"160966-c3\" class=\"h-row-container gutters-row-lg-2 gutters-row-md-2 gutters-row-0 gutters-row-v-lg-2 gutters-row-v-md-2 gutters-row-v-2 style-2322 style-local-160966-c3 position-relative\">\n        <!---->\n        <div class=\"h-row justify-content-lg-center justify-content-md-center justify-content-center align-items-lg-stretch align-items-md-stretch align-items-stretch gutters-col-lg-2 gutters-col-md-2 gutters-col-0 gutters-col-v-lg-2 gutters-col-v-md-2 gutters-col-v-2\">\n          <!---->\n          <div class=\"h-column h-column-container d-flex h-col-lg-auto h-col-md-auto h-col-auto style-2323-outer style-local-160966-c4-outer\">\n            <div data-colibri-id=\"160966-c4\" class=\"d-flex h-flex-basis h-column__inner h-px-lg-2 h-px-md-2 h-px-2 v-inner-lg-2 v-inner-md-2 v-inner-2 style-2323 style-local-160966-c4 position-relative\">\n              <!---->\n              <!---->\n              <div class=\"w-100 h-y-container h-column__content h-column__v-align flex-basis-100 align-self-lg-start align-self-md-start align-self-start\">\n                <!---->\n                <div data-colibri-id=\"160966-c5\" class=\"h-text h-text-component style-2324 style-local-160966-c5 position-relative h-element\">\n                  <!---->\n                  <!---->\n                  <div class=\"\">\n                    <p>La fin de semaine des 22 et 23 novembre, place au Salon des arts populaires DESJARDINS. Parmi tous les salons de No\u00ebl, celui-l\u00e0 permet de trouver des cadeaux uniques, originaux, \u00e9cologiques et \u00ab&nbsp;solidaires&nbsp;\u00bb! Dans le d\u00e9cor\n                      grandiose de notre grande salle, autour de notre grand sapin de lumi\u00e8re, venez trouver ce qui vous manque pour rendre vos proches heureux. Bijoux, savons, pi\u00e8ces tiss\u00e9es, d\u00e9corations de No\u00ebl, ne sont que quelques-uns des tr\u00e9sors\n                      qui vous y attendent. L\u2019entr\u00e9e est libre mais pr\u00e9voyez un peu de liquidit\u00e9 puisque vous ne pourrez r\u00e9sister aux offres de la vingtaine d\u2019artisans de la r\u00e9gion.<\/p>\n                    <p>Les heures d\u2019ouverture au public sont :<\/p>\n                    <p>&#8211; Samedi 22 novembre de 10h00 \u00e0 17h00<\/p>\n                    <p>&#8211; Dimanche 23 novembre de 10h00 \u00e0 16h00<\/p>\n                    <p>\n                      <br><em>Pour plus d\u2019information, communiquez avec le 819 293-4646 ou par courriel au artspopulaires@sogetel.net<\/em><\/p>\n                  <\/div>\n                <\/div>\n              <\/div>\n            <\/div>\n          <\/div>\n          <div class=\"h-column h-column-container d-flex h-col-lg-auto h-col-md-auto h-col-auto style-2337-outer style-local-160966-c13-outer\">\n            <div data-colibri-id=\"160966-c13\" class=\"d-flex h-flex-basis h-column__inner h-px-lg-2 h-px-md-2 h-px-2 v-inner-lg-2 v-inner-md-2 v-inner-2 style-2337 style-local-160966-c13 position-relative\">\n              <!---->\n              <!---->\n              <div class=\"w-100 h-y-container h-column__content h-column__v-align flex-basis-100 align-self-lg-start align-self-md-start align-self-start\">\n                <!---->\n                <div data-colibri-id=\"160966-c14\" class=\"d-block style-2338 style-local-160966-c14 position-relative h-element\">\n                  <!---->\n                  <div class=\"h-image__frame-container-outer\">\n                    <div class=\"h-image__frame-container\">\n                      <!---->\n                      <!---->\n                      <img fetchpriority=\"high\" decoding=\"async\" width=\"2000\" height=\"2000\" src=\"http:\/\/artspopulaires.org\/wp-content\/uploads\/2025\/11\/Pub-medias-sociau-salon-des-arts.jpg\" class=\"wp-image-161030 style-2338-image style-local-160966-c14-image\" alt=\"\" srcset=\"https:\/\/artspopulaires.org\/wp-content\/uploads\/2025\/11\/Pub-medias-sociau-salon-des-arts.jpg 2000w, https:\/\/artspopulaires.org\/wp-content\/uploads\/2025\/11\/Pub-medias-sociau-salon-des-arts-300x300.jpg 300w, https:\/\/artspopulaires.org\/wp-content\/uploads\/2025\/11\/Pub-medias-sociau-salon-des-arts-1024x1024.jpg 1024w, https:\/\/artspopulaires.org\/wp-content\/uploads\/2025\/11\/Pub-medias-sociau-salon-des-arts-150x150.jpg 150w, https:\/\/artspopulaires.org\/wp-content\/uploads\/2025\/11\/Pub-medias-sociau-salon-des-arts-768x768.jpg 768w, https:\/\/artspopulaires.org\/wp-content\/uploads\/2025\/11\/Pub-medias-sociau-salon-des-arts-1536x1536.jpg 1536w\" sizes=\"(max-width: 2000px) 100vw, 2000px\" \/>\n                      <div class=\"h-image__frame h-hide-lg h-hide-md h-hide-sm style-2338-frameImage style-local-160966-c14-frameImage\"><\/div>\n                    <\/div>\n                  <\/div>\n                <\/div>\n              <\/div>\n            <\/div>\n          <\/div>\n        <\/div>\n      <\/div>\n    <\/div>\n  <\/div>\n<\/div>","protected":false},"excerpt":{"rendered":"<p>La fin de semaine des 22 et 23 novembre, place au Salon des arts populaires DESJARDINS. Parmi tous les salons de No\u00ebl, celui-l\u00e0 permet de trouver des cadeaux uniques, originaux, \u00e9cologiques et \u00ab&nbsp;solidaires&nbsp;\u00bb! Dans le d\u00e9cor grandiose de notre grande salle, autour de notre grand sapin de lumi\u00e8re, venez trouver ce qui vous manque pour [&hellip;]<\/p>\n","protected":false},"author":1,"featured_media":0,"parent":0,"menu_order":0,"comment_status":"closed","ping_status":"closed","template":"page-templates\/full-width-page.php","meta":{"footnotes":""},"_links":{"self":[{"href":"https:\/\/artspopulaires.org\/index.php?rest_route=\/wp\/v2\/pages\/160966"}],"collection":[{"href":"https:\/\/artspopulaires.org\/index.php?rest_route=\/wp\/v2\/pages"}],"about":[{"href":"https:\/\/artspopulaires.org\/index.php?rest_route=\/wp\/v2\/types\/page"}],"author":[{"embeddable":true,"href":"https:\/\/artspopulaires.org\/index.php?rest_route=\/wp\/v2\/users\/1"}],"replies":[{"embeddable":true,"href":"https:\/\/artspopulaires.org\/index.php?rest_route=%2Fwp%2Fv2%2Fcomments&post=160966"}],"version-history":[{"count":4,"href":"https:\/\/artspopulaires.org\/index.php?rest_route=\/wp\/v2\/pages\/160966\/revisions"}],"predecessor-version":[{"id":161032,"href":"https:\/\/artspopulaires.org\/index.php?rest_route=\/wp\/v2\/pages\/160966\/revisions\/161032"}],"wp:attachment":[{"href":"https:\/\/artspopulaires.org\/index.php?rest_route=%2Fwp%2Fv2%2Fmedia&parent=160966"}],"curies":[{"name":"wp","href":"https:\/\/api.w.org\/{rel}","templated":true}]}}