{"id":160852,"date":"2025-05-16T18:43:57","date_gmt":"2025-05-16T17:43:57","guid":{"rendered":"https:\/\/artspopulaires.org\/?page_id=160852"},"modified":"2025-05-16T19:00:43","modified_gmt":"2025-05-16T18:00:43","slug":"journee-des-dentellieres-et-des-brodeuses-2025","status":"publish","type":"page","link":"https:\/\/artspopulaires.org\/?page_id=160852","title":{"rendered":"Journ\u00e9e des dentelli\u00e8res et des brodeuses 2025"},"content":{"rendered":"<div data-colibri-id=\"160852-c1\" class=\"style-2299 style-local-160852-c1 position-relative\">\n  <!---->\n  <div data-colibri-component=\"section\" data-colibri-id=\"160852-c2\" id=\"custom\" class=\"h-section h-section-global-spacing d-flex align-items-lg-center align-items-md-center align-items-center style-2300 style-local-160852-c2 position-relative\">\n    <!---->\n    <!---->\n    <div class=\"h-section-grid-container h-section-boxed-container\">\n      <!---->\n      <div data-colibri-id=\"160852-c3\" class=\"h-row-container gutters-row-lg-2 gutters-row-md-2 gutters-row-0 gutters-row-v-lg-2 gutters-row-v-md-2 gutters-row-v-2 style-2301 style-local-160852-c3 position-relative\">\n        <!---->\n        <div class=\"h-row justify-content-lg-center justify-content-md-center justify-content-center align-items-lg-stretch align-items-md-stretch align-items-stretch gutters-col-lg-2 gutters-col-md-2 gutters-col-0 gutters-col-v-lg-2 gutters-col-v-md-2 gutters-col-v-2\">\n          <!---->\n          <div class=\"h-column h-column-container d-flex h-col-lg-auto h-col-md-auto h-col-auto style-2302-outer style-local-160852-c4-outer\">\n            <div data-colibri-id=\"160852-c4\" class=\"d-flex h-flex-basis h-column__inner h-px-lg-2 h-px-md-2 h-px-2 v-inner-lg-2 v-inner-md-2 v-inner-2 style-2302 style-local-160852-c4 position-relative\">\n              <!---->\n              <!---->\n              <div class=\"w-100 h-y-container h-column__content h-column__v-align flex-basis-100 align-self-lg-start align-self-md-start align-self-start\">\n                <!---->\n                <div data-colibri-id=\"160852-c5\" class=\"h-text h-text-component style-2303 style-local-160852-c5 position-relative h-element\">\n                  <!---->\n                  <!---->\n                  <div class=\"\">\n                    <p><span style=\"font-size: 200%; font-family: Adamina;\">La journ\u00e9e des dentelli\u00e8res et des brodeuses 2025<\/span><\/p>\n                    <p><span style=\"font-family: Adamina; font-size: 124%;\">Le samedi 14 juin 2025<\/span><\/p>\n                    <p>\n                      <br>\n                    <\/p>\n                    <p>Il y a plus de 25 ans que la Journ\u00e9e des dentelli\u00e8res et des brodeuses est organis\u00e9e \u00e0 Nicolet. Avec une pause oblig\u00e9e par la pand\u00e9mie de COVID-19 en 2021, ce sera la dixi\u00e8me \u00e9dition pr\u00e9sent\u00e9e au Centre des arts populaires de Nicolet.\n                      Toujours en collaboration avec le collectif <em>Accros du fuseau<\/em>, la Journ\u00e9e des dentelli\u00e8res et des brodeuses sera pr\u00e9sent\u00e9e le\n                      <u>samedi 14 juin 2025 de 10 h \u00e0 16 h<\/u>.<\/p>\n                    <p>C\u2019est en 2015 que le Centre des arts populaires a pris la rel\u00e8ve de la Maison et Atelier Rodolphe-Duguay pour organiser la Journ\u00e9e des dentelli\u00e8res et des brodeuses au C\u0153ur du Qu\u00e9bec. Au fil des ans, cette grande foire publique autour\n                      de la dentelle et de la broderie est devenue le plus important \u00e9v\u00e9nement du genre au Qu\u00e9bec. Pour les praticiennes, c\u2019est l\u2019occasion de venir d\u00e9couvrir les nouveaut\u00e9s que les marchands sp\u00e9cialis\u00e9s provenant de partout au Qu\u00e9bec ont\n                      \u00e0 offrir. En prime, le collectif <em>Accros du fuseau<\/em>, pr\u00e9sente leurs \u0153uvres r\u00e9alis\u00e9es au cours de l\u2019ann\u00e9e. Le th\u00e8me de cette exposition annuelle: <em>La valse des fleurs<\/em>.<\/p>\n                    <p>La Journ\u00e9e des dentelli\u00e8res et des brodeuses, c\u2019est un rendez-vous avec la m\u00e9moire de ces m\u00e9tiers anciens voulant rester bien vivants. Il faut voir ces dizaines d\u2019artisanes install\u00e9es, avec leurs tabourets, tables et carreaux dans\n                      tous les espaces disponibles et sur les vastes terrains du Centre des arts populaires pour croiser les fuseaux ou manier l\u2019aiguille.<\/p>\n                    <p>La Journ\u00e9e des dentelli\u00e8res et des brodeuses, une rare occasion de venir observer le travail minutieux de ces artistes du fil. Venez passer quelques instants l\u00e0 o\u00f9 le temps semble s&rsquo;arr\u00eater sous la grande vo\u00fbte du Centre des arts populaires,\n                      situ\u00e9 au 725 du boulevard Louis-Fr\u00e9chette \u00e0 Nicolet. La Journ\u00e9e des dentelli\u00e8res et des brodeuses accueillera le public le samedi 14 juin de 10 h \u00e0 16 h et le co\u00fbt d\u2019entr\u00e9e est de 5 $.<\/p>\n                  <\/div>\n                <\/div>\n              <\/div>\n            <\/div>\n          <\/div>\n          <div class=\"h-column h-column-container d-flex h-col-lg-auto h-col-md-auto h-col-auto style-2304-outer style-local-160852-c6-outer\">\n            <div data-colibri-id=\"160852-c6\" class=\"d-flex h-flex-basis h-column__inner h-px-lg-2 h-px-md-2 h-px-2 v-inner-lg-2 v-inner-md-2 v-inner-2 style-2304 style-local-160852-c6 position-relative\">\n              <!---->\n              <!---->\n              <div class=\"w-100 h-y-container h-column__content h-column__v-align flex-basis-100 align-self-lg-start align-self-md-start align-self-start\">\n                <!---->\n                <div data-colibri-id=\"160852-c7\" class=\"d-block style-2305 style-local-160852-c7 position-relative h-element\">\n                  <!---->\n                  <div class=\"h-image__frame-container-outer\">\n                    <a href=\"http:\/\/artspopulaires.org\/wp-content\/uploads\/2024\/05\/Affiche-dentellieres-2024.png\" h-use-smooth-scroll=\"true\" class=\"image-link\">\n                      <div class=\"h-image__frame-container\">\n                        <!---->\n                        <!---->\n                        <img fetchpriority=\"high\" decoding=\"async\" width=\"1707\" height=\"2560\" src=\"http:\/\/artspopulaires.org\/wp-content\/uploads\/2025\/05\/Affiche-2025-scaled.jpg\" class=\"wp-image-160856 style-2305-image style-local-160852-c7-image\" alt=\"\" srcset=\"https:\/\/artspopulaires.org\/wp-content\/uploads\/2025\/05\/Affiche-2025-scaled.jpg 1707w, https:\/\/artspopulaires.org\/wp-content\/uploads\/2025\/05\/Affiche-2025-200x300.jpg 200w, https:\/\/artspopulaires.org\/wp-content\/uploads\/2025\/05\/Affiche-2025-683x1024.jpg 683w, https:\/\/artspopulaires.org\/wp-content\/uploads\/2025\/05\/Affiche-2025-768x1152.jpg 768w, https:\/\/artspopulaires.org\/wp-content\/uploads\/2025\/05\/Affiche-2025-1024x1536.jpg 1024w, https:\/\/artspopulaires.org\/wp-content\/uploads\/2025\/05\/Affiche-2025-1365x2048.jpg 1365w\" sizes=\"(max-width: 1707px) 100vw, 1707px\" \/>\n                        <div class=\"h-image__frame h-hide-lg h-hide-md h-hide-sm style-2305-frameImage style-local-160852-c7-frameImage\"><\/div>\n                      <\/div>\n                    <\/a>\n                  <\/div>\n                <\/div>\n              <\/div>\n            <\/div>\n          <\/div>\n        <\/div>\n      <\/div>\n    <\/div>\n  <\/div>\n<\/div>","protected":false},"excerpt":{"rendered":"<p>La journ\u00e9e des dentelli\u00e8res et des brodeuses 2025 Le samedi 14 juin 2025 Il y a plus de 25 ans que la Journ\u00e9e des dentelli\u00e8res et des brodeuses est organis\u00e9e \u00e0 Nicolet. Avec une pause oblig\u00e9e par la pand\u00e9mie de COVID-19 en 2021, ce sera la dixi\u00e8me \u00e9dition pr\u00e9sent\u00e9e au Centre des arts populaires de [&hellip;]<\/p>\n","protected":false},"author":1,"featured_media":0,"parent":0,"menu_order":0,"comment_status":"closed","ping_status":"closed","template":"page-templates\/full-width-page.php","meta":{"footnotes":""},"_links":{"self":[{"href":"https:\/\/artspopulaires.org\/index.php?rest_route=\/wp\/v2\/pages\/160852"}],"collection":[{"href":"https:\/\/artspopulaires.org\/index.php?rest_route=\/wp\/v2\/pages"}],"about":[{"href":"https:\/\/artspopulaires.org\/index.php?rest_route=\/wp\/v2\/types\/page"}],"author":[{"embeddable":true,"href":"https:\/\/artspopulaires.org\/index.php?rest_route=\/wp\/v2\/users\/1"}],"replies":[{"embeddable":true,"href":"https:\/\/artspopulaires.org\/index.php?rest_route=%2Fwp%2Fv2%2Fcomments&post=160852"}],"version-history":[{"count":3,"href":"https:\/\/artspopulaires.org\/index.php?rest_route=\/wp\/v2\/pages\/160852\/revisions"}],"predecessor-version":[{"id":160863,"href":"https:\/\/artspopulaires.org\/index.php?rest_route=\/wp\/v2\/pages\/160852\/revisions\/160863"}],"wp:attachment":[{"href":"https:\/\/artspopulaires.org\/index.php?rest_route=%2Fwp%2Fv2%2Fmedia&parent=160852"}],"curies":[{"name":"wp","href":"https:\/\/api.w.org\/{rel}","templated":true}]}}