{"id":160414,"date":"2024-05-07T19:09:21","date_gmt":"2024-05-07T18:09:21","guid":{"rendered":"https:\/\/artspopulaires.org\/?page_id=160414"},"modified":"2024-05-10T19:00:39","modified_gmt":"2024-05-10T18:00:39","slug":"17e-rendez-vous-des-peintres-sogetel","status":"publish","type":"page","link":"https:\/\/artspopulaires.org\/?page_id=160414","title":{"rendered":"17e Rendez-vous des Peintres Sogetel"},"content":{"rendered":"<div data-colibri-id=\"160414-c1\" class=\"style-2107 style-local-160414-c1 position-relative\">\n  <!---->\n  <div data-colibri-component=\"section\" data-colibri-id=\"160414-c2\" id=\"custom\" class=\"h-section h-section-global-spacing d-flex align-items-lg-center align-items-md-center align-items-center style-2108 style-local-160414-c2 position-relative\">\n    <!---->\n    <!---->\n    <div class=\"h-section-grid-container h-section-boxed-container\">\n      <!---->\n      <div data-colibri-id=\"160414-c3\" class=\"h-row-container gutters-row-lg-2 gutters-row-md-2 gutters-row-0 gutters-row-v-lg-2 gutters-row-v-md-2 gutters-row-v-2 style-2109 style-local-160414-c3 position-relative\">\n        <!---->\n        <div class=\"h-row justify-content-lg-center justify-content-md-center justify-content-center align-items-lg-stretch align-items-md-stretch align-items-stretch gutters-col-lg-2 gutters-col-md-2 gutters-col-0 gutters-col-v-lg-2 gutters-col-v-md-2 gutters-col-v-2\">\n          <!---->\n          <div class=\"h-column h-column-container d-flex h-col-lg-auto h-col-md-auto h-col-auto style-2110-outer style-local-160414-c4-outer\">\n            <div data-colibri-id=\"160414-c4\" class=\"d-flex h-flex-basis h-column__inner h-px-lg-2 h-px-md-2 h-px-2 v-inner-lg-2 v-inner-md-2 v-inner-2 style-2110 style-local-160414-c4 position-relative\">\n              <!---->\n              <!---->\n              <div class=\"w-100 h-y-container h-column__content h-column__v-align flex-basis-100 align-self-lg-start align-self-md-start align-self-start\">\n                <!---->\n                <div data-colibri-id=\"160414-c5\" class=\"h-text h-text-component style-2111 style-local-160414-c5 position-relative h-element\">\n                  <!---->\n                  <!---->\n                  <div class=\"\">\n                    <p><span style=\"color: rgb(50, 49, 49); font-family: Adamina; font-size: 18px; font-weight: 400;\">C\u2019est la fin de semaine des 15, 16 et 17 novembre 2024 que se tiendra la 17e \u00e9dition du Rendez-vous des Peintres Sogetel. <\/span><\/p>\n                    <p>Le Rendez-vous des peintres SOGETEL est une exposition collective d\u2019artistes en arts visuels pr\u00e9sent\u00e9e annuellement dans le Centre des arts populaires de Nicolet. Commenc\u00e9 humblement en 2008 avec des artistes provenant principalement\n                      de Nicolet et sa r\u00e9gion imm\u00e9diate, l\u2019\u00e9v\u00e9nement est devenu la plus importante exposition collective \u00e0 se tenir sur le territoire de la MRC Nicolet-Yamaska. Au fil des ans, le nombre d\u2019exposants \u00e0 augment\u00e9 jusqu\u2019\u00e0 atteindre 36 artistes\n                      provenant de 7 r\u00e9gions administratives diff\u00e9rentes. De plus, chaque ann\u00e9e, un artiste invit\u00e9 par l\u2019organisation s\u2019ajoute aux exposants.<\/p>\n                    <p>En 2024, ce sont 18 artistes-peintres qui pr\u00e9senteront leurs oeuvres sous la vo\u00fbte du Centre des arts populaires. Cette ann\u00e9e, l\u2019artiste invit\u00e9e sera Madame Louise Desaulniers. Nous invitons les artistes-peintres int\u00e9ress\u00e9s \u00e0 participer\n                      \u00e0 cet \u00e9v\u00e9nement haut en couleurs \u00e0 soumettre leur candidature avant le\n                      <u>26 juillet 2024<\/u>&nbsp;afin de courir la chance de pr\u00e9senter leurs oeuvres dans le d\u00e9cor grandiose du Centre des arts populaires. Les informations pertinentes et documents n\u00e9cessaires sont disponibles ci-dessous.<\/p>\n                  <\/div>\n                <\/div>\n              <\/div>\n            <\/div>\n          <\/div>\n          <div class=\"h-column h-column-container d-flex h-col-lg-auto h-col-md-auto h-col-auto style-2112-outer style-local-160414-c6-outer\">\n            <div data-colibri-id=\"160414-c6\" class=\"d-flex h-flex-basis h-column__inner h-ui-empty-state-container h-px-lg-0 h-px-md-0 h-px-0 v-inner-lg-0 v-inner-md-0 v-inner-0 style-2112 style-local-160414-c6 position-relative\">\n              <!---->\n              <!---->\n              <div class=\"w-100 h-y-container h-column__content h-column__v-align flex-basis-100\">\n                <!---->\n              <\/div>\n            <\/div>\n          <\/div>\n        <\/div>\n      <\/div>\n    <\/div>\n  <\/div>\n  <div data-colibri-component=\"section\" data-colibri-id=\"160414-c7\" id=\"custom-2\" class=\"h-section h-section-global-spacing d-flex align-items-lg-center align-items-md-center align-items-center style-2114 style-local-160414-c7 position-relative\">\n    <!---->\n    <!---->\n    <div class=\"h-section-grid-container h-section-boxed-container\">\n      <!---->\n      <div data-colibri-id=\"160414-c8\" class=\"h-row-container gutters-row-lg-2 gutters-row-md-2 gutters-row-0 gutters-row-v-lg-2 gutters-row-v-md-2 gutters-row-v-2 style-2115 style-local-160414-c8 position-relative\">\n        <!---->\n        <div class=\"h-row justify-content-lg-center justify-content-md-center justify-content-center align-items-lg-stretch align-items-md-stretch align-items-stretch gutters-col-lg-2 gutters-col-md-2 gutters-col-0 gutters-col-v-lg-2 gutters-col-v-md-2 gutters-col-v-2\">\n          <!---->\n          <div class=\"h-column h-column-container d-flex h-col-lg-auto h-col-md-auto h-col-auto style-2116-outer style-local-160414-c9-outer\">\n            <div data-colibri-id=\"160414-c9\" class=\"d-flex h-flex-basis h-column__inner h-px-lg-2 h-px-md-2 h-px-2 v-inner-lg-2 v-inner-md-2 v-inner-2 style-2116 style-local-160414-c9 position-relative\">\n              <!---->\n              <!---->\n              <div class=\"w-100 h-y-container h-column__content h-column__v-align flex-basis-100 align-self-lg-start align-self-md-start align-self-start\">\n                <!---->\n                <div data-colibri-id=\"160414-c10\" class=\"d-block style-2117 style-local-160414-c10 position-relative h-element\">\n                  <!---->\n                  <div class=\"h-image__frame-container-outer\">\n                    <div class=\"h-image__frame-container\">\n                      <!---->\n                      <!---->\n                      <img fetchpriority=\"high\" decoding=\"async\" width=\"720\" height=\"720\" src=\"http:\/\/artspopulaires.org\/wp-content\/uploads\/2021\/05\/Image-document.png\" class=\"wp-image-158208 style-2117-image style-local-160414-c10-image\" alt=\"\" srcset=\"https:\/\/artspopulaires.org\/wp-content\/uploads\/2021\/05\/Image-document.png 720w, https:\/\/artspopulaires.org\/wp-content\/uploads\/2021\/05\/Image-document-300x300.png 300w, https:\/\/artspopulaires.org\/wp-content\/uploads\/2021\/05\/Image-document-150x150.png 150w\" sizes=\"(max-width: 720px) 100vw, 720px\" \/>\n                      <div class=\"h-image__frame h-hide-lg h-hide-md h-hide-sm style-2117-frameImage style-local-160414-c10-frameImage\"><\/div>\n                    <\/div>\n                    <div class=\"style-2117-caption style-local-160414-c10-caption\">\n                      Fiche d&rsquo;inscription des artistes-peintres\n                    <\/div>\n                  <\/div>\n                <\/div>\n                <div data-colibri-id=\"160414-c11\" class=\"h-x-container style-2118 style-local-160414-c11 position-relative h-element\">\n                  <!---->\n                  <div class=\"h-x-container-inner style-dynamic-160414-c11-group style-2118-spacing style-local-160414-c11-spacing\"><span class=\"h-button__outer style-2119-outer style-local-160414-c12-outer d-inline-flex h-element\"><a h-use-smooth-scroll=\"true\" href=\"http:\/\/artspopulaires.org\/wp-content\/uploads\/2024\/05\/Fiche-dinscription-2024.pdf\" target=\"_blank\" data-colibri-id=\"160414-c12\" class=\"d-flex w-100 align-items-center h-button justify-content-lg-center justify-content-md-center justify-content-center style-2119 style-local-160414-c12 position-relative\" rel=\"noopener\"><!----><!----> <span>T\u00e9l\u00e9charger (.pdf)<\/span><\/a>\n                    <\/span>\n                  <\/div>\n                <\/div>\n              <\/div>\n            <\/div>\n          <\/div>\n          <div class=\"h-column h-column-container d-flex h-col-lg-auto h-col-md-auto h-col-auto style-2116-outer style-local-160414-c13-outer\">\n            <div data-colibri-id=\"160414-c13\" class=\"d-flex h-flex-basis h-column__inner h-px-lg-2 h-px-md-2 h-px-2 v-inner-lg-2 v-inner-md-2 v-inner-2 style-2116 style-local-160414-c13 position-relative\">\n              <!---->\n              <!---->\n              <div class=\"w-100 h-y-container h-column__content h-column__v-align flex-basis-100 align-self-lg-start align-self-md-start align-self-start\">\n                <!---->\n                <div data-colibri-id=\"160414-c14\" class=\"d-block style-2117 style-local-160414-c14 position-relative h-element\">\n                  <!---->\n                  <div class=\"h-image__frame-container-outer\">\n                    <div class=\"h-image__frame-container\">\n                      <!---->\n                      <!---->\n                      <img decoding=\"async\" width=\"720\" height=\"720\" src=\"http:\/\/artspopulaires.org\/wp-content\/uploads\/2021\/05\/Image-document.png\" class=\"wp-image-158208 style-2117-image style-local-160414-c14-image\" alt=\"\" srcset=\"https:\/\/artspopulaires.org\/wp-content\/uploads\/2021\/05\/Image-document.png 720w, https:\/\/artspopulaires.org\/wp-content\/uploads\/2021\/05\/Image-document-300x300.png 300w, https:\/\/artspopulaires.org\/wp-content\/uploads\/2021\/05\/Image-document-150x150.png 150w\" sizes=\"(max-width: 720px) 100vw, 720px\" \/>\n                      <div class=\"h-image__frame h-hide-lg h-hide-md h-hide-sm style-2117-frameImage style-local-160414-c14-frameImage\"><\/div>\n                    <\/div>\n                    <div class=\"style-2117-caption style-local-160414-c14-caption\">\n                      R\u00e8glements \u00e0 l&rsquo;attention des artistes-peintres\n                    <\/div>\n                  <\/div>\n                <\/div>\n                <div data-colibri-id=\"160414-c15\" class=\"h-x-container style-2118 style-local-160414-c15 position-relative h-element\">\n                  <!---->\n                  <div class=\"h-x-container-inner style-dynamic-160414-c15-group style-2118-spacing style-local-160414-c15-spacing\"><span class=\"h-button__outer style-2119-outer style-local-160414-c16-outer d-inline-flex h-element\"><a h-use-smooth-scroll=\"true\" href=\"http:\/\/artspopulaires.org\/wp-content\/uploads\/2024\/05\/Informations-et-reglements-2024.pdf\" target=\"_blank\" data-colibri-id=\"160414-c16\" class=\"d-flex w-100 align-items-center h-button justify-content-lg-center justify-content-md-center justify-content-center style-2119 style-local-160414-c16 position-relative\" rel=\"noopener\"><!----><!----> <span>T\u00e9l\u00e9charger (.pdf)<\/span><\/a>\n                    <\/span>\n                  <\/div>\n                <\/div>\n              <\/div>\n            <\/div>\n          <\/div>\n          <div class=\"h-column h-column-container d-flex h-col-lg-auto h-col-md-auto h-col-auto style-2116-outer style-local-160414-c17-outer\">\n            <div data-colibri-id=\"160414-c17\" class=\"d-flex h-flex-basis h-column__inner h-px-lg-2 h-px-md-2 h-px-2 v-inner-lg-2 v-inner-md-2 v-inner-2 style-2116 style-local-160414-c17 position-relative\">\n              <!---->\n              <!---->\n              <div class=\"w-100 h-y-container h-column__content h-column__v-align flex-basis-100 align-self-lg-start align-self-md-start align-self-start\">\n                <!---->\n                <div data-colibri-id=\"160414-c18\" class=\"d-block style-2120 style-local-160414-c18 position-relative h-element\">\n                  <!---->\n                  <div class=\"h-image__frame-container-outer\">\n                    <div class=\"h-image__frame-container\">\n                      <!---->\n                      <!---->\n                      <img decoding=\"async\" width=\"720\" height=\"720\" src=\"http:\/\/artspopulaires.org\/wp-content\/uploads\/2021\/05\/Image-document.png\" class=\"wp-image-158208 style-2120-image style-local-160414-c18-image\" alt=\"\" srcset=\"https:\/\/artspopulaires.org\/wp-content\/uploads\/2021\/05\/Image-document.png 720w, https:\/\/artspopulaires.org\/wp-content\/uploads\/2021\/05\/Image-document-300x300.png 300w, https:\/\/artspopulaires.org\/wp-content\/uploads\/2021\/05\/Image-document-150x150.png 150w\" sizes=\"(max-width: 720px) 100vw, 720px\" \/>\n                      <div class=\"h-image__frame h-hide-lg h-hide-md h-hide-sm style-2120-frameImage style-local-160414-c18-frameImage\"><\/div>\n                    <\/div>\n                    <div class=\"style-2120-caption style-local-160414-c18-caption\">\n                      S\u00e9lection des artistes-peintres\n                    <\/div>\n                  <\/div>\n                <\/div>\n                <div data-colibri-id=\"160414-c19\" class=\"h-x-container style-2118 style-local-160414-c19 position-relative h-element\">\n                  <!---->\n                  <div class=\"h-x-container-inner style-dynamic-160414-c19-group style-2118-spacing style-local-160414-c19-spacing\"><span class=\"h-button__outer style-2121-outer style-local-160414-c20-outer d-inline-flex h-element\"><a h-use-smooth-scroll=\"true\" href=\"http:\/\/artspopulaires.org\/wp-content\/uploads\/2024\/05\/SELECTION-DES-ARTISTES-EXPOSANTS-2024-3.pdf\" target=\"_blank\" data-colibri-id=\"160414-c20\" class=\"d-flex w-100 align-items-center h-button justify-content-lg-center justify-content-md-center justify-content-center style-2121 style-local-160414-c20 position-relative\" rel=\"noopener\"><!----><!----> <span>T\u00e9l\u00e9charger (.pdf)<\/span><\/a>\n                    <\/span>\n                  <\/div>\n                <\/div>\n              <\/div>\n            <\/div>\n          <\/div>\n        <\/div>\n      <\/div>\n    <\/div>\n  <\/div>\n<\/div>","protected":false},"excerpt":{"rendered":"<p>C\u2019est la fin de semaine des 15, 16 et 17 novembre 2024 que se tiendra la 17e \u00e9dition du Rendez-vous des Peintres Sogetel. Le Rendez-vous des peintres SOGETEL est une exposition collective d\u2019artistes en arts visuels pr\u00e9sent\u00e9e annuellement dans le Centre des arts populaires de Nicolet. Commenc\u00e9 humblement en 2008 avec des artistes provenant principalement [&hellip;]<\/p>\n","protected":false},"author":1,"featured_media":0,"parent":0,"menu_order":0,"comment_status":"closed","ping_status":"closed","template":"page-templates\/full-width-page.php","meta":{"footnotes":""},"_links":{"self":[{"href":"https:\/\/artspopulaires.org\/index.php?rest_route=\/wp\/v2\/pages\/160414"}],"collection":[{"href":"https:\/\/artspopulaires.org\/index.php?rest_route=\/wp\/v2\/pages"}],"about":[{"href":"https:\/\/artspopulaires.org\/index.php?rest_route=\/wp\/v2\/types\/page"}],"author":[{"embeddable":true,"href":"https:\/\/artspopulaires.org\/index.php?rest_route=\/wp\/v2\/users\/1"}],"replies":[{"embeddable":true,"href":"https:\/\/artspopulaires.org\/index.php?rest_route=%2Fwp%2Fv2%2Fcomments&post=160414"}],"version-history":[{"count":7,"href":"https:\/\/artspopulaires.org\/index.php?rest_route=\/wp\/v2\/pages\/160414\/revisions"}],"predecessor-version":[{"id":160613,"href":"https:\/\/artspopulaires.org\/index.php?rest_route=\/wp\/v2\/pages\/160414\/revisions\/160613"}],"wp:attachment":[{"href":"https:\/\/artspopulaires.org\/index.php?rest_route=%2Fwp%2Fv2%2Fmedia&parent=160414"}],"curies":[{"name":"wp","href":"https:\/\/api.w.org\/{rel}","templated":true}]}}