{"id":160073,"date":"2023-05-18T18:40:27","date_gmt":"2023-05-18T17:40:27","guid":{"rendered":"https:\/\/artspopulaires.org\/?page_id=160073"},"modified":"2023-05-18T18:59:53","modified_gmt":"2023-05-18T17:59:53","slug":"journee-des-dentellieres-et-des-brodeuses-2023","status":"publish","type":"page","link":"https:\/\/artspopulaires.org\/?page_id=160073","title":{"rendered":"Journ\u00e9e des dentelli\u00e8res et des brodeuses 2023"},"content":{"rendered":"<div data-colibri-id=\"160073-c1\" class=\"style-1855 style-local-160073-c1 position-relative\">\n  <!---->\n  <div data-colibri-component=\"section\" data-colibri-id=\"160073-c2\" id=\"custom\" class=\"h-section h-section-global-spacing d-flex align-items-lg-center align-items-md-center align-items-center style-1856 style-local-160073-c2 position-relative\">\n    <!---->\n    <!---->\n    <div class=\"h-section-grid-container h-section-boxed-container\">\n      <!---->\n      <div data-colibri-id=\"160073-c3\" class=\"h-row-container gutters-row-lg-2 gutters-row-md-2 gutters-row-0 gutters-row-v-lg-2 gutters-row-v-md-2 gutters-row-v-2 style-1857 style-local-160073-c3 position-relative\">\n        <!---->\n        <div class=\"h-row justify-content-lg-center justify-content-md-center justify-content-center align-items-lg-stretch align-items-md-stretch align-items-stretch gutters-col-lg-2 gutters-col-md-2 gutters-col-0 gutters-col-v-lg-2 gutters-col-v-md-2 gutters-col-v-2\">\n          <!---->\n          <div class=\"h-column h-column-container d-flex h-col-lg-auto h-col-md-auto h-col-auto style-1858-outer style-local-160073-c4-outer\">\n            <div data-colibri-id=\"160073-c4\" class=\"d-flex h-flex-basis h-column__inner h-px-lg-2 h-px-md-2 h-px-2 v-inner-lg-2 v-inner-md-2 v-inner-2 style-1858 style-local-160073-c4 position-relative\">\n              <!---->\n              <!---->\n              <div class=\"w-100 h-y-container h-column__content h-column__v-align flex-basis-100 align-self-lg-start align-self-md-start align-self-start\">\n                <!---->\n                <div data-colibri-id=\"160073-c5\" class=\"h-text h-text-component style-1860 style-local-160073-c5 position-relative h-element\">\n                  <!---->\n                  <!---->\n                  <div class=\"\">\n                    <p>Pour une nouvelle fois, le Centre des arts populaires de Nicolet s\u2019associe au collectif <em>Accros du fuseau<\/em> et organise la <strong><em>Journ\u00e9e des dentelli\u00e8res et des brodeuses<\/em><\/strong>&nbsp;le samedi 10 juin 2023 de 10&nbsp;h\n                      \u00e0 16&nbsp;h.<\/p>\n                    <p>La <strong><em>Journ\u00e9e des dentelli\u00e8res et des brodeuses<\/em><\/strong> de Nicolet, c\u2019est une grande foire publique autour de la dentelle et de la broderie au Qu\u00e9bec. Elle devrait s\u00e9duire, une fois de plus, praticiennes et curieux.\n                      Les marchands sp\u00e9cialis\u00e9s provenant de partout au Qu\u00e9bec seront du rendez-vous. De son c\u00f4t\u00e9, le collectif <em>Accros du fuseau<\/em> fait chanter ses fuseaux en pr\u00e9paration de son exposition&nbsp;annuelle sur un th\u00e8me&nbsp;printanier:\n                      En fleur.<\/p>\n                    <p>Nous commandons une belle journ\u00e9e ensoleill\u00e9e afin que, une fois leurs achats effectu\u00e9s, plusieurs des artisanes pr\u00e9sentes s\u2019installent avec leurs tabourets, tables et carreaux dans tous les espaces disponibles et sur les vastes terrains\n                      du Centre des arts populaires pour croiser les fuseaux ou manier l\u2019aiguille.<\/p>\n                    <p>Cette ann\u00e9e, pour les repas, nous innovons. En effet, lors du dernier march\u00e9 de No\u00ebl du Centre des arts populaires, un couple d\u2019origine fran\u00e7aise (Corinne et Bruno) avait pris en charge le casse-croute. C\u2019\u00e9tait fabuleux et succulent.\n                      Ils sont de retour et offriront&nbsp;: potage, hotdog \u00e0 la fran\u00e7aise (avec pain pr\u00e9par\u00e9 et cuit sur place), cr\u00eapes europ\u00e9ennes sal\u00e9es (champignon, jambon et fromage) ou sucr\u00e9es et caf\u00e9 pression. Un vrai d\u00e9lice.<\/p>\n                    <p>La <strong><em>Journ\u00e9e des dentelli\u00e8res et des brodeuses<\/em><\/strong> invite aussi le public \u00e0 participer \u00e0 la f\u00eate sous la grande vo\u00fbte du Centre des arts populaires, situ\u00e9 au 725 du boulevard Louis-Fr\u00e9chette \u00e0 Nicolet (route 132).\n                      La Journ\u00e9e des dentelli\u00e8res et des&nbsp;brodeuses accueillera le public de 10&nbsp;h \u00e0 16&nbsp;h et le co\u00fbt d\u2019entr\u00e9e est de 5 $.<\/p>\n                  <\/div>\n                <\/div>\n              <\/div>\n            <\/div>\n          <\/div>\n          <div class=\"h-column h-column-container d-flex h-col-lg-auto h-col-md-auto h-col-auto style-1859-outer style-local-160073-c6-outer\">\n            <div data-colibri-id=\"160073-c6\" class=\"d-flex h-flex-basis h-column__inner h-px-lg-2 h-px-md-2 h-px-2 v-inner-lg-2 v-inner-md-2 v-inner-2 style-1859 style-local-160073-c6 position-relative\">\n              <!---->\n              <!---->\n              <div class=\"w-100 h-y-container h-column__content h-column__v-align flex-basis-100 align-self-lg-start align-self-md-start align-self-start\">\n                <!---->\n                <div data-colibri-id=\"160073-c7\" class=\"d-block style-1861 style-local-160073-c7 position-relative h-element\">\n                  <!---->\n                  <div class=\"h-image__frame-container-outer\">\n                    <a href=\"http:\/\/artspopulaires.org\/wp-content\/uploads\/2023\/05\/Affiche.png\" h-use-smooth-scroll=\"true\" class=\"image-link\">\n                      <div class=\"h-image__frame-container\">\n                        <!---->\n                        <!---->\n                        <img fetchpriority=\"high\" decoding=\"async\" width=\"1100\" height=\"1700\" src=\"http:\/\/artspopulaires.org\/wp-content\/uploads\/2023\/05\/Affiche.png\" class=\"wp-image-160065 style-1861-image style-local-160073-c7-image\" alt=\"\" srcset=\"https:\/\/artspopulaires.org\/wp-content\/uploads\/2023\/05\/Affiche.png 1100w, https:\/\/artspopulaires.org\/wp-content\/uploads\/2023\/05\/Affiche-194x300.png 194w, https:\/\/artspopulaires.org\/wp-content\/uploads\/2023\/05\/Affiche-663x1024.png 663w, https:\/\/artspopulaires.org\/wp-content\/uploads\/2023\/05\/Affiche-768x1187.png 768w, https:\/\/artspopulaires.org\/wp-content\/uploads\/2023\/05\/Affiche-994x1536.png 994w\" sizes=\"(max-width: 1100px) 100vw, 1100px\" \/>\n                        <div class=\"h-image__frame h-hide-lg h-hide-md h-hide-sm style-1861-frameImage style-local-160073-c7-frameImage\"><\/div>\n                      <\/div>\n                    <\/a>\n                  <\/div>\n                <\/div>\n              <\/div>\n            <\/div>\n          <\/div>\n        <\/div>\n      <\/div>\n    <\/div>\n  <\/div>\n  <div data-colibri-component=\"section\" data-colibri-id=\"160073-c8\" id=\"custom-2\" class=\"h-section h-section-global-spacing d-flex align-items-lg-center align-items-md-center align-items-center style-1862 style-local-160073-c8 position-relative\">\n    <!---->\n    <!---->\n    <div class=\"h-section-grid-container h-section-boxed-container\">\n      <!---->\n      <div data-colibri-id=\"160073-c9\" class=\"h-row-container gutters-row-lg-0 gutters-row-md-0 gutters-row-0 gutters-row-v-lg-0 gutters-row-v-md-0 gutters-row-v-0 style-1863 style-local-160073-c9 position-relative\">\n        <!---->\n        <div class=\"h-row justify-content-lg-center justify-content-md-center justify-content-center align-items-lg-stretch align-items-md-stretch align-items-stretch gutters-col-lg-0 gutters-col-md-0 gutters-col-0 gutters-col-v-lg-0 gutters-col-v-md-0 gutters-col-v-0\">\n          <!---->\n          <div class=\"h-column h-column-container d-flex h-col-lg-auto h-col-md-auto h-col-auto style-1864-outer style-local-160073-c10-outer\">\n            <div data-colibri-id=\"160073-c10\" class=\"d-flex h-flex-basis h-column__inner h-px-lg-2 h-px-md-2 h-px-2 v-inner-lg-2 v-inner-md-2 v-inner-2 style-1864 style-local-160073-c10 position-relative\">\n              <!---->\n              <!---->\n              <div class=\"w-100 h-y-container h-column__content h-column__v-align flex-basis-100 align-self-lg-start align-self-md-start align-self-start\">\n                <!---->\n                <div data-colibri-id=\"160073-c11\" class=\"d-block style-1865 style-local-160073-c11 position-relative h-element\">\n                  <!---->\n                  <div class=\"h-image__frame-container-outer\">\n                    <div class=\"h-image__frame-container\">\n                      <!---->\n                      <!---->\n                      <img decoding=\"async\" width=\"720\" height=\"720\" src=\"http:\/\/artspopulaires.org\/wp-content\/uploads\/2021\/05\/Image-document.png\" class=\"wp-image-158208 style-1865-image style-local-160073-c11-image\" alt=\"\" srcset=\"https:\/\/artspopulaires.org\/wp-content\/uploads\/2021\/05\/Image-document.png 720w, https:\/\/artspopulaires.org\/wp-content\/uploads\/2021\/05\/Image-document-300x300.png 300w, https:\/\/artspopulaires.org\/wp-content\/uploads\/2021\/05\/Image-document-150x150.png 150w\" sizes=\"(max-width: 720px) 100vw, 720px\" \/>\n                      <div class=\"h-image__frame h-hide-lg h-hide-md h-hide-sm style-1865-frameImage style-local-160073-c11-frameImage\"><\/div>\n                    <\/div>\n                    <div class=\"style-1865-caption style-local-160073-c11-caption\">\n                      Fiche d&rsquo;inscription\n                    <\/div>\n                  <\/div>\n                <\/div>\n              <\/div>\n            <\/div>\n          <\/div>\n        <\/div>\n      <\/div>\n      <div data-colibri-id=\"160073-c12\" class=\"h-row-container gutters-row-lg-2 gutters-row-md-2 gutters-row-0 gutters-row-v-lg-2 gutters-row-v-md-2 gutters-row-v-2 style-1866 style-local-160073-c12 position-relative\">\n        <!---->\n        <div class=\"h-row justify-content-lg-center justify-content-md-center justify-content-center align-items-lg-stretch align-items-md-stretch align-items-stretch gutters-col-lg-2 gutters-col-md-2 gutters-col-0 gutters-col-v-lg-2 gutters-col-v-md-2 gutters-col-v-2\">\n          <!---->\n          <div class=\"h-column h-column-container d-flex h-col-lg-auto h-col-md-auto h-col-auto style-1867-outer style-local-160073-c13-outer\">\n            <div data-colibri-id=\"160073-c13\" class=\"d-flex h-flex-basis h-column__inner h-px-lg-2 h-px-md-2 h-px-2 v-inner-lg-2 v-inner-md-2 v-inner-2 style-1867 style-local-160073-c13 position-relative\">\n              <!---->\n              <!---->\n              <div class=\"w-100 h-y-container h-column__content h-column__v-align flex-basis-100 align-self-lg-start align-self-md-start align-self-start\">\n                <!---->\n                <div data-colibri-id=\"160073-c14\" class=\"h-x-container style-1868 style-local-160073-c14 position-relative h-element\">\n                  <!---->\n                  <div class=\"h-x-container-inner style-dynamic-160073-c14-group style-1868-spacing style-local-160073-c14-spacing\"><span class=\"h-button__outer style-1869-outer style-local-160073-c15-outer d-inline-flex h-element\"><a h-use-smooth-scroll=\"true\" href=\"http:\/\/artspopulaires.org\/wp-content\/uploads\/2023\/05\/Fiche-dinscription-2023.pdf\"  data-colibri-id=\"160073-c15\" class=\"d-flex w-100 align-items-center h-button justify-content-lg-center justify-content-md-center justify-content-center style-1869 style-local-160073-c15 position-relative\"><!----><!----> <span>T\u00e9l\u00e9charger (.pdf)<\/span><\/a>\n                    <\/span>\n                  <\/div>\n                <\/div>\n              <\/div>\n            <\/div>\n          <\/div>\n        <\/div>\n      <\/div>\n    <\/div>\n  <\/div>\n<\/div>","protected":false},"excerpt":{"rendered":"<p>Pour une nouvelle fois, le Centre des arts populaires de Nicolet s\u2019associe au collectif Accros du fuseau et organise la Journ\u00e9e des dentelli\u00e8res et des brodeuses&nbsp;le samedi 10 juin 2023 de 10&nbsp;h \u00e0 16&nbsp;h. La Journ\u00e9e des dentelli\u00e8res et des brodeuses de Nicolet, c\u2019est une grande foire publique autour de la dentelle et de la [&hellip;]<\/p>\n","protected":false},"author":1,"featured_media":0,"parent":0,"menu_order":0,"comment_status":"closed","ping_status":"closed","template":"page-templates\/full-width-page.php","meta":{"footnotes":""},"_links":{"self":[{"href":"https:\/\/artspopulaires.org\/index.php?rest_route=\/wp\/v2\/pages\/160073"}],"collection":[{"href":"https:\/\/artspopulaires.org\/index.php?rest_route=\/wp\/v2\/pages"}],"about":[{"href":"https:\/\/artspopulaires.org\/index.php?rest_route=\/wp\/v2\/types\/page"}],"author":[{"embeddable":true,"href":"https:\/\/artspopulaires.org\/index.php?rest_route=\/wp\/v2\/users\/1"}],"replies":[{"embeddable":true,"href":"https:\/\/artspopulaires.org\/index.php?rest_route=%2Fwp%2Fv2%2Fcomments&post=160073"}],"version-history":[{"count":3,"href":"https:\/\/artspopulaires.org\/index.php?rest_route=\/wp\/v2\/pages\/160073\/revisions"}],"predecessor-version":[{"id":160099,"href":"https:\/\/artspopulaires.org\/index.php?rest_route=\/wp\/v2\/pages\/160073\/revisions\/160099"}],"wp:attachment":[{"href":"https:\/\/artspopulaires.org\/index.php?rest_route=%2Fwp%2Fv2%2Fmedia&parent=160073"}],"curies":[{"name":"wp","href":"https:\/\/api.w.org\/{rel}","templated":true}]}}