{"id":159999,"date":"2023-03-29T19:01:58","date_gmt":"2023-03-29T18:01:58","guid":{"rendered":"https:\/\/artspopulaires.org\/?page_id=159999"},"modified":"2023-11-07T19:48:34","modified_gmt":"2023-11-07T18:48:34","slug":"15e-rendez-vous-des-peintres-sogetel-2","status":"publish","type":"page","link":"https:\/\/artspopulaires.org\/?page_id=159999","title":{"rendered":"16e Rendez-vous des Peintres Sogetel"},"content":{"rendered":"<div data-colibri-id=\"159999-c1\" class=\"style-1804 style-local-159999-c1 position-relative\">\n  <!---->\n  <div data-colibri-component=\"section\" data-colibri-id=\"159999-c2\" id=\"custom\" class=\"h-section h-section-global-spacing d-flex align-items-lg-center align-items-md-center align-items-center style-1805 style-local-159999-c2 position-relative\">\n    <!---->\n    <!---->\n    <div class=\"h-section-grid-container h-section-boxed-container\">\n      <!---->\n      <div data-colibri-id=\"159999-c3\" class=\"h-row-container gutters-row-lg-2 gutters-row-md-2 gutters-row-0 gutters-row-v-lg-2 gutters-row-v-md-2 gutters-row-v-2 style-1806 style-local-159999-c3 position-relative\">\n        <!---->\n        <div class=\"h-row justify-content-lg-center justify-content-md-center justify-content-center align-items-lg-stretch align-items-md-stretch align-items-stretch gutters-col-lg-2 gutters-col-md-2 gutters-col-0 gutters-col-v-lg-2 gutters-col-v-md-2 gutters-col-v-2\">\n          <!---->\n          <div class=\"h-column h-column-container d-flex h-col-lg-auto h-col-md-auto h-col-auto style-1807-outer style-local-159999-c4-outer\">\n            <div data-colibri-id=\"159999-c4\" class=\"d-flex h-flex-basis h-column__inner h-px-lg-2 h-px-md-2 h-px-2 v-inner-lg-2 v-inner-md-2 v-inner-2 style-1807 style-local-159999-c4 position-relative\">\n              <!---->\n              <!---->\n              <div class=\"w-100 h-y-container h-column__content h-column__v-align flex-basis-100 align-self-lg-start align-self-md-start align-self-start\">\n                <!---->\n                <div data-colibri-id=\"159999-c5\" class=\"h-text h-text-component style-1808 style-local-159999-c5 position-relative h-element\">\n                  <!---->\n                  <!---->\n                  <div class=\"\">\n                    <p><span style=\"color: rgb(50, 49, 49); font-family: Adamina; font-size: 18px; font-weight: 400;\">C\u2019est la fin de semaine des 17, 18 et 19 novembre 2023 que se tiendra la 16e \u00e9dition du Rendez-vous des Peintres Sogetel. <\/span><\/p>\n                    <p>\n                      <br>\n                    <\/p>\n                    <p>Le Rendez-vous des peintres SOGETEL est une exposition collective d\u2019artistes en arts visuels pr\u00e9sent\u00e9e annuellement dans le Centre des arts populaires de Nicolet. Commenc\u00e9 humblement en 2008 avec des artistes provenant principalement\n                      de Nicolet et sa r\u00e9gion imm\u00e9diate, l\u2019\u00e9v\u00e9nement est devenu la plus importante exposition collective \u00e0 se tenir sur le territoire de la MRC Nicolet-Yamaska. Au fil des ans, le nombre d\u2019exposants \u00e0 augment\u00e9 jusqu\u2019\u00e0 atteindre 36 artistes\n                      provenant de 7 r\u00e9gions administratives diff\u00e9rentes. De plus, chaque ann\u00e9e, un artiste invit\u00e9 par l\u2019organisation s\u2019ajoute aux exposants.<\/p>\n                    <p>\n                      <br>\n                    <\/p>\n                    <p>En 2023, ce sont 18 artistes-peintres qui pr\u00e9senteront leurs oeuvres sous la vo\u00fbte du Centre des arts populaires. Dans la salle Jean-Paul Charland, les cr\u00e9ations de notre artiste invit\u00e9e Anne Ren\u00e9 de Cotret seront mises en valeur.\n                      Pr\u00e9sente \u00e0 chacune de nos \u00e9ditions, cette artiste nicol\u00e9taine ne cesse de se r\u00e9inventer. D\u2019ann\u00e9e en ann\u00e9e, sa production est en constante \u00e9volution affirmant, chaque fois, une signature unique.<\/p>\n                    <p><span style=\"font-family: Adamina; color: rgb(50, 49, 49);\"> <\/span> <span style=\"font-family: &quot;Playfair Display&quot;; font-size: 98%;\"> <\/span><\/p>\n                  <\/div>\n                <\/div>\n              <\/div>\n            <\/div>\n          <\/div>\n          <div class=\"h-column h-column-container d-flex h-col-lg-auto h-col-md-auto h-col-auto style-1897-outer style-local-159999-c31-outer\">\n            <div data-colibri-id=\"159999-c31\" class=\"d-flex h-flex-basis h-column__inner h-px-lg-0 h-px-md-0 h-px-0 v-inner-lg-0 v-inner-md-0 v-inner-0 style-1897 style-local-159999-c31 position-relative\">\n              <!---->\n              <!---->\n              <div class=\"w-100 h-y-container h-column__content h-column__v-align flex-basis-100 align-self-lg-start align-self-md-start align-self-start\">\n                <!---->\n                <div data-colibri-id=\"159999-c32\" class=\"d-block style-1898 style-local-159999-c32 position-relative h-element\">\n                  <!---->\n                  <div class=\"h-image__frame-container-outer\">\n                    <a href=\"https:\/\/artspopulaires.org\/wp-content\/uploads\/2023\/11\/Affiche-RDV-2023-scaled.jpg\" target=\"_blank\" h-use-smooth-scroll=\"true\" class=\"image-link\" rel=\"noopener\">\n                      <div class=\"h-image__frame-container\">\n                        <!---->\n                        <!---->\n                        <img fetchpriority=\"high\" decoding=\"async\" width=\"1656\" height=\"2560\" src=\"http:\/\/artspopulaires.org\/wp-content\/uploads\/2023\/11\/Affiche-RDV-2023-scaled.jpg\" class=\"wp-image-160174 style-1898-image style-local-159999-c32-image\" alt=\"\" srcset=\"https:\/\/artspopulaires.org\/wp-content\/uploads\/2023\/11\/Affiche-RDV-2023-scaled.jpg 1656w, https:\/\/artspopulaires.org\/wp-content\/uploads\/2023\/11\/Affiche-RDV-2023-194x300.jpg 194w, https:\/\/artspopulaires.org\/wp-content\/uploads\/2023\/11\/Affiche-RDV-2023-663x1024.jpg 663w, https:\/\/artspopulaires.org\/wp-content\/uploads\/2023\/11\/Affiche-RDV-2023-768x1187.jpg 768w, https:\/\/artspopulaires.org\/wp-content\/uploads\/2023\/11\/Affiche-RDV-2023-994x1536.jpg 994w, https:\/\/artspopulaires.org\/wp-content\/uploads\/2023\/11\/Affiche-RDV-2023-1325x2048.jpg 1325w\" sizes=\"(max-width: 1656px) 100vw, 1656px\" \/>\n                        <div class=\"h-image__frame h-hide-lg h-hide-md h-hide-sm style-1898-frameImage style-local-159999-c32-frameImage\"><\/div>\n                      <\/div>\n                    <\/a>\n                  <\/div>\n                <\/div>\n              <\/div>\n            <\/div>\n          <\/div>\n        <\/div>\n      <\/div>\n    <\/div>\n  <\/div>\n  <div data-colibri-component=\"section\" data-colibri-id=\"159999-c6\" id=\"custom-2\" class=\"h-section h-section-global-spacing d-flex align-items-lg-center align-items-md-center align-items-center style-1818 style-local-159999-c6 position-relative\">\n    <!---->\n    <!---->\n    <div class=\"h-section-grid-container h-section-boxed-container\">\n      <!---->\n      <div data-colibri-id=\"159999-c7\" class=\"h-row-container gutters-row-lg-2 gutters-row-md-2 gutters-row-0 gutters-row-v-lg-2 gutters-row-v-md-2 gutters-row-v-2 style-1819 style-local-159999-c7 position-relative\">\n        <!---->\n        <div class=\"h-row justify-content-lg-center justify-content-md-center justify-content-center align-items-lg-stretch align-items-md-stretch align-items-stretch gutters-col-lg-2 gutters-col-md-2 gutters-col-0 gutters-col-v-lg-2 gutters-col-v-md-2 gutters-col-v-2\">\n          <!---->\n          <div class=\"h-column h-column-container d-flex h-col-lg-auto h-col-md-auto h-col-auto style-1820-outer style-local-159999-c8-outer\">\n            <div data-colibri-id=\"159999-c8\" class=\"d-flex h-flex-basis h-column__inner h-px-lg-2 h-px-md-2 h-px-2 v-inner-lg-2 v-inner-md-2 v-inner-2 style-1820 style-local-159999-c8 position-relative\">\n              <!---->\n              <!---->\n              <div class=\"w-100 h-y-container h-column__content h-column__v-align flex-basis-100 align-self-lg-start align-self-md-start align-self-start\">\n                <!---->\n                <div data-colibri-id=\"159999-c9\" class=\"d-block style-1821 style-local-159999-c9 position-relative h-element\">\n                  <!---->\n                  <div class=\"h-image__frame-container-outer\">\n                    <div class=\"h-image__frame-container\">\n                      <!---->\n                      <!---->\n                      <img decoding=\"async\" width=\"720\" height=\"720\" src=\"http:\/\/artspopulaires.org\/wp-content\/uploads\/2021\/05\/Image-document.png\" class=\"wp-image-158208 style-1821-image style-local-159999-c9-image\" alt=\"\" srcset=\"https:\/\/artspopulaires.org\/wp-content\/uploads\/2021\/05\/Image-document.png 720w, https:\/\/artspopulaires.org\/wp-content\/uploads\/2021\/05\/Image-document-300x300.png 300w, https:\/\/artspopulaires.org\/wp-content\/uploads\/2021\/05\/Image-document-150x150.png 150w\" sizes=\"(max-width: 720px) 100vw, 720px\" \/>\n                      <div class=\"h-image__frame h-hide-lg h-hide-md h-hide-sm style-1821-frameImage style-local-159999-c9-frameImage\"><\/div>\n                    <\/div>\n                    <div class=\"style-1821-caption style-local-159999-c9-caption\">\n                      Fiche d&rsquo;inscription des artistes-peintres\n                    <\/div>\n                  <\/div>\n                <\/div>\n                <div data-colibri-id=\"159999-c10\" class=\"h-x-container style-1822 style-local-159999-c10 position-relative h-element\">\n                  <!---->\n                  <div class=\"h-x-container-inner style-dynamic-159999-c10-group style-1822-spacing style-local-159999-c10-spacing\"><span class=\"h-button__outer style-1823-outer style-local-159999-c11-outer d-inline-flex h-element\"><a h-use-smooth-scroll=\"true\" href=\"http:\/\/artspopulaires.org\/wp-content\/uploads\/2023\/03\/Fiche-dinscription-2023.pdf\" target=\"_blank\" data-colibri-id=\"159999-c11\" class=\"d-flex w-100 align-items-center h-button justify-content-lg-center justify-content-md-center justify-content-center style-1823 style-local-159999-c11 position-relative\" rel=\"noopener\"><!----><!----> <span>T\u00e9l\u00e9charger (.pdf)<\/span><\/a>\n                    <\/span>\n                  <\/div>\n                <\/div>\n              <\/div>\n            <\/div>\n          <\/div>\n          <div class=\"h-column h-column-container d-flex h-col-lg-auto h-col-md-auto h-col-auto style-1820-outer style-local-159999-c12-outer\">\n            <div data-colibri-id=\"159999-c12\" class=\"d-flex h-flex-basis h-column__inner h-px-lg-2 h-px-md-2 h-px-2 v-inner-lg-2 v-inner-md-2 v-inner-2 style-1820 style-local-159999-c12 position-relative\">\n              <!---->\n              <!---->\n              <div class=\"w-100 h-y-container h-column__content h-column__v-align flex-basis-100 align-self-lg-start align-self-md-start align-self-start\">\n                <!---->\n                <div data-colibri-id=\"159999-c13\" class=\"d-block style-1821 style-local-159999-c13 position-relative h-element\">\n                  <!---->\n                  <div class=\"h-image__frame-container-outer\">\n                    <div class=\"h-image__frame-container\">\n                      <!---->\n                      <!---->\n                      <img decoding=\"async\" width=\"720\" height=\"720\" src=\"http:\/\/artspopulaires.org\/wp-content\/uploads\/2021\/05\/Image-document.png\" class=\"wp-image-158208 style-1821-image style-local-159999-c13-image\" alt=\"\" srcset=\"https:\/\/artspopulaires.org\/wp-content\/uploads\/2021\/05\/Image-document.png 720w, https:\/\/artspopulaires.org\/wp-content\/uploads\/2021\/05\/Image-document-300x300.png 300w, https:\/\/artspopulaires.org\/wp-content\/uploads\/2021\/05\/Image-document-150x150.png 150w\" sizes=\"(max-width: 720px) 100vw, 720px\" \/>\n                      <div class=\"h-image__frame h-hide-lg h-hide-md h-hide-sm style-1821-frameImage style-local-159999-c13-frameImage\"><\/div>\n                    <\/div>\n                    <div class=\"style-1821-caption style-local-159999-c13-caption\">\n                      R\u00e8glements \u00e0 l&rsquo;attention des artistes-peintres\n                    <\/div>\n                  <\/div>\n                <\/div>\n                <div data-colibri-id=\"159999-c14\" class=\"h-x-container style-1822 style-local-159999-c14 position-relative h-element\">\n                  <!---->\n                  <div class=\"h-x-container-inner style-dynamic-159999-c14-group style-1822-spacing style-local-159999-c14-spacing\"><span class=\"h-button__outer style-1823-outer style-local-159999-c15-outer d-inline-flex h-element\"><a h-use-smooth-scroll=\"true\" href=\"http:\/\/artspopulaires.org\/wp-content\/uploads\/2023\/03\/Informations-et-reglements.pdf\" target=\"_blank\" data-colibri-id=\"159999-c15\" class=\"d-flex w-100 align-items-center h-button justify-content-lg-center justify-content-md-center justify-content-center style-1823 style-local-159999-c15 position-relative\" rel=\"noopener\"><!----><!----> <span>T\u00e9l\u00e9charger (.pdf)<\/span><\/a>\n                    <\/span>\n                  <\/div>\n                <\/div>\n              <\/div>\n            <\/div>\n          <\/div>\n          <div class=\"h-column h-column-container d-flex h-col-lg-auto h-col-md-auto h-col-auto style-1820-outer style-local-159999-c16-outer\">\n            <div data-colibri-id=\"159999-c16\" class=\"d-flex h-flex-basis h-column__inner h-px-lg-2 h-px-md-2 h-px-2 v-inner-lg-2 v-inner-md-2 v-inner-2 style-1820 style-local-159999-c16 position-relative\">\n              <!---->\n              <!---->\n              <div class=\"w-100 h-y-container h-column__content h-column__v-align flex-basis-100 align-self-lg-start align-self-md-start align-self-start\">\n                <!---->\n                <div data-colibri-id=\"159999-c17\" class=\"d-block style-1824 style-local-159999-c17 position-relative h-element\">\n                  <!---->\n                  <div class=\"h-image__frame-container-outer\">\n                    <div class=\"h-image__frame-container\">\n                      <!---->\n                      <!---->\n                      <img loading=\"lazy\" decoding=\"async\" width=\"720\" height=\"720\" src=\"http:\/\/artspopulaires.org\/wp-content\/uploads\/2021\/05\/Image-document.png\" class=\"wp-image-158208 style-1824-image style-local-159999-c17-image\" alt=\"\" srcset=\"https:\/\/artspopulaires.org\/wp-content\/uploads\/2021\/05\/Image-document.png 720w, https:\/\/artspopulaires.org\/wp-content\/uploads\/2021\/05\/Image-document-300x300.png 300w, https:\/\/artspopulaires.org\/wp-content\/uploads\/2021\/05\/Image-document-150x150.png 150w\" sizes=\"(max-width: 720px) 100vw, 720px\" \/>\n                      <div class=\"h-image__frame h-hide-lg h-hide-md h-hide-sm style-1824-frameImage style-local-159999-c17-frameImage\"><\/div>\n                    <\/div>\n                    <div class=\"style-1824-caption style-local-159999-c17-caption\">\n                      S\u00e9lection des artistes-peintres\n                    <\/div>\n                  <\/div>\n                <\/div>\n                <div data-colibri-id=\"159999-c18\" class=\"h-x-container style-1822 style-local-159999-c18 position-relative h-element\">\n                  <!---->\n                  <div class=\"h-x-container-inner style-dynamic-159999-c18-group style-1822-spacing style-local-159999-c18-spacing\"><span class=\"h-button__outer style-1825-outer style-local-159999-c19-outer d-inline-flex h-element\"><a h-use-smooth-scroll=\"true\" href=\"http:\/\/artspopulaires.org\/wp-content\/uploads\/2023\/03\/Selection-des-artistes-exposants.pdf\" target=\"_blank\" data-colibri-id=\"159999-c19\" class=\"d-flex w-100 align-items-center h-button justify-content-lg-center justify-content-md-center justify-content-center style-1825 style-local-159999-c19 position-relative\" rel=\"noopener\"><!----><!----> <span>T\u00e9l\u00e9charger (.pdf)<\/span><\/a>\n                    <\/span>\n                  <\/div>\n                <\/div>\n              <\/div>\n            <\/div>\n          <\/div>\n        <\/div>\n      <\/div>\n    <\/div>\n  <\/div>\n  <div data-colibri-component=\"section\" data-colibri-id=\"159999-c24\" id=\"custom-3\" class=\"h-section h-section-global-spacing d-flex align-items-lg-center align-items-md-center align-items-center style-1830 style-local-159999-c24 position-relative\">\n    <!---->\n    <!---->\n    <div class=\"h-section-grid-container h-section-boxed-container\">\n      <!---->\n      <div data-colibri-id=\"159999-c25\" class=\"h-row-container gutters-row-lg-2 gutters-row-md-2 gutters-row-0 gutters-row-v-lg-2 gutters-row-v-md-2 gutters-row-v-2 style-1831 style-local-159999-c25 position-relative\">\n        <!---->\n        <div class=\"h-row justify-content-lg-center justify-content-md-center justify-content-center align-items-lg-stretch align-items-md-stretch align-items-stretch gutters-col-lg-2 gutters-col-md-2 gutters-col-0 gutters-col-v-lg-2 gutters-col-v-md-2 gutters-col-v-2\">\n          <!---->\n          <div class=\"h-column h-column-container d-flex h-col-lg-auto h-col-md-auto h-col-auto style-1832-outer style-local-159999-c26-outer\">\n            <div data-colibri-id=\"159999-c26\" class=\"d-flex h-flex-basis h-column__inner h-px-lg-2 h-px-md-2 h-px-2 v-inner-lg-2 v-inner-md-2 v-inner-2 style-1832 style-local-159999-c26 position-relative\">\n              <!---->\n              <!---->\n              <div class=\"w-100 h-y-container h-column__content h-column__v-align flex-basis-100 align-self-lg-start align-self-md-start align-self-start\">\n                <!---->\n                <div data-colibri-id=\"159999-c27\" class=\"h-text h-text-component style-1833 style-local-159999-c27 position-relative h-element\">\n                  <!---->\n                  <!---->\n                  <div class=\"\">\n                    <p>Merci \u00e0 nos partenaires<\/p>\n                  <\/div>\n                <\/div>\n              <\/div>\n            <\/div>\n          <\/div>\n        <\/div>\n      <\/div>\n      <div data-colibri-id=\"159999-c28\" class=\"h-row-container gutters-row-lg-2 gutters-row-md-2 gutters-row-0 gutters-row-v-lg-2 gutters-row-v-md-2 gutters-row-v-2 style-1834 style-local-159999-c28 position-relative\">\n        <!---->\n        <div class=\"h-row justify-content-lg-center justify-content-md-center justify-content-center align-items-lg-stretch align-items-md-stretch align-items-stretch gutters-col-lg-2 gutters-col-md-2 gutters-col-0 gutters-col-v-lg-2 gutters-col-v-md-2 gutters-col-v-2\">\n          <!---->\n          <div class=\"h-column h-column-container d-flex h-col-lg-auto h-col-md-auto h-col-auto style-1835-outer style-local-159999-c29-outer\">\n            <div data-colibri-id=\"159999-c29\" class=\"d-flex h-flex-basis h-column__inner h-px-lg-2 h-px-md-2 h-px-2 v-inner-lg-2 v-inner-md-2 v-inner-2 style-1835 style-local-159999-c29 position-relative\">\n              <!---->\n              <!---->\n              <div class=\"w-100 h-y-container h-column__content h-column__v-align flex-basis-100 align-self-lg-center align-self-md-center align-self-center\">\n                <!---->\n                <div data-colibri-id=\"159999-c30\" class=\"d-block style-1836 style-local-159999-c30 position-relative h-element\">\n                  <!---->\n                  <div class=\"h-image__frame-container-outer\">\n                    <div class=\"h-image__frame-container\">\n                      <!---->\n                      <!---->\n                      <img loading=\"lazy\" decoding=\"async\" width=\"2000\" height=\"200\" src=\"http:\/\/artspopulaires.org\/wp-content\/uploads\/2018\/11\/sogetel-logo_4.jpg\" class=\"wp-image-1321 style-1836-image style-local-159999-c30-image\" alt=\"\" srcset=\"https:\/\/artspopulaires.org\/wp-content\/uploads\/2018\/11\/sogetel-logo_4.jpg 2000w, https:\/\/artspopulaires.org\/wp-content\/uploads\/2018\/11\/sogetel-logo_4-300x30.jpg 300w, https:\/\/artspopulaires.org\/wp-content\/uploads\/2018\/11\/sogetel-logo_4-768x77.jpg 768w, https:\/\/artspopulaires.org\/wp-content\/uploads\/2018\/11\/sogetel-logo_4-1024x102.jpg 1024w, https:\/\/artspopulaires.org\/wp-content\/uploads\/2018\/11\/sogetel-logo_4-150x15.jpg 150w\" sizes=\"(max-width: 2000px) 100vw, 2000px\" \/>\n                      <div class=\"h-image__frame h-hide-lg h-hide-md h-hide-sm style-1836-frameImage style-local-159999-c30-frameImage\"><\/div>\n                    <\/div>\n                  <\/div>\n                <\/div>\n              <\/div>\n            <\/div>\n          <\/div>\n        <\/div>\n      <\/div>\n    <\/div>\n  <\/div>\n<\/div>","protected":false},"excerpt":{"rendered":"<p>C\u2019est la fin de semaine des 17, 18 et 19 novembre 2023 que se tiendra la 16e \u00e9dition du Rendez-vous des Peintres Sogetel. Le Rendez-vous des peintres SOGETEL est une exposition collective d\u2019artistes en arts visuels pr\u00e9sent\u00e9e annuellement dans le Centre des arts populaires de Nicolet. Commenc\u00e9 humblement en 2008 avec des artistes provenant principalement [&hellip;]<\/p>\n","protected":false},"author":1,"featured_media":0,"parent":0,"menu_order":0,"comment_status":"closed","ping_status":"closed","template":"page-templates\/full-width-page.php","meta":{"footnotes":""},"_links":{"self":[{"href":"https:\/\/artspopulaires.org\/index.php?rest_route=\/wp\/v2\/pages\/159999"}],"collection":[{"href":"https:\/\/artspopulaires.org\/index.php?rest_route=\/wp\/v2\/pages"}],"about":[{"href":"https:\/\/artspopulaires.org\/index.php?rest_route=\/wp\/v2\/types\/page"}],"author":[{"embeddable":true,"href":"https:\/\/artspopulaires.org\/index.php?rest_route=\/wp\/v2\/users\/1"}],"replies":[{"embeddable":true,"href":"https:\/\/artspopulaires.org\/index.php?rest_route=%2Fwp%2Fv2%2Fcomments&post=159999"}],"version-history":[{"count":8,"href":"https:\/\/artspopulaires.org\/index.php?rest_route=\/wp\/v2\/pages\/159999\/revisions"}],"predecessor-version":[{"id":160197,"href":"https:\/\/artspopulaires.org\/index.php?rest_route=\/wp\/v2\/pages\/159999\/revisions\/160197"}],"wp:attachment":[{"href":"https:\/\/artspopulaires.org\/index.php?rest_route=%2Fwp%2Fv2%2Fmedia&parent=159999"}],"curies":[{"name":"wp","href":"https:\/\/api.w.org\/{rel}","templated":true}]}}