{"id":159311,"date":"2021-10-18T21:42:17","date_gmt":"2021-10-18T20:42:17","guid":{"rendered":"https:\/\/artspopulaires.org\/?page_id=159311"},"modified":"2021-10-18T21:59:42","modified_gmt":"2021-10-18T20:59:42","slug":"salon-des-arts-populaires-desjardins-2021","status":"publish","type":"page","link":"https:\/\/artspopulaires.org\/?page_id=159311","title":{"rendered":"Salon des arts populaires Desjardins 2021"},"content":{"rendered":"<div data-colibri-id=\"159311-c1\" class=\"style-1563 style-local-159311-c1 position-relative\">\n  <!---->\n  <div data-colibri-component=\"section\" data-colibri-id=\"159311-c2\" id=\"custom\" class=\"h-section h-section-global-spacing d-flex align-items-lg-center align-items-md-center align-items-center style-1567 style-local-159311-c2 position-relative\">\n    <!---->\n    <!---->\n    <div class=\"h-section-grid-container h-section-boxed-container\">\n      <!---->\n      <div data-colibri-id=\"159311-c3\" class=\"h-row-container gutters-row-lg-2 gutters-row-md-2 gutters-row-0 gutters-row-v-lg-2 gutters-row-v-md-2 gutters-row-v-2 style-1570 style-local-159311-c3 position-relative\">\n        <!---->\n        <div class=\"h-row justify-content-lg-center justify-content-md-center justify-content-center align-items-lg-stretch align-items-md-stretch align-items-stretch gutters-col-lg-2 gutters-col-md-2 gutters-col-0 gutters-col-v-lg-2 gutters-col-v-md-2 gutters-col-v-2\">\n          <!---->\n          <div class=\"h-column h-column-container d-flex h-col-lg-auto h-col-md-auto h-col-auto style-1571-outer style-local-159311-c4-outer\">\n            <div data-colibri-id=\"159311-c4\" class=\"d-flex h-flex-basis h-column__inner h-px-lg-2 h-px-md-2 h-px-2 v-inner-lg-2 v-inner-md-2 v-inner-2 style-1571 style-local-159311-c4 position-relative\">\n              <!---->\n              <!---->\n              <div class=\"w-100 h-y-container h-column__content h-column__v-align flex-basis-100 align-self-lg-start align-self-md-start align-self-start\">\n                <!---->\n                <div data-colibri-id=\"159311-c5\" class=\"d-block style-1573 style-local-159311-c5 position-relative h-element\">\n                  <!---->\n                  <div class=\"h-image__frame-container-outer\">\n                    <div class=\"h-image__frame-container\">\n                      <!---->\n                      <!---->\n                      <img fetchpriority=\"high\" decoding=\"async\" width=\"601\" height=\"271\" src=\"http:\/\/artspopulaires.org\/wp-content\/uploads\/2015\/04\/Salon-des-arts-pop.png\" class=\"wp-image-688 style-1573-image style-local-159311-c5-image\" alt=\"\" srcset=\"https:\/\/artspopulaires.org\/wp-content\/uploads\/2015\/04\/Salon-des-arts-pop.png 601w, https:\/\/artspopulaires.org\/wp-content\/uploads\/2015\/04\/Salon-des-arts-pop-300x135.png 300w, https:\/\/artspopulaires.org\/wp-content\/uploads\/2015\/04\/Salon-des-arts-pop-250x113.png 250w, https:\/\/artspopulaires.org\/wp-content\/uploads\/2015\/04\/Salon-des-arts-pop-150x68.png 150w\" sizes=\"(max-width: 601px) 100vw, 601px\" \/>\n                      <div class=\"h-image__frame h-hide-lg h-hide-md h-hide-sm style-1573-frameImage style-local-159311-c5-frameImage\"><\/div>\n                    <\/div>\n                  <\/div>\n                <\/div>\n                <div data-colibri-id=\"159311-c6\" class=\"h-text h-text-component style-1572 style-local-159311-c6 position-relative h-element\">\n                  <!---->\n                  <!---->\n                  <div class=\"\">\n                    <p><strong style=\"font-weight: 700; font-size: 129%;\">Samedi 27 novembre et dimanche 28 novembre 2021<\/strong><\/p>\n                    <p>\n                      <br>\n                    <\/p>\n                    <p>Apr\u00e8s une ann\u00e9e de rel\u00e2che, c\u2019est le retour du salon de No\u00ebl du Centre des arts populaires. L\u2019\u00e9v\u00e9nement s\u2019adresse aux artisans, aux organismes communautaires et aux groupes scolaires r\u00e9alisant des \u0153uvres originales pouvant s\u2019offrir\n                      en cadeau.<\/p>\n                    <p>\n                      <br>\n                    <\/p>\n                    <p>Compte tenu des restrictions sanitaires, il n\u2019y aura qu\u2019une vingtaine d\u2019espaces d\u2019exposition disponibles. Chacun des espaces est form\u00e9 d\u2019une cloison de 10 pieds de large X 8 pieds de haut en panneaux perfor\u00e9s et d\u2019une table de 8 pieds\n                      de large par 30 pouces de profondeur. Chaque espace co\u00fbte 90$. Nous vous recommandons de pr\u00e9voir de l\u2019\u00e9clairage additionnel pour votre kiosque (des d\u00e9corations de No\u00ebl peuvent aussi \u00eatre envisag\u00e9es \uf04a).<\/p>\n                    <p>\n                      <br>\n                    <\/p>\n                    <p>L\u2019installation des kiosques par les artistes et artisans pourra se faire le samedi 27 novembre \u00e0 compter de 8h00 (3 heures avant l\u2019ouverture au public)<\/p>\n                    <p>\n                      <br>\n                    <\/p>\n                    <p><strong style=\"font-weight: 700;\"><em>Heures d&rsquo;ouverture au public<\/em><\/strong><\/p>\n                    <ul>\n                      <li>Samedi 27 novembre de 11h00 \u00e0 16h00;<\/li>\n                      <li>Dimanche 28 novembre de 11h00 \u00e0 16h00.<\/li>\n                    <\/ul>\n                    <p>\n                      <br>\n                    <\/p>\n                    <p>Le SALON des ARTS POPULAIRES DESJARDINS n\u2019est pas un march\u00e9 aux puces. Les personnes ou groupes r\u00e9alisant eux-m\u00eames des \u0153uvres, objets ou produits faits \u00e0 la main seront favoris\u00e9s.<\/p>\n                    <p>\n                      <br>\n                    <\/p>\n                    <p>Pour vous inscrire, vous n\u2019avez qu\u2019\u00e0 remplir la fiche d\u2019inscription et \u00e0 nous la retourner avec votre paiement. Pour plus d&rsquo;informations, veuillez communiquer avec Bernard Brochu au 819 293-4646, ou par courriel au artspopulaires@sogetel.net.&nbsp;<\/p>\n                    <p><strong style=\"font-weight: 700;\"><em>Fiche d&rsquo;inscription&nbsp;<\/em><\/strong><\/p>\n                    <ul>\n                      <li>\n                        <a href=\"https:\/\/artspopulaires.org\/wp-content\/uploads\/2021\/10\/Fiche-Salon-2021.docx\" target=\"_blank\" class=\"customize-unpreviewable\" rel=\"noopener\">Format Word (.doc)<\/a>\n                      <\/li>\n                      <li>\n                        <a href=\"https:\/\/artspopulaires.org\/wp-content\/uploads\/2021\/10\/Fiche-Salon-2021.pdf\" target=\"_blank\" class=\"customize-unpreviewable\" rel=\"noopener\">Format Pdf<\/a>\n                      <\/li>\n                    <\/ul>\n                    <p>\n                      <br>\n                    <\/p>\n                    <p>\n                      <br>\n                    <\/p>\n                  <\/div>\n                <\/div>\n              <\/div>\n            <\/div>\n          <\/div>\n        <\/div>\n      <\/div>\n    <\/div>\n  <\/div>\n<\/div>","protected":false},"excerpt":{"rendered":"<p>Samedi 27 novembre et dimanche 28 novembre 2021 Apr\u00e8s une ann\u00e9e de rel\u00e2che, c\u2019est le retour du salon de No\u00ebl du Centre des arts populaires. L\u2019\u00e9v\u00e9nement s\u2019adresse aux artisans, aux organismes communautaires et aux groupes scolaires r\u00e9alisant des \u0153uvres originales pouvant s\u2019offrir en cadeau. Compte tenu des restrictions sanitaires, il n\u2019y aura qu\u2019une vingtaine d\u2019espaces [&hellip;]<\/p>\n","protected":false},"author":1,"featured_media":0,"parent":0,"menu_order":0,"comment_status":"closed","ping_status":"closed","template":"page-templates\/full-width-page.php","meta":{"footnotes":""},"_links":{"self":[{"href":"https:\/\/artspopulaires.org\/index.php?rest_route=\/wp\/v2\/pages\/159311"}],"collection":[{"href":"https:\/\/artspopulaires.org\/index.php?rest_route=\/wp\/v2\/pages"}],"about":[{"href":"https:\/\/artspopulaires.org\/index.php?rest_route=\/wp\/v2\/types\/page"}],"author":[{"embeddable":true,"href":"https:\/\/artspopulaires.org\/index.php?rest_route=\/wp\/v2\/users\/1"}],"replies":[{"embeddable":true,"href":"https:\/\/artspopulaires.org\/index.php?rest_route=%2Fwp%2Fv2%2Fcomments&post=159311"}],"version-history":[{"count":4,"href":"https:\/\/artspopulaires.org\/index.php?rest_route=\/wp\/v2\/pages\/159311\/revisions"}],"predecessor-version":[{"id":159347,"href":"https:\/\/artspopulaires.org\/index.php?rest_route=\/wp\/v2\/pages\/159311\/revisions\/159347"}],"wp:attachment":[{"href":"https:\/\/artspopulaires.org\/index.php?rest_route=%2Fwp%2Fv2%2Fmedia&parent=159311"}],"curies":[{"name":"wp","href":"https:\/\/api.w.org\/{rel}","templated":true}]}}