{"id":159203,"date":"2021-09-21T05:59:19","date_gmt":"2021-09-21T04:59:19","guid":{"rendered":"https:\/\/artspopulaires.org\/?page_id=159203"},"modified":"2021-10-06T04:51:56","modified_gmt":"2021-10-06T03:51:56","slug":"la-foret-interdite","status":"publish","type":"page","link":"https:\/\/artspopulaires.org\/?page_id=159203","title":{"rendered":"La for\u00eat interdite"},"content":{"rendered":"<div data-colibri-id=\"159203-c1\" class=\"style-1540 style-local-159203-c1 position-relative\">\n  <!---->\n  <div data-colibri-component=\"section\" data-colibri-id=\"159203-c2\" id=\"custom\" class=\"h-section h-section-global-spacing d-flex align-items-lg-center align-items-md-center align-items-center style-1546 style-local-159203-c2 position-relative\">\n    <!---->\n    <!---->\n    <div class=\"h-section-grid-container h-section-boxed-container\">\n      <!---->\n      <div data-colibri-id=\"159203-c3\" class=\"h-row-container gutters-row-lg-2 gutters-row-md-2 gutters-row-0 gutters-row-v-lg-2 gutters-row-v-md-2 gutters-row-v-2 style-1547 style-local-159203-c3 position-relative\">\n        <!---->\n        <div class=\"h-row justify-content-lg-center justify-content-md-center justify-content-center align-items-lg-stretch align-items-md-stretch align-items-stretch gutters-col-lg-2 gutters-col-md-2 gutters-col-0 gutters-col-v-lg-2 gutters-col-v-md-2 gutters-col-v-2\">\n          <!---->\n          <div class=\"h-column h-column-container d-flex h-col-lg-auto h-col-md-auto h-col-auto style-1548-outer style-local-159203-c4-outer\">\n            <div data-colibri-id=\"159203-c4\" class=\"d-flex h-flex-basis h-column__inner h-px-lg-2 h-px-md-2 h-px-2 v-inner-lg-2 v-inner-md-2 v-inner-2 style-1548 style-local-159203-c4 position-relative\">\n              <!---->\n              <!---->\n              <div class=\"w-100 h-y-container h-column__content h-column__v-align flex-basis-100 align-self-lg-start align-self-md-start align-self-start\">\n                <!---->\n                <div data-colibri-id=\"159203-c5\" class=\"h-text h-text-component style-1551 style-local-159203-c5 position-relative h-element\">\n                  <!---->\n                  <!---->\n                  <div class=\"\">\n                    <p><span style=\"font-family: &quot;Playfair Display&quot;; color: rgb(50, 49, 49); font-size: 120%;\">Le Centre des arts populaires, en collaboration avec <\/span><em style=\"font-family: &quot;Playfair Display&quot;; color: rgb(50, 49, 49); font-size: 120%;\">L&rsquo;Enclave<\/em>\n                      <span\n                        style=\"font-family: &quot;Playfair Display&quot;; color: rgb(50, 49, 49); font-size: 120%;\"> et avec la g\u00e9n\u00e9reuse contribution de <\/span><em style=\"font-family: &quot;Playfair Display&quot;; color: rgb(50, 49, 49); font-size: 120%;\">Boutique Au Lit, <\/em><span style=\"font-family: &quot;Playfair Display&quot;; color: rgb(50, 49, 49); font-size: 120%;\">accueillera le samedi 30 octobre en soir\u00e9e les enfants de Nicolet et des environs pour un parcours anim\u00e9 et interactif inspir\u00e9 de l&rsquo;univers de&nbsp;<\/span>\n                        <em\n                          style=\"font-family: &quot;Playfair Display&quot;; color: rgb(50, 49, 49); font-size: 120%;\">Harry Potter<\/em><span style=\"font-family: &quot;Playfair Display&quot;; color: rgb(50, 49, 49); font-size: 120%;\">. Exceptionnellement, celui-ci se tiendra dans le Bois\u00e9 du S\u00e9minaire de Nicolet.<\/span><\/p>\n                    <p><strong style=\"font-family: &quot;Playfair Display&quot;; color: rgb(50, 49, 49); font-weight: 400; font-size: 120%;\">\ufeffIl y a deux ans, les \u00e9l\u00e8ves ont lib\u00e9r\u00e9 l&rsquo;\u00e9cole de magie de l\u2019emprise des forces du mal. Plusieurs crurent alors que s\u2019en \u00e9tait termin\u00e9 des sbires des t\u00e9n\u00e8bres. Or, il en fallait bien plus pour d\u00e9courager ces belliqueux personnages! R\u00e9cemment, des voyageurs rapport\u00e8rent que des ombres avaient \u00e9t\u00e9 aper\u00e7ues dans la for\u00eat interdite. Au m\u00eame moment, une \u00e9nergie puissante semble s\u2019\u00eatre r\u00e9veill\u00e9e. \u00c0 l\u2019initiative des professeurs de l\u2019\u00e9cole, des groupes d\u2019exp\u00e9dition furent organis\u00e9s afin d\u2019aller faire la lumi\u00e8re sur ce myst\u00e8re et emp\u00eacher le pire avant qu\u2019il ne survienne&#8230;<\/strong><\/p>\n                  <\/div>\n                <\/div>\n                <div data-colibri-id=\"159203-c6\" class=\"d-block style-1562 style-local-159203-c6 position-relative h-element\">\n                  <!---->\n                  <div class=\"h-image__frame-container-outer\">\n                    <div class=\"h-image__frame-container\">\n                      <!---->\n                      <!---->\n                      <img decoding=\"async\" src=\"https:\/\/artspopulaires.org\/wp-content\/uploads\/2021\/09\/baguette-300x55.jpg\" class=\"style-1562-image style-local-159203-c6-image\">\n                      <div class=\"h-image__frame h-hide-lg h-hide-md h-hide-sm style-1562-frameImage style-local-159203-c6-frameImage\"><\/div>\n                    <\/div>\n                  <\/div>\n                <\/div>\n              <\/div>\n            <\/div>\n          <\/div>\n          <div class=\"h-column h-column-container d-flex h-col-lg h-col-md-auto h-col-auto style-1549-outer style-local-159203-c7-outer\">\n            <div data-colibri-id=\"159203-c7\" class=\"d-flex h-flex-basis h-column__inner h-px-lg-2 h-px-md-2 h-px-2 v-inner-lg-2 v-inner-md-2 v-inner-2 style-1549 style-local-159203-c7 position-relative\">\n              <!---->\n              <!---->\n              <div class=\"w-100 h-y-container h-column__content h-column__v-align flex-basis-100 align-self-lg-start align-self-md-start align-self-start\">\n                <!---->\n                <div data-colibri-id=\"159203-c8\" class=\"d-block style-1550 style-local-159203-c8 position-relative h-element\">\n                  <!---->\n                  <div class=\"h-image__frame-container-outer\">\n                    <a href=\"http:\/\/artspopulaires.org\/wp-content\/uploads\/2021\/09\/Affiche-halloween-vert.jpg\" h-use-smooth-scroll=\"true\" class=\"image-link\">\n                      <div class=\"h-image__frame-container\">\n                        <!---->\n                        <!---->\n                        <img decoding=\"async\" src=\"https:\/\/artspopulaires.org\/wp-content\/uploads\/2021\/09\/Affiche-halloween-vert-641x1024.jpg\" class=\"style-1550-image style-local-159203-c8-image\">\n                        <div class=\"h-image__frame h-hide-lg h-hide-md h-hide-sm style-1550-frameImage style-local-159203-c8-frameImage\"><\/div>\n                      <\/div>\n                    <\/a>\n                  <\/div>\n                <\/div>\n              <\/div>\n            <\/div>\n          <\/div>\n        <\/div>\n      <\/div>\n      <div data-colibri-id=\"159203-c9\" class=\"h-row-container gutters-row-lg-2 gutters-row-md-2 gutters-row-0 gutters-row-v-lg-2 gutters-row-v-md-2 gutters-row-v-2 style-1560 style-local-159203-c9 position-relative\">\n        <!---->\n        <div class=\"h-row justify-content-lg-center justify-content-md-center justify-content-center align-items-lg-stretch align-items-md-stretch align-items-stretch gutters-col-lg-2 gutters-col-md-2 gutters-col-0 gutters-col-v-lg-2 gutters-col-v-md-2 gutters-col-v-2\">\n          <!---->\n          <div class=\"h-column h-column-container d-flex h-col-lg-auto h-col-md-auto h-col-auto style-1561-outer style-local-159203-c10-outer\">\n            <div data-colibri-id=\"159203-c10\" class=\"d-flex h-flex-basis h-column__inner h-px-lg-2 h-px-md-2 h-px-2 v-inner-lg-2 v-inner-md-2 v-inner-2 style-1561 style-local-159203-c10 position-relative\">\n              <!---->\n              <!---->\n              <div class=\"w-100 h-y-container h-column__content h-column__v-align flex-basis-100 align-self-lg-start align-self-md-start align-self-start\">\n                <!---->\n                <div data-colibri-id=\"159203-c11\" class=\"h-text h-text-component style-1555 style-local-159203-c11 position-relative h-element\">\n                  <!---->\n                  <!---->\n                  <div class=\"\">\n                    <p><strong style=\"font-family: Playfair Display; color: rgb(50, 49, 49); font-weight: 400; font-size: 187%;\"><em><u>Informations<\/u><\/em><\/strong><\/p>\n                    <ul>\n                      <li><span style=\"font-size: 118%; color: rgb(50, 49, 49); font-family: Playfair Display;\">Parcours tenu le <\/span>\n                        <u style=\"font-size: 118%; color: rgb(50, 49, 49); font-family: Playfair Display;\">samedi 30 octobre entre 17h15 et 22h00<\/u><span style=\"font-size: 118%; color: rgb(50, 49, 49); font-family: Playfair Display;\">. La dur\u00e9e du parcours est d&rsquo;environ 1h30. Trois d\u00e9parts sont pr\u00e9vus \u00e0 l&rsquo;horaire : \ufeff17h15, 18h50, 20h25. L&rsquo;heure du d\u00e9part est fix\u00e9e au moment de la r\u00e9servation. En cas de forte pluie, l&rsquo;\u00e9v\u00e9nement est report\u00e9 au samedi 6 novembre.&nbsp;<\/span><\/li>\n                      <li><span style=\"font-size: 118%; color: rgb(50, 49, 49); font-family: Playfair Display;\">Pour les enfants de <\/span>\n                        <u style=\"font-size: 118%; color: rgb(50, 49, 49); font-family: Playfair Display;\">6 \u00e0 12 ans<\/u><span style=\"font-size: 118%; color: rgb(50, 49, 49); font-family: Playfair Display;\">. Le parcours se veut familial et ax\u00e9 sur le myst\u00e8re et la magie. Il ne s&rsquo;agit pas d&rsquo;un parcours d&rsquo;horreur.<\/span><\/li>\n                      <li><span style=\"font-size: 118%; color: rgb(50, 49, 49); font-family: Playfair Display;\">Le co\u00fbt d&rsquo;entr\u00e9e est de <\/span>\n                        <u style=\"font-size: 118%; color: rgb(50, 49, 49); font-family: Playfair Display;\">15$ (taxes incluses) par enfant participant<\/u><span style=\"font-size: 118%; color: rgb(50, 49, 49); font-family: Playfair Display;\">. Gratuit pour les adultes accompagnateurs. <\/span>\n                        <u style=\"font-size: 118%; color: rgb(50, 49, 49); font-family: Playfair Display;\">La r\u00e9servation pr\u00e9alable est exig\u00e9e<\/u><span style=\"font-size: 118%; color: rgb(50, 49, 49); font-family: Playfair Display;\"> et, si elle est effectu\u00e9e avant le 20 octobre, les enfants participants recevront une lettre d&rsquo;invitation par la poste.<\/span><\/li>\n                      <li><span style=\"font-size: 118%; color: rgb(50, 49, 49); font-family: Playfair Display;\">Selon les exigences de la Sant\u00e9 publique, les individus de 13 ans et plus doivent <\/span>\n                        <u style=\"font-size: 118%; color: rgb(50, 49, 49); font-family: Playfair Display;\">obligatoirement pr\u00e9senter leur passeport vaccinal<\/u><span style=\"font-size: 118%; color: rgb(50, 49, 49); font-family: Playfair Display;\"> \u00e0 l&rsquo;entr\u00e9e du site.<\/span><\/li>\n                      <li><span style=\"font-size: 118%; color: rgb(50, 49, 49); font-family: Playfair Display;\">Le parcours est exclusivement tenu \u00e0 l&rsquo;ext\u00e9rieur du Centre des arts populaires, dans le Bois\u00e9 du S\u00e9minaire. Habillez-vous chaudement!<\/span><\/li>\n                    <\/ul>\n                    <p>\n                      <br>\n                    <\/p>\n                    <p><strong style=\"font-size: 29.92px; font-weight: 400; color: rgb(50, 49, 49); font-family: Playfair Display;\"><em><u>R\u00e9servation<\/u><\/em><\/strong><\/p>\n                    <ul>\n                      <li><span style=\"color: rgb(50, 49, 49); font-family: Playfair Display; font-size: 118%;\">LES R\u00c9SERVATIONS SONT D\u00c9SORMAIS FERM\u00c9ES. TOUTES LES PLACES FURENT COMBL\u00c9ES.<\/span><\/li>\n                    <\/ul>\n                  <\/div>\n                <\/div>\n              <\/div>\n            <\/div>\n          <\/div>\n        <\/div>\n      <\/div>\n    <\/div>\n  <\/div>\n  <div data-colibri-component=\"section\" data-colibri-id=\"159203-c12\" id=\"custom-2\" class=\"h-section h-section-global-spacing d-flex align-items-lg-center align-items-md-center align-items-center style-1552 style-local-159203-c12 position-relative\">\n    <!---->\n    <!---->\n    <div class=\"h-section-grid-container h-section-boxed-container\">\n      <!---->\n      <div data-colibri-id=\"159203-c13\" class=\"h-row-container gutters-row-lg-2 gutters-row-md-2 gutters-row-0 gutters-row-v-lg-2 gutters-row-v-md-2 gutters-row-v-2 style-1553 style-local-159203-c13 position-relative\">\n        <!---->\n        <div class=\"h-row justify-content-lg-center justify-content-md-center justify-content-center align-items-lg-stretch align-items-md-stretch align-items-stretch gutters-col-lg-2 gutters-col-md-2 gutters-col-0 gutters-col-v-lg-2 gutters-col-v-md-2 gutters-col-v-2\">\n          <!---->\n          <div class=\"h-column h-column-container d-flex h-col-lg-auto h-col-md-auto h-col-auto style-1554-outer style-local-159203-c14-outer\">\n            <div data-colibri-id=\"159203-c14\" class=\"d-flex h-flex-basis h-column__inner h-ui-empty-state-container h-px-lg-2 h-px-md-2 h-px-2 v-inner-lg-2 v-inner-md-2 v-inner-2 style-1554 style-local-159203-c14 position-relative\">\n              <!---->\n              <!---->\n              <div class=\"w-100 h-y-container h-column__content h-column__v-align flex-basis-100\">\n                <!---->\n              <\/div>\n            <\/div>\n          <\/div>\n        <\/div>\n      <\/div>\n    <\/div>\n  <\/div>\n<\/div>","protected":false},"excerpt":{"rendered":"<p>Le Centre des arts populaires, en collaboration avec L&rsquo;Enclave et avec la g\u00e9n\u00e9reuse contribution de Boutique Au Lit, accueillera le samedi 30 octobre en soir\u00e9e les enfants de Nicolet et des environs pour un parcours anim\u00e9 et interactif inspir\u00e9 de l&rsquo;univers de&nbsp; Harry Potter. Exceptionnellement, celui-ci se tiendra dans le Bois\u00e9 du S\u00e9minaire de Nicolet. [&hellip;]<\/p>\n","protected":false},"author":1,"featured_media":0,"parent":0,"menu_order":0,"comment_status":"closed","ping_status":"closed","template":"page-templates\/full-width-page.php","meta":{"footnotes":""},"_links":{"self":[{"href":"https:\/\/artspopulaires.org\/index.php?rest_route=\/wp\/v2\/pages\/159203"}],"collection":[{"href":"https:\/\/artspopulaires.org\/index.php?rest_route=\/wp\/v2\/pages"}],"about":[{"href":"https:\/\/artspopulaires.org\/index.php?rest_route=\/wp\/v2\/types\/page"}],"author":[{"embeddable":true,"href":"https:\/\/artspopulaires.org\/index.php?rest_route=\/wp\/v2\/users\/1"}],"replies":[{"embeddable":true,"href":"https:\/\/artspopulaires.org\/index.php?rest_route=%2Fwp%2Fv2%2Fcomments&post=159203"}],"version-history":[{"count":11,"href":"https:\/\/artspopulaires.org\/index.php?rest_route=\/wp\/v2\/pages\/159203\/revisions"}],"predecessor-version":[{"id":159290,"href":"https:\/\/artspopulaires.org\/index.php?rest_route=\/wp\/v2\/pages\/159203\/revisions\/159290"}],"wp:attachment":[{"href":"https:\/\/artspopulaires.org\/index.php?rest_route=%2Fwp%2Fv2%2Fmedia&parent=159203"}],"curies":[{"name":"wp","href":"https:\/\/api.w.org\/{rel}","templated":true}]}}