{"id":159079,"date":"2021-06-04T07:47:49","date_gmt":"2021-06-04T06:47:49","guid":{"rendered":"http:\/\/artspopulaires.org\/?page_id=159079"},"modified":"2021-06-07T02:19:27","modified_gmt":"2021-06-07T01:19:27","slug":"a-propos-de-nous","status":"publish","type":"page","link":"https:\/\/artspopulaires.org\/?page_id=159079","title":{"rendered":"\u00c0 propos de nous"},"content":{"rendered":"<div data-colibri-id=\"159079-c1\" class=\"style-1478 style-local-159079-c1 position-relative\">\n  <!---->\n  <div data-colibri-component=\"section\" data-colibri-id=\"159079-c2\" id=\"reusable-sections\" class=\"h-section h-section-global-spacing d-flex align-items-lg-center align-items-md-center align-items-center style-1479 style-local-159079-c2 position-relative\">\n    <div class=\"background-wrapper\">\n      <div class=\"background-layer background-layer-media-container-lg\">\n        <!---->\n        <div class=\"overlay-layer\">\n          <div class=\"overlay-image-layer\" style=\"background-color: rgb(0, 0, 0); opacity: 0.5;\"><\/div>\n        <\/div>\n      <\/div>\n      <div class=\"background-layer background-layer-media-container-md\">\n        <!---->\n        <div class=\"overlay-layer\">\n          <div class=\"overlay-image-layer\" style=\"background-color: rgb(0, 0, 0); opacity: 0.5;\"><\/div>\n        <\/div>\n      <\/div>\n      <div class=\"background-layer background-layer-media-container\">\n        <!---->\n        <div class=\"overlay-layer\">\n          <div class=\"overlay-image-layer\" style=\"background-color: rgb(0, 0, 0); opacity: 0.5;\"><\/div>\n        <\/div>\n      <\/div>\n    <\/div>\n    <!---->\n    <div class=\"h-section-grid-container h-section-fluid-container\">\n      <!---->\n      <div data-colibri-id=\"159079-c3\" class=\"h-row-container gutters-row-lg-2 gutters-row-md-2 gutters-row-0 gutters-row-v-lg-2 gutters-row-v-md-2 gutters-row-v-2 style-1480 style-local-159079-c3 position-relative\">\n        <!---->\n        <div class=\"h-row justify-content-lg-center justify-content-md-center justify-content-center align-items-lg-stretch align-items-md-stretch align-items-stretch gutters-col-lg-2 gutters-col-md-2 gutters-col-0 gutters-col-v-lg-2 gutters-col-v-md-2 gutters-col-v-2\">\n          <!---->\n          <div class=\"h-column h-column-container d-flex h-col-lg-auto h-col-md-auto h-col-auto style-1481-outer style-local-159079-c4-outer\">\n            <div data-colibri-id=\"159079-c4\" class=\"d-flex h-flex-basis h-column__inner h-px-lg-2 h-px-md-2 h-px-2 v-inner-lg-2 v-inner-md-2 v-inner-2 style-1481 style-local-159079-c4 position-relative\">\n              <!---->\n              <!---->\n              <div class=\"w-100 h-y-container h-column__content h-column__v-align flex-basis-100 align-self-lg-start align-self-md-start align-self-start\">\n                <!---->\n                <div data-colibri-id=\"159079-c5\" class=\"h-global-transition-all h-heading style-1482 style-local-159079-c5 position-relative h-element\">\n                  <!---->\n                  <div class=\"h-heading__outer style-1482 style-local-159079-c5\">\n                    <!---->\n                    <!---->\n                    <h1 class=\"\">\u00e0 propos de nous<\/h1>\n                  <\/div>\n                <\/div>\n              <\/div>\n            <\/div>\n          <\/div>\n        <\/div>\n      <\/div>\n    <\/div>\n  <\/div>\n  <div data-colibri-component=\"section\" data-colibri-id=\"159079-c6\" id=\"custom\" class=\"h-section h-section-global-spacing d-flex align-items-lg-center align-items-md-center align-items-center style-1483 style-local-159079-c6 position-relative\">\n    <!---->\n    <!---->\n    <div class=\"h-section-grid-container h-section-boxed-container\">\n      <!---->\n      <div data-colibri-id=\"159079-c7\" class=\"h-row-container gutters-row-lg-2 gutters-row-md-2 gutters-row-0 gutters-row-v-lg-2 gutters-row-v-md-2 gutters-row-v-2 style-1486 style-local-159079-c7 position-relative\">\n        <!---->\n        <div class=\"h-row justify-content-lg-center justify-content-md-center justify-content-center align-items-lg-stretch align-items-md-stretch align-items-stretch gutters-col-lg-2 gutters-col-md-2 gutters-col-0 gutters-col-v-lg-2 gutters-col-v-md-2 gutters-col-v-2\">\n          <!---->\n          <div class=\"h-column h-column-container d-flex h-col-lg-auto h-col-md-auto h-col-auto style-1487-outer style-local-159079-c8-outer\">\n            <div data-colibri-id=\"159079-c8\" class=\"d-flex h-flex-basis h-column__inner h-px-lg-2 h-px-md-2 h-px-2 v-inner-lg-2 v-inner-md-2 v-inner-2 style-1487 style-local-159079-c8 position-relative\">\n              <!---->\n              <!---->\n              <div class=\"w-100 h-y-container h-column__content h-column__v-align flex-basis-100 align-self-lg-start align-self-md-start align-self-start\">\n                <!---->\n                <div data-colibri-id=\"159079-c9\" class=\"h-text h-text-component style-1488 style-local-159079-c9 position-relative h-element\">\n                  <!---->\n                  <!---->\n                  <div class=\"\">\n                    <p><em style=\"font-size: 150%;\">L\u2019anc\u00eatre du centre des arts populaires : le Centre catholique<\/em><\/p>\n                    <p>L\u2019histoire du Centre des arts populaires c\u2019est aussi l\u2019histoire du Centre catholique.<\/p>\n                    <p>Une histoire qui commence dans l\u2019avant-midi du 12 novembre 1955. En ce samedi, \u00e0 11 h 45, dans un grand fatras et un gros nuage de poussi\u00e8re, deux des plus prestigieux \u00e9difices de la ville se liqu\u00e9fient et coulent dans la rivi\u00e8re.\n                      En quinze minutes, l\u2019\u00c9cole des fr\u00e8res et les deux tiers de l\u2019\u00c9v\u00each\u00e9 disparaissent, emportant au passage trois vies et quelques maisons. Cet important glissement de terrain \u00e9pargne l\u2019immense cath\u00e9drale qui reste l\u00e0, dress\u00e9e devant\n                      le vide.<\/p>\n                    <p>Le tout jeune \u00e9v\u00eaque de Nicolet, Mgr Albertus Martin, vient de perdre son palais \u00e9piscopal. \u00c9branl\u00e9, il d\u00e9cide de d\u00e9molir sa cath\u00e9drale. Une cath\u00e9drale encore toute neuve ; elle n\u2019a que quarante-cinq ans. L\u2019histoire des cath\u00e9drales\n                      de Nicolet est presque rocambolesque. En seulement 70 ans d\u2019existence (1885), le dioc\u00e8se de Nicolet aura vu se succ\u00e9der quatre cath\u00e9drales. Une long\u00e9vit\u00e9 moyenne de moins de 18 ans par \u00e9difice, un v\u00e9ritable roman feuilleton.<\/p>\n                    <p>Quoi qu\u2019il en soit et heureusement, il est d\u00e9cid\u00e9 de r\u00e9cup\u00e9rer plusieurs \u00e9l\u00e9ments de cette quatri\u00e8me cath\u00e9drale pour \u00e9difier un lieu de culte temporaire : le Centre catholique. C\u2019est ainsi que la belle vo\u00fbte richement ouvrag\u00e9e, r\u00e9alis\u00e9e\n                      au tout d\u00e9but du XXe si\u00e8cle dans les ateliers nicol\u00e9tains de la Compagnie Caron et fils, a droit \u00e0 une nouvelle vie.<\/p>\n                    <p>Inaugur\u00e9 en 1957, le Centre catholique est un b\u00e2timent unique appel\u00e9 \u00e0 remplacer la cath\u00e9drale, l\u2019\u00e9cole et l\u2019\u00e9v\u00each\u00e9. C\u2019est, dans sa conception m\u00eame, un \u00e9difice polyvalent et multidisciplinaire. Apr\u00e8s la construction du nouvel \u00e9v\u00each\u00e9,\n                      de la nouvelle cath\u00e9drale et de l\u2019\u00e9cole Cur\u00e9-Brassard, il devient le si\u00e8ge de la pastorale dioc\u00e9saine et de plusieurs organismes de bienfaisance ou sociaux. La grande salle, d\u00e9sacralis\u00e9e, devient un lieu de rencontre naturel pour\n                      la communaut\u00e9.<\/p>\n                    <p>Avec la baisse de la pratique religieuse et, cons\u00e9quemment, des revenus, le Centre catholique devient un insoutenable fardeau pour le dioc\u00e8se. On doit lui trouver une nouvelle mission ou il sera d\u00e9moli.<\/p>\n                    <p>\n                      <br>\n                    <\/p>\n                    <p><em style=\"font-size: 150%;\">Le Centre des arts populaires : L\u00e0 o\u00f9 le pass\u00e9 a de l\u2019avenir<\/em><\/p>\n                    <p>En 2007, un citoyen monte un projet d\u2019acquisition du b\u00e2timent pour en faire un centre culturel, communautaire et social. Ses d\u00e9marches portent fruits. L\u2019organisme qu&rsquo;est le \u00ab\u00a0Centre des arts populaires de Nicolet\u00a0\u00bb est incorpor\u00e9 en mars\n                      2008. En mai de la m\u00eame ann\u00e9e, l\u2019OBNL devient propri\u00e9taire du b\u00e2timent.<\/p>\n                    <p>Depuis, une toute petite \u00e9quipe s\u2019att\u00e8le \u00e0 la difficile t\u00e2che de la reconversion de l\u2019ancien b\u00e2timent religieux. 12 ans plus tard, nous pouvons dire \u00ab\u00a0mission accomplie\u00a0\u00bb. Nous sommes, avec le Mus\u00e9e des cultures du Monde, le Mus\u00e9e des\n                      Ab\u00e9nakis d\u2019Odanak, les Archives r\u00e9gionales S\u00e9minaire de Nicolet, le Th\u00e9\u00e2tre Belcourt et la Maison et Atelier Rodolphe-Duguay, l\u2019un des Grands Diffuseurs Culturels accr\u00e9dit\u00e9s par la MRC Nicolet-Yamaska.<\/p>\n                    <p>Le Centre des arts populaires est un centre de diffusion, de cr\u00e9ation et de formation pluridisciplinaire. On y organise des expositions d\u2019artistes en arts visuels, mais \u00e9galement de dentelles et broderies, de courtepointes, de tissage\n                      et d\u2019artisans. On peut y entendre des spectacles de musiques populaires et des concerts classiques. Et on y vient \u00e0 l\u2019\u00e9cole, ou pour un cours de chorale, de yoga, de Baladi, de tissage ou de RCR. On y vient aussi pour une r\u00e9union,\n                      un party, un mariage, un banquet, une f\u00eate de famille, une activit\u00e9 b\u00e9n\u00e9fice, un bapt\u00eame ou une apr\u00e8s-fun\u00e9railles. Le Centre des arts populaire est un \u00e9quipement collectif au service de toute sa communaut\u00e9.<\/p>\n                    <p>\u00c0 partir de 2014, avec l\u2019arriv\u00e9e des activit\u00e9s du Th\u00e9\u00e2tre incarn\u00e9 de l\u2019Enclave, le b\u00e2timent tout entier devient une grande sc\u00e8ne. Dans cet univers, ou le Centre des arts populaires est le palais du royaume d\u2019\u00c9b\u00e8ne, jusqu&rsquo;\u00e0 150 participants\n                      d&rsquo;horizons vari\u00e9s et provenant de tout le Qu\u00e9bec convergent mensuellement pour incarner un personnage dans un sc\u00e9nario fictif inspir\u00e9 de l&rsquo;Europe de la Renaissance. Cette g\u00e9n\u00e9reuse communaut\u00e9 de l\u2019Enclave a contribu\u00e9 \u00e0 une lev\u00e9e\n                      de fonds qui permet aujourd&rsquo;hui une profonde refonte de certains locaux. Tout l\u2019argent qu\u2019ils versent est directement investi dans la cr\u00e9ation de surprenants espaces qui ne seront que de nouveaux terrains de jeux.<\/p>\n                    <p>Notre fonctionnement est en grande partie assur\u00e9 gr\u00e2ce au soutien financier et \u00e0 la collaboration de la Ville de Nicolet. Des entreprises locales mettent aussi l\u2019\u00e9paule \u00e0 la roue, dont nos principaux partenaires que sont Desjardins,\n                      Sogetel, Promutuel et Auger Automobiles. Finalement, ce sont de plus petites entreprises, des particuliers, nos membres, nos b\u00e9n\u00e9voles et aussi, bien entendu, nos utilisateurs qui permettent au Centre des arts populaires de r\u00e9aliser\n                      sa mission : Conserver, animer et faire rayonner le b\u00e2timent autrefois appel\u00e9 Centre catholique.<\/p>\n                  <\/div>\n                <\/div>\n              <\/div>\n            <\/div>\n          <\/div>\n        <\/div>\n      <\/div>\n    <\/div>\n  <\/div>\n<\/div>","protected":false},"excerpt":{"rendered":"<p>\u00e0 propos de nous L\u2019anc\u00eatre du centre des arts populaires : le Centre catholique L\u2019histoire du Centre des arts populaires c\u2019est aussi l\u2019histoire du Centre catholique. Une histoire qui commence dans l\u2019avant-midi du 12 novembre 1955. En ce samedi, \u00e0 11 h 45, dans un grand fatras et un gros nuage de poussi\u00e8re, deux des [&hellip;]<\/p>\n","protected":false},"author":1,"featured_media":0,"parent":0,"menu_order":0,"comment_status":"closed","ping_status":"closed","template":"page-templates\/full-width-page.php","meta":{"footnotes":""},"_links":{"self":[{"href":"https:\/\/artspopulaires.org\/index.php?rest_route=\/wp\/v2\/pages\/159079"}],"collection":[{"href":"https:\/\/artspopulaires.org\/index.php?rest_route=\/wp\/v2\/pages"}],"about":[{"href":"https:\/\/artspopulaires.org\/index.php?rest_route=\/wp\/v2\/types\/page"}],"author":[{"embeddable":true,"href":"https:\/\/artspopulaires.org\/index.php?rest_route=\/wp\/v2\/users\/1"}],"replies":[{"embeddable":true,"href":"https:\/\/artspopulaires.org\/index.php?rest_route=%2Fwp%2Fv2%2Fcomments&post=159079"}],"version-history":[{"count":5,"href":"https:\/\/artspopulaires.org\/index.php?rest_route=\/wp\/v2\/pages\/159079\/revisions"}],"predecessor-version":[{"id":159138,"href":"https:\/\/artspopulaires.org\/index.php?rest_route=\/wp\/v2\/pages\/159079\/revisions\/159138"}],"wp:attachment":[{"href":"https:\/\/artspopulaires.org\/index.php?rest_route=%2Fwp%2Fv2%2Fmedia&parent=159079"}],"curies":[{"name":"wp","href":"https:\/\/api.w.org\/{rel}","templated":true}]}}