{"id":1206,"date":"2018-01-11T19:36:44","date_gmt":"2018-01-11T18:36:44","guid":{"rendered":"http:\/\/artspopulaires.org\/?page_id=1206"},"modified":"2018-11-05T19:10:58","modified_gmt":"2018-11-05T18:10:58","slug":"programmation-2018","status":"publish","type":"page","link":"https:\/\/artspopulaires.org\/?page_id=1206","title":{"rendered":"Programmation 2018"},"content":{"rendered":"<p style=\"text-align: justify;\">En plus d\u2019\u00eatre le propri\u00e9taire de l\u2019un des b\u00e2timents patrimoniaux les plus remarquables du Centre-du-Qu\u00e9bec, le centre des arts populaires de Nicolet est aussi un organisme \u00e0 but non lucratif vou\u00e9 \u00e0 l\u2019enrichissement de la culture et de la communaut\u00e9. \u00c0 chaque ann\u00e9e, la direction du centre organise et fait la promotion d\u2019\u00e9v\u00e9nements soulignant la cr\u00e9ativit\u00e9 des Nicol\u00e9tains et des environs.<\/p>\n<p><em><strong>Calendrier des \u00e9v\u00e9nements<\/strong><\/em><\/p>\n<p>Dans le cadre de notre programmation 2018, nos principaux \u00e9v\u00e9nements seront les suivants :<\/p>\n<h5>2018<\/h5>\n<ul>\n<li><em>20 janvier, 24 f\u00e9vrier, 24 mars, 28 avril, 2\u00a0juin, 23 juin, 30\u00a0juin, 22\u00a0septembre, 20\u00a0octobre, 1<sup>er<\/sup>\u00a0d\u00e9cembre 2018<\/em>\u00a0: <a href=\"http:\/\/projet-enclave.com\/\">Les tractations de l&rsquo;Enclave<\/a><\/li>\n<li><em>21 janvier<\/em> : <a href=\"https:\/\/www.facebook.com\/events\/378846649252076\/\">Tournoi de combats m\u00e9di\u00e9vaux<\/a><\/li>\n<li><em>Du\u00a0 5 au 9 mars<\/em>:<a href=\"http:\/\/artspopulaires.org\/?page_id=1220\"> La semaine des enfants<\/a><\/li>\n<li><em>20 mars <\/em>: <a href=\"http:\/\/artspopulaires.org\/?page_id=1225\">Soir\u00e9e de contes &#8211; Rivi\u00e8re rouge<\/a><\/li>\n<li><em>25 mars<\/em> : <a href=\"http:\/\/artspopulaires.org\/?page_id=1251\">Brunch b\u00e9n\u00e9fice 10e anniversaire<\/a><\/li>\n<li><em>29<\/em> mars<em> 19h30 <\/em>: Assembl\u00e9e g\u00e9n\u00e9rale du Centre des arts populaires<\/li>\n<li><em>30 mars et 1er avril <\/em>: <a href=\"http:\/\/artspopulaires.org\/?page_id=1255\">Exposition \u00ab\u00a0Bernard Brochu &#8211; Artiste multidisciplinaire\u00a0\u00bb<\/a><\/li>\n<li><em>7 avril <\/em>: <a href=\"http:\/\/artspopulaires.org\/?page_id=1261\">Concert du Conservatoire de musique de Trois-Rivi\u00e8res<\/a><\/li>\n<li><em>25 avril : <\/em>Vins d&rsquo;ailleurs et fromages d&rsquo;ici &#8211; Activit\u00e9 b\u00e9n\u00e9fice du Centre des arts populaires<\/li>\n<li><em>9 juin : <\/em><a href=\"http:\/\/artspopulaires.org\/?page_id=1273\">La Journ\u00e9e des Dentelli\u00e8res et des Brodeuses<\/a><\/li>\n<li><em>27 octobre : <\/em><a href=\"http:\/\/artspopulaires.org\/?page_id=1297\">L&rsquo;\u00c9cole des sorciers III<\/a><\/li>\n<li><em>16 au 18 novembre :<\/em> <a href=\"http:\/\/artspopulaires.org\/?page_id=1231\">Le 11e Rendez-vous des peintres Sogetel<\/a><\/li>\n<li><em>24 et 25 novembre <\/em>: <a href=\"http:\/\/artspopulaires.org\/?page_id=1280\">Le 9e Salon des arts populaires Desjardins<\/a><\/li>\n<li><em>8<\/em> <em>d\u00e9cembre<\/em> : <a href=\"http:\/\/artspopulaires.org\/?page_id=1313\">Party multi-entreprises 2018<\/a><\/li>\n<\/ul>\n<p>&nbsp;<\/p>\n<p>Pour en savoir plus, nous vous invitons \u00e0 consulter les pages correspondant \u00e0 chacune de ces activit\u00e9s lorsqu&rsquo;elles seront mises en ligne ou communiquez avec nous par t\u00e9l\u00e9phone (819 293-4646) ou par courriel (artspopulaires@sogetel.net).<\/p>\n","protected":false},"excerpt":{"rendered":"<p>En plus d\u2019\u00eatre le propri\u00e9taire de l\u2019un des b\u00e2timents patrimoniaux les plus remarquables du Centre-du-Qu\u00e9bec, le centre des arts populaires de Nicolet est aussi un organisme \u00e0 but non lucratif vou\u00e9 \u00e0 l\u2019enrichissement de la culture et de la communaut\u00e9. \u00c0 chaque ann\u00e9e, la direction du centre organise et fait la promotion d\u2019\u00e9v\u00e9nements soulignant la [&hellip;]<\/p>\n","protected":false},"author":1,"featured_media":0,"parent":0,"menu_order":0,"comment_status":"closed","ping_status":"closed","template":"","meta":{"footnotes":""},"_links":{"self":[{"href":"https:\/\/artspopulaires.org\/index.php?rest_route=\/wp\/v2\/pages\/1206"}],"collection":[{"href":"https:\/\/artspopulaires.org\/index.php?rest_route=\/wp\/v2\/pages"}],"about":[{"href":"https:\/\/artspopulaires.org\/index.php?rest_route=\/wp\/v2\/types\/page"}],"author":[{"embeddable":true,"href":"https:\/\/artspopulaires.org\/index.php?rest_route=\/wp\/v2\/users\/1"}],"replies":[{"embeddable":true,"href":"https:\/\/artspopulaires.org\/index.php?rest_route=%2Fwp%2Fv2%2Fcomments&post=1206"}],"version-history":[{"count":14,"href":"https:\/\/artspopulaires.org\/index.php?rest_route=\/wp\/v2\/pages\/1206\/revisions"}],"predecessor-version":[{"id":1342,"href":"https:\/\/artspopulaires.org\/index.php?rest_route=\/wp\/v2\/pages\/1206\/revisions\/1342"}],"wp:attachment":[{"href":"https:\/\/artspopulaires.org\/index.php?rest_route=%2Fwp%2Fv2%2Fmedia&parent=1206"}],"curies":[{"name":"wp","href":"https:\/\/api.w.org\/{rel}","templated":true}]}}