{"id":971,"date":"2016-11-15T20:09:44","date_gmt":"2016-11-15T19:09:44","guid":{"rendered":"http:\/\/artspopulaires.org\/?page_id=971"},"modified":"2016-11-24T20:23:07","modified_gmt":"2016-11-24T19:23:07","slug":"party-multi-entreprises-2016","status":"publish","type":"page","link":"http:\/\/artspopulaires.org\/?page_id=971","title":{"rendered":"Party multi-entreprises 2016"},"content":{"rendered":"<h3 style=\"text-align: justify;\"><span style=\"color: #339966;\">Vous souhaitez planifier votre party d&rsquo;entreprise sans tracas?<\/span><\/h3>\n<p>&nbsp;<\/p>\n<h3 style=\"text-align: justify;\"><img fetchpriority=\"high\" decoding=\"async\" class=\" wp-image-716 size-medium alignright\" src=\"http:\/\/artspopulaires.org\/wp-content\/uploads\/2015\/08\/Bonnet-300x232.png\" alt=\"Bonnet\" width=\"300\" height=\"232\" srcset=\"http:\/\/artspopulaires.org\/wp-content\/uploads\/2015\/08\/Bonnet-300x232.png 300w, http:\/\/artspopulaires.org\/wp-content\/uploads\/2015\/08\/Bonnet-194x150.png 194w, http:\/\/artspopulaires.org\/wp-content\/uploads\/2015\/08\/Bonnet-150x116.png 150w, http:\/\/artspopulaires.org\/wp-content\/uploads\/2015\/08\/Bonnet.png 792w\" sizes=\"(max-width: 300px) 100vw, 300px\" \/><\/h3>\n<p style=\"text-align: justify;\"><strong>Si la r\u00e9ponse est OUI<\/strong>, le party de No\u00ebl multi-entreprises du Centre des arts populaires est l\u2019occasion que vous attendiez! Le party de No\u00ebl multi-entreprises du Centre des arts populaires est un service que nous offrons \u00a0aux organismes et entreprises de la r\u00e9gion. Chaque petit groupe s\u2019additionnant \u00e0 d\u2019autres petits groupes, \u00e7a donne une grosse gang qui se paye un m\u00e9chant party. Vous n\u2019avez rien \u00e0 organiser, que vous soyez 4 ou 32, vous n\u2019avez qu\u2019\u00e0 r\u00e9server et \u00e0 venir f\u00eater.<\/p>\n<ul>\n<li style=\"text-align: justify;\">Quand : Le \u00a0samedi \u00a0<strong><span style=\"text-decoration: underline;\">10 d\u00e9cembre<\/span><\/strong> \u00e0 compter de <span style=\"text-decoration: underline;\"><strong>18h00<\/strong><\/span><\/li>\n<li style=\"text-align: justify;\">Co\u00fbt\u00a0: <strong>50$ <\/strong>par personne (taxes incluses)<\/li>\n<li style=\"text-align: justify;\">Incluant\u00a0: Repas chaud (voir <a href=\"http:\/\/artspopulaires.org\/wp-content\/uploads\/2016\/11\/Menu-Samedi.pdf\">Menu<\/a>) \u2013 Spectacle \u00ablive\u00bb \u00a0\u2013 \u00a0animation<\/li>\n<\/ul>\n<p style=\"text-align: justify;\">Apr\u00e8s un copieux repas chaud, le groupe ROCK HITS* entre en sc\u00e8ne avec un spectacle couvrant cinq d\u00e9cennies de grands succ\u00e8s musicaux francophones et anglophones! Avec l\u2019\u00e9nergie de ces cinq musiciens de talent, le \u00abparty\u00a0 pogne\u00bb \u00e0 tout coup et la danse est \u00e0 l\u2019honneur jusqu\u2019\u00e0 tard dans la nuit!<\/p>\n<p style=\"text-align: justify;\">Gr\u00e2ce \u00e0 notre service de bar, vous n\u2019avez rien d&rsquo;autre \u00e0 apporter que votre bonne humeur! Si vous souhaitez, vous pouvez acheter, au pr\u00e9alable, des coupons \u00e9changeables contre des consommations ou simplement nous laisser le soin de prendre en note les consommations de votre groupe et nous vous refacturerons ensuite! Nous avons un bar bien garni et les tarifs des consommations sont plus que raisonnables (bouteilles de vin de 20$ \u00e0 25$ &#8211; plusieurs choix de bi\u00e8res \u00e0 4$ &#8211; Cocktails, drinks et shooters \u00e0 5 $ &#8211; jus et bouteilles d\u2019eau \u00e0 2$)<\/p>\n<p style=\"text-align: justify;\">Cessez de chercher, le party de No\u00ebl multi-entreprise du Centre des arts populaires est vraiment la fa\u00e7on la plus simple et \u00e9conomique de r\u00e9compenser vos employ\u00e9s pour la p\u00e9riode des F\u00eates.<\/p>\n<p style=\"text-align: justify;\"><img decoding=\"async\" class=\"alignleft wp-image-718 size-thumbnail\" src=\"http:\/\/artspopulaires.org\/wp-content\/uploads\/2015\/08\/Renne-150x150.jpg\" alt=\"Renne\" width=\"150\" height=\"150\" srcset=\"http:\/\/artspopulaires.org\/wp-content\/uploads\/2015\/08\/Renne-150x150.jpg 150w, http:\/\/artspopulaires.org\/wp-content\/uploads\/2015\/08\/Renne-300x300.jpg 300w, http:\/\/artspopulaires.org\/wp-content\/uploads\/2015\/08\/Renne.jpg 325w\" sizes=\"(max-width: 150px) 100vw, 150px\" \/>R\u00e9servez vos places au plus t\u00f4t!<\/p>\n<p style=\"text-align: justify;\">819-293-4646<\/p>\n<p style=\"text-align: justify;\">* ROCK HITS est form\u00e9 de\u00a0: Patrick Arsenault, Maryse B\u00e9liveau, Yves Picard, Simon Th\u00e9roux et Jacques Ren\u00e9.<\/p>\n<h4 style=\"text-align: justify;\"><\/h4>\n<p>&nbsp;<\/p>\n<h4 style=\"text-align: justify;\"><em>Extrait de spectacle du groupe ROCK HITS<\/em><\/h4>\n<p><iframe src=\"https:\/\/www.youtube.com\/embed\/rOuRdMTvEzM\" width=\"560\" height=\"315\" frameborder=\"0\" allowfullscreen=\"allowfullscreen\"><\/iframe><\/p>\n","protected":false},"excerpt":{"rendered":"<p>Vous souhaitez planifier votre party d&rsquo;entreprise sans tracas? &nbsp; Si la r\u00e9ponse est OUI, le party de No\u00ebl multi-entreprises du Centre des arts populaires est l\u2019occasion que vous attendiez! Le party de No\u00ebl multi-entreprises du Centre des arts populaires est un service que nous offrons \u00a0aux organismes et entreprises de la r\u00e9gion. Chaque petit groupe [&hellip;]<\/p>\n","protected":false},"author":1,"featured_media":0,"parent":0,"menu_order":0,"comment_status":"closed","ping_status":"open","template":"","meta":{"footnotes":""},"_links":{"self":[{"href":"http:\/\/artspopulaires.org\/index.php?rest_route=\/wp\/v2\/pages\/971"}],"collection":[{"href":"http:\/\/artspopulaires.org\/index.php?rest_route=\/wp\/v2\/pages"}],"about":[{"href":"http:\/\/artspopulaires.org\/index.php?rest_route=\/wp\/v2\/types\/page"}],"author":[{"embeddable":true,"href":"http:\/\/artspopulaires.org\/index.php?rest_route=\/wp\/v2\/users\/1"}],"replies":[{"embeddable":true,"href":"http:\/\/artspopulaires.org\/index.php?rest_route=%2Fwp%2Fv2%2Fcomments&post=971"}],"version-history":[{"count":5,"href":"http:\/\/artspopulaires.org\/index.php?rest_route=\/wp\/v2\/pages\/971\/revisions"}],"predecessor-version":[{"id":981,"href":"http:\/\/artspopulaires.org\/index.php?rest_route=\/wp\/v2\/pages\/971\/revisions\/981"}],"wp:attachment":[{"href":"http:\/\/artspopulaires.org\/index.php?rest_route=%2Fwp%2Fv2%2Fmedia&parent=971"}],"curies":[{"name":"wp","href":"https:\/\/api.w.org\/{rel}","templated":true}]}}