{"id":858,"date":"2016-03-15T17:58:52","date_gmt":"2016-03-15T16:58:52","guid":{"rendered":"http:\/\/artspopulaires.org\/?page_id=858"},"modified":"2016-03-15T18:41:44","modified_gmt":"2016-03-15T17:41:44","slug":"mue-les-femmes-de-ma-vie-exposition-de-monique-danis","status":"publish","type":"page","link":"http:\/\/artspopulaires.org\/?page_id=858","title":{"rendered":"Mue, les femmes de ma vie  &#8211; Exposition des oeuvres de Monique Danis"},"content":{"rendered":"<p style=\"text-align: justify;\"><a href=\"http:\/\/artspopulaires.org\/wp-content\/uploads\/2016\/03\/Mue-visuel-carton-3.1.png\"><img fetchpriority=\"high\" decoding=\"async\" class=\"alignright wp-image-874 size-full\" src=\"http:\/\/artspopulaires.org\/wp-content\/uploads\/2016\/03\/Mue-visuel-carton-3.1.png\" alt=\"Mue visuel - carton - 3.1\" width=\"334\" height=\"600\" srcset=\"http:\/\/artspopulaires.org\/wp-content\/uploads\/2016\/03\/Mue-visuel-carton-3.1.png 334w, http:\/\/artspopulaires.org\/wp-content\/uploads\/2016\/03\/Mue-visuel-carton-3.1-167x300.png 167w, http:\/\/artspopulaires.org\/wp-content\/uploads\/2016\/03\/Mue-visuel-carton-3.1-84x150.png 84w\" sizes=\"(max-width: 334px) 100vw, 334px\" \/><\/a>Le Centre des arts populaires de Nicolet accueille du 10 au 28 mars l\u2019exposition <em>Mue, les femmes de ma vie<\/em> de Monique Danis.<\/p>\n<p style=\"text-align: justify;\">En r\u00e9sonance avec la journ\u00e9e internationale des femmes, l\u2019artiste nicol\u00e9taine pr\u00e9sente dans la salle Jean-Paul Charland une s\u00e9lection d\u2019\u0153uvres picturales issues de son r\u00e9pertoire d\u2019hier et d\u2019aujourd\u2019hui et qui rendent hommage \u00e0 la Femme.<\/p>\n<p style=\"text-align: justify;\">Un parcours au sein de 24 \u0153uvres met en relief une version bien personnelle de l\u2019auteure face aux th\u00e8mes que sont la M\u00e8re, la Mystique, la Souffrante, la R\u00e9siliente, la Vainqueure, l\u2019Amoureuse.<\/p>\n<p style=\"text-align: justify;\">Il est possible de visiter cette exposition les mercredis, jeudis et vendredi, de 15h \u00e0 19h, ainsi que les samedis et dimanches de 14h \u00e0 17h. L\u2019artiste sera sur place.<\/p>\n<p style=\"text-align: justify;\">Dipl\u00f4m\u00e9e en arts visuels de l\u2019UQAM, Monique Danis a une feuille de route cumulant plus de 22 ans en cr\u00e9ation artistique et tout autant en communication. L\u2019exploration de la Femme a fa\u00e7onn\u00e9 une large partie de ses phases de production artistique.<\/p>\n<p style=\"text-align: justify;\">De plus, les derni\u00e8res cinq ann\u00e9es ont accentu\u00e9 sa plong\u00e9e dans cet univers gr\u00e2ce \u00e0 son implication artistique aupr\u00e8s de groupes de femmes victimes de violence conjugale b\u00e9n\u00e9ficiant des services de plusieurs Maisons sp\u00e9cialis\u00e9es de la Mauricie et du Centre-du-Qu\u00e9bec.<\/p>\n<p style=\"text-align: justify;\">En plus de sa cr\u00e9ation en atelier et de son accompagnement p\u00e9dagogique aupr\u00e8s des femmes victimes de violence conjugale, Monique Danis a dirig\u00e9 le centre d\u2019immersion aux arts pour personnes vivant avec des limitations fonctionnelles, La Fen\u00eatre, \u00e0 Trois-Rivi\u00e8res pendant un an; a si\u00e9g\u00e9 au conseil d\u2019administration de des \u00c9ditions d\u2019Art Le Sabord pendant six ans; fait partie du conseil d\u2019administration de Culture Centre-du-Qu\u00e9bec depuis trois ans; est membre du comit\u00e9 de Revitalisation du centre-ville de Nicolet depuis deux ans.<\/p>\n","protected":false},"excerpt":{"rendered":"<p>Le Centre des arts populaires de Nicolet accueille du 10 au 28 mars l\u2019exposition Mue, les femmes de ma vie de Monique Danis. En r\u00e9sonance avec la journ\u00e9e internationale des femmes, l\u2019artiste nicol\u00e9taine pr\u00e9sente dans la salle Jean-Paul Charland une s\u00e9lection d\u2019\u0153uvres picturales issues de son r\u00e9pertoire d\u2019hier et d\u2019aujourd\u2019hui et qui rendent hommage \u00e0 [&hellip;]<\/p>\n","protected":false},"author":1,"featured_media":0,"parent":0,"menu_order":0,"comment_status":"closed","ping_status":"open","template":"","meta":{"footnotes":""},"_links":{"self":[{"href":"http:\/\/artspopulaires.org\/index.php?rest_route=\/wp\/v2\/pages\/858"}],"collection":[{"href":"http:\/\/artspopulaires.org\/index.php?rest_route=\/wp\/v2\/pages"}],"about":[{"href":"http:\/\/artspopulaires.org\/index.php?rest_route=\/wp\/v2\/types\/page"}],"author":[{"embeddable":true,"href":"http:\/\/artspopulaires.org\/index.php?rest_route=\/wp\/v2\/users\/1"}],"replies":[{"embeddable":true,"href":"http:\/\/artspopulaires.org\/index.php?rest_route=%2Fwp%2Fv2%2Fcomments&post=858"}],"version-history":[{"count":10,"href":"http:\/\/artspopulaires.org\/index.php?rest_route=\/wp\/v2\/pages\/858\/revisions"}],"predecessor-version":[{"id":875,"href":"http:\/\/artspopulaires.org\/index.php?rest_route=\/wp\/v2\/pages\/858\/revisions\/875"}],"wp:attachment":[{"href":"http:\/\/artspopulaires.org\/index.php?rest_route=%2Fwp%2Fv2%2Fmedia&parent=858"}],"curies":[{"name":"wp","href":"https:\/\/api.w.org\/{rel}","templated":true}]}}