{"id":846,"date":"2016-02-22T21:22:41","date_gmt":"2016-02-22T20:22:41","guid":{"rendered":"http:\/\/artspopulaires.org\/?page_id=846"},"modified":"2017-02-23T19:31:14","modified_gmt":"2017-02-23T18:31:14","slug":"la-semaine-des-enfants-promutuel","status":"publish","type":"page","link":"http:\/\/artspopulaires.org\/?page_id=846","title":{"rendered":"La Semaine des enfants Promutuel 2016"},"content":{"rendered":"<p style=\"text-align: justify;\"><a href=\"http:\/\/artspopulaires.org\/wp-content\/uploads\/2016\/02\/Affiche-Centre-des-Arts.png\"><img fetchpriority=\"high\" decoding=\"async\" class=\"alignright wp-image-849 size-large\" src=\"http:\/\/artspopulaires.org\/wp-content\/uploads\/2016\/02\/Affiche-Centre-des-Arts-330x1024.png\" alt=\"Affiche Centre des Arts\" width=\"330\" height=\"1024\" srcset=\"http:\/\/artspopulaires.org\/wp-content\/uploads\/2016\/02\/Affiche-Centre-des-Arts-330x1024.png 330w, http:\/\/artspopulaires.org\/wp-content\/uploads\/2016\/02\/Affiche-Centre-des-Arts-97x300.png 97w, http:\/\/artspopulaires.org\/wp-content\/uploads\/2016\/02\/Affiche-Centre-des-Arts-48x150.png 48w, http:\/\/artspopulaires.org\/wp-content\/uploads\/2016\/02\/Affiche-Centre-des-Arts.png 547w\" sizes=\"(max-width: 330px) 100vw, 330px\" \/><\/a><\/p>\n<p style=\"text-align: justify;\">Pour une septi\u00e8me ann\u00e9e, le Centre des arts populaires organise des activit\u00e9s pour les familles pendant la semaine de rel\u00e2che de la Commission scolaire de La Riveraine. Jeux gonflables, ateliers d\u2019arts plastiques, salle de jeux g\u00e9ants et Salon des collectionneurs forment le menu de la Semaine des enfants Promutuel.<\/p>\n<p style=\"text-align: justify;\">De 10 h \u00e0 16 h du lundi 29 f\u00e9vrier au jeudi 3 mars, la grande salle s\u2019emplit de grosses structures gonflables pour le plus grand plaisir des enfants de 2 ans et plus. Le lundi et mardi aux m\u00eames heures, la salle Jean-Paul-Charland propose des jeux g\u00e9ants adapt\u00e9s aux enfants un peu plus vieux et, aussi, \u00e0 leurs parents. Mardi, mercredi et jeudi de 13 h 15 \u00e0 15 h 15, deux animatrices chevronn\u00e9es offrent des ateliers d\u2019arts visuels. Le tarif pour pouvoir avoir acc\u00e8s \u00e0 toutes ces activit\u00e9s est de 4\u00a0$ par enfants, les parents sont admis gratuitement et nous appliquons un tarif maximum de 10\u00a0$pour les familles nombreuses (3 enfants et plus).<\/p>\n<p style=\"text-align: justify;\">Une fois les structures d\u00e9gonfl\u00e9es, le Salon des collectionneurs s\u2019installe dans la grande salle la fin de semaine des 5 et 6 mars. De 10 h \u00e0 16 h le public est invit\u00e9 \u00e0 venir rencontrer tous ces passionn\u00e9s des curiosit\u00e9s les plus diverses\u00a0: Jouets anciens, cartes \u00e0 jouer, chapelets cuill\u00e8res, ouvre-bouteilles, etc. L\u2019imagination des collectionneurs est sans limite et l\u2019entr\u00e9e est gratuite.<\/p>\n<p>Pendant la semaine de rel\u00e2che, la Semaine des enfants PROMUTUEL est une belle opportunit\u00e9 pour offrir aux familles des activit\u00e9s diversifi\u00e9es et vraiment abordables.<\/p>\n","protected":false},"excerpt":{"rendered":"<p>Pour une septi\u00e8me ann\u00e9e, le Centre des arts populaires organise des activit\u00e9s pour les familles pendant la semaine de rel\u00e2che de la Commission scolaire de La Riveraine. Jeux gonflables, ateliers d\u2019arts plastiques, salle de jeux g\u00e9ants et Salon des collectionneurs forment le menu de la Semaine des enfants Promutuel. De 10 h \u00e0 16 h [&hellip;]<\/p>\n","protected":false},"author":1,"featured_media":0,"parent":0,"menu_order":0,"comment_status":"closed","ping_status":"open","template":"","meta":{"footnotes":""},"_links":{"self":[{"href":"http:\/\/artspopulaires.org\/index.php?rest_route=\/wp\/v2\/pages\/846"}],"collection":[{"href":"http:\/\/artspopulaires.org\/index.php?rest_route=\/wp\/v2\/pages"}],"about":[{"href":"http:\/\/artspopulaires.org\/index.php?rest_route=\/wp\/v2\/types\/page"}],"author":[{"embeddable":true,"href":"http:\/\/artspopulaires.org\/index.php?rest_route=\/wp\/v2\/users\/1"}],"replies":[{"embeddable":true,"href":"http:\/\/artspopulaires.org\/index.php?rest_route=%2Fwp%2Fv2%2Fcomments&post=846"}],"version-history":[{"count":7,"href":"http:\/\/artspopulaires.org\/index.php?rest_route=\/wp\/v2\/pages\/846\/revisions"}],"predecessor-version":[{"id":1000,"href":"http:\/\/artspopulaires.org\/index.php?rest_route=\/wp\/v2\/pages\/846\/revisions\/1000"}],"wp:attachment":[{"href":"http:\/\/artspopulaires.org\/index.php?rest_route=%2Fwp%2Fv2%2Fmedia&parent=846"}],"curies":[{"name":"wp","href":"https:\/\/api.w.org\/{rel}","templated":true}]}}