{"id":773,"date":"2015-10-02T19:33:52","date_gmt":"2015-10-02T18:33:52","guid":{"rendered":"http:\/\/artspopulaires.org\/?page_id=773"},"modified":"2015-12-11T20:35:34","modified_gmt":"2015-12-11T19:35:34","slug":"le-cirque-des-monstres-animations-dhalloween-pour-les-enfants","status":"publish","type":"page","link":"http:\/\/artspopulaires.org\/?page_id=773","title":{"rendered":"Le cirque des monstres &#8211; Animations d&rsquo;Halloween pour les enfants"},"content":{"rendered":"<p><a href=\"http:\/\/artspopulaires.org\/wp-content\/uploads\/2015\/10\/BanniereSiteEnfant.png\"><img fetchpriority=\"high\" decoding=\"async\" class=\" wp-image-785 size-large aligncenter\" src=\"http:\/\/artspopulaires.org\/wp-content\/uploads\/2015\/10\/BanniereSiteEnfant-1024x357.png\" alt=\"BanniereSiteEnfant\" width=\"900\" height=\"314\" srcset=\"http:\/\/artspopulaires.org\/wp-content\/uploads\/2015\/10\/BanniereSiteEnfant-1024x357.png 1024w, http:\/\/artspopulaires.org\/wp-content\/uploads\/2015\/10\/BanniereSiteEnfant-300x105.png 300w, http:\/\/artspopulaires.org\/wp-content\/uploads\/2015\/10\/BanniereSiteEnfant-250x87.png 250w, http:\/\/artspopulaires.org\/wp-content\/uploads\/2015\/10\/BanniereSiteEnfant-150x52.png 150w, http:\/\/artspopulaires.org\/wp-content\/uploads\/2015\/10\/BanniereSiteEnfant.png 1146w\" sizes=\"(max-width: 900px) 100vw, 900px\" \/><\/a><\/p>\n<p>Le Centre des arts populaires de Nicolet, en collaboration avec <em>L&rsquo;Enclave\u00a0<\/em>et avec le support financier du Fond culturel de Nicolet-Yamaska, accueillera le samedi 31 octobre en apr\u00e8s-midi les enfants de la r\u00e9gion pour une s\u00e9rie d&rsquo;animations et d&rsquo;activit\u00e9s.<\/p>\n<h4><a href=\"http:\/\/artspopulaires.org\/wp-content\/uploads\/2015\/10\/AfficheEnfants2.jpg\"><img decoding=\"async\" class=\"alignright size-medium wp-image-790\" src=\"http:\/\/artspopulaires.org\/wp-content\/uploads\/2015\/10\/AfficheEnfants2-194x300.jpg\" alt=\"AfficheEnfants2\" width=\"194\" height=\"300\" srcset=\"http:\/\/artspopulaires.org\/wp-content\/uploads\/2015\/10\/AfficheEnfants2-194x300.jpg 194w, http:\/\/artspopulaires.org\/wp-content\/uploads\/2015\/10\/AfficheEnfants2-663x1024.jpg 663w, http:\/\/artspopulaires.org\/wp-content\/uploads\/2015\/10\/AfficheEnfants2-97x150.jpg 97w\" sizes=\"(max-width: 194px) 100vw, 194px\" \/><\/a><em>Samedi 31 octobre<br \/>\n<\/em><\/h4>\n<p><em>Quoi<\/em>? \u00c0 l\u2019Halloween, vampires, fant\u00f4mes et sorci\u00e8res \u00e9mergent un peu partout \u00e0 Nicolet. Sillonnant les rues, ils cognent minutieusement \u00e0 chacune des portes des maisons pour empocher leur pr\u00e9cieux butin sucr\u00e9. Toutefois, c\u2019est au Centre des arts populaires qu\u2019ils pourront se rassembler et cr\u00e9er tous ensemble un cirque des monstres comme on n\u2019en a jamais vu \u00e0 Nicolet! Le samedi apr\u00e8s-midi, avec l\u2019aide de KP cr\u00e9ation et animation, des Scouts de la r\u00e9gion, le Centre ouvrira ses portes afin d\u2019offrir aux enfants d\u00e9guis\u00e9s (ou non) bonbons, jeux d\u2019adresse, labyrinthe et activit\u00e9s de r\u00e9flexion. Ce sera tout un carnaval d\u2019Halloween qui attendra les petits monstres et qui, avec leur aide, parviendra \u00e0 repousser la catastrophe mena\u00e7ant la r\u00e9gion!<\/p>\n<h4><em>Informations suppl\u00e9mentaires<br \/>\n<\/em><\/h4>\n<ul>\n<li>Pour les enfants de 3 \u00e0 12 ans approximativement<\/li>\n<li>2$\/enfant (gratuit pour les parents)<\/li>\n<li>Services de photographie et maquillage sur place \u00e0 faible co\u00fbt<\/li>\n<li>De 13h00 \u00e0 16h00 le samedi 31 octobre<\/li>\n<\/ul>\n<p>Pour plus d&rsquo;informations, communiquez avec nous au 819 293-4646 ou par courriel au artspopulaires@sogetel.net<\/p>\n<p>&nbsp;<\/p>\n<p>&nbsp;<\/p>\n<p><img decoding=\"async\" class=\"alignleft wp-image-762 size-large\" src=\"http:\/\/artspopulaires.org\/wp-content\/uploads\/2015\/10\/logoEntenteCulture-1024x213.jpg\" alt=\"Print\" width=\"900\" height=\"187\" srcset=\"http:\/\/artspopulaires.org\/wp-content\/uploads\/2015\/10\/logoEntenteCulture-1024x213.jpg 1024w, http:\/\/artspopulaires.org\/wp-content\/uploads\/2015\/10\/logoEntenteCulture-300x62.jpg 300w, http:\/\/artspopulaires.org\/wp-content\/uploads\/2015\/10\/logoEntenteCulture-250x52.jpg 250w, http:\/\/artspopulaires.org\/wp-content\/uploads\/2015\/10\/logoEntenteCulture-150x31.jpg 150w\" sizes=\"(max-width: 900px) 100vw, 900px\" \/><\/p>\n","protected":false},"excerpt":{"rendered":"<p>Le Centre des arts populaires de Nicolet, en collaboration avec L&rsquo;Enclave\u00a0et avec le support financier du Fond culturel de Nicolet-Yamaska, accueillera le samedi 31 octobre en apr\u00e8s-midi les enfants de la r\u00e9gion pour une s\u00e9rie d&rsquo;animations et d&rsquo;activit\u00e9s. Samedi 31 octobre Quoi? \u00c0 l\u2019Halloween, vampires, fant\u00f4mes et sorci\u00e8res \u00e9mergent un peu partout \u00e0 Nicolet. Sillonnant [&hellip;]<\/p>\n","protected":false},"author":1,"featured_media":0,"parent":0,"menu_order":0,"comment_status":"closed","ping_status":"open","template":"","meta":{"footnotes":""},"_links":{"self":[{"href":"http:\/\/artspopulaires.org\/index.php?rest_route=\/wp\/v2\/pages\/773"}],"collection":[{"href":"http:\/\/artspopulaires.org\/index.php?rest_route=\/wp\/v2\/pages"}],"about":[{"href":"http:\/\/artspopulaires.org\/index.php?rest_route=\/wp\/v2\/types\/page"}],"author":[{"embeddable":true,"href":"http:\/\/artspopulaires.org\/index.php?rest_route=\/wp\/v2\/users\/1"}],"replies":[{"embeddable":true,"href":"http:\/\/artspopulaires.org\/index.php?rest_route=%2Fwp%2Fv2%2Fcomments&post=773"}],"version-history":[{"count":9,"href":"http:\/\/artspopulaires.org\/index.php?rest_route=\/wp\/v2\/pages\/773\/revisions"}],"predecessor-version":[{"id":814,"href":"http:\/\/artspopulaires.org\/index.php?rest_route=\/wp\/v2\/pages\/773\/revisions\/814"}],"wp:attachment":[{"href":"http:\/\/artspopulaires.org\/index.php?rest_route=%2Fwp%2Fv2%2Fmedia&parent=773"}],"curies":[{"name":"wp","href":"https:\/\/api.w.org\/{rel}","templated":true}]}}