{"id":619,"date":"2015-01-28T18:48:57","date_gmt":"2015-01-28T17:48:57","guid":{"rendered":"http:\/\/artspopulaires.org\/?page_id=619"},"modified":"2015-01-28T19:51:48","modified_gmt":"2015-01-28T18:51:48","slug":"la-grand-messe-du-jeu","status":"publish","type":"page","link":"http:\/\/artspopulaires.org\/?page_id=619","title":{"rendered":"La Grand-Messe du Jeu"},"content":{"rendered":"<p><a href=\"http:\/\/artspopulaires.org\/wp-content\/uploads\/2015\/01\/BanniereFacebook2.png\"><img fetchpriority=\"high\" decoding=\"async\" class=\"alignleft wp-image-620 size-full\" src=\"http:\/\/artspopulaires.org\/wp-content\/uploads\/2015\/01\/BanniereFacebook2.png\" alt=\"BanniereFacebook2\" width=\"854\" height=\"315\" srcset=\"http:\/\/artspopulaires.org\/wp-content\/uploads\/2015\/01\/BanniereFacebook2.png 854w, http:\/\/artspopulaires.org\/wp-content\/uploads\/2015\/01\/BanniereFacebook2-300x111.png 300w, http:\/\/artspopulaires.org\/wp-content\/uploads\/2015\/01\/BanniereFacebook2-250x92.png 250w, http:\/\/artspopulaires.org\/wp-content\/uploads\/2015\/01\/BanniereFacebook2-150x55.png 150w\" sizes=\"(max-width: 854px) 100vw, 854px\" \/><\/a><\/p>\n<h2>\u00a0La Grand-Messe du Jeu!<\/h2>\n<h5 style=\"text-align: justify;\">Des jeux pour tous les \u00e2ges!<\/h5>\n<p style=\"text-align: justify;\"><em>Quand<\/em>? Les samedi et dimanche 7 et 8 mars 2015. De midi \u00e0 18h00.<\/p>\n<p style=\"text-align: justify;\"><em>O\u00f9<\/em>? Au Centre des arts populaires de Nicolet, 725 boulevard Louis-Fr\u00e9chette, Nicolet, QC J3T 1L6. En plein milieu entre Montr\u00e9al et Qu\u00e9bec.<\/p>\n<p style=\"text-align: justify;\">Pour visualiser les salles : <a href=\"http:\/\/artspopulaires.org\/?page_id=90\">artspopulaires.org<\/a><\/p>\n<p style=\"text-align: justify;\"><em>Combien<\/em>?<br \/>\n&#8211; 5$\/personne<br \/>\n&#8211; 15$\/famille (parents et enfants)<\/p>\n<h2 style=\"text-align: justify;\"><a href=\"http:\/\/artspopulaires.org\/wp-content\/uploads\/2015\/01\/AfficheGrande.jpg\"><img decoding=\"async\" class=\"alignright wp-image-627 size-medium\" src=\"http:\/\/artspopulaires.org\/wp-content\/uploads\/2015\/01\/AfficheGrande-191x300.jpg\" alt=\"AfficheGrande\" width=\"191\" height=\"300\" srcset=\"http:\/\/artspopulaires.org\/wp-content\/uploads\/2015\/01\/AfficheGrande-191x300.jpg 191w, http:\/\/artspopulaires.org\/wp-content\/uploads\/2015\/01\/AfficheGrande-652x1024.jpg 652w, http:\/\/artspopulaires.org\/wp-content\/uploads\/2015\/01\/AfficheGrande-95x150.jpg 95w\" sizes=\"(max-width: 191px) 100vw, 191px\" \/><\/a><\/h2>\n<p style=\"text-align: justify;\"><em>Quoi<\/em>? La deuxi\u00e8me \u00e9dition d\u2019un rassemblement de jeux de tout genre!<br \/>\n&#8211; Jeux g\u00e9ants pour petits et grands<\/p>\n<p style=\"text-align: justify;\">&#8211; Consoles de jeux vid\u00e9os (du NES au Xbox 360, sur petits et grand \u00e9crans). Pr\u00eat\u00e9es par <a href=\"https:\/\/www.facebook.com\/bazarpattronic?fref=ts\"><em>Pat-Tronic<\/em><\/a><br \/>\n&#8211; Jeux de tables et de soci\u00e9t\u00e9<br \/>\n&#8211; Animations de jeux par <a href=\"https:\/\/www.facebook.com\/jouetsfrimousse?fref=ts\"><em>Jouets Frimousse<\/em><\/a> et <a href=\"https:\/\/www.facebook.com\/pages\/SOCIOJEUX\/307369498530?fref=ts\"><em>Sociojeux<\/em><\/a> \u00e0 heures fixes :<\/p>\n<h4 style=\"text-align: justify;\">Samedi 7 mars<\/h4>\n<p style=\"text-align: justify;\"><strong>13h00<\/strong><br \/>\nKing Gold<br \/>\nSuspend x3<\/p>\n<p style=\"text-align: justify;\"><strong>14h00<\/strong><br \/>\nBattle Sheep<br \/>\nFun Farm<\/p>\n<p style=\"text-align: justify;\"><strong>15h00<\/strong><br \/>\nDobble<br \/>\nDobble LNH<br \/>\nDobble Junior<br \/>\nGame Over<\/p>\n<p style=\"text-align: justify;\"><strong>16h00 \u00e0 18h00<\/strong><br \/>\nJeu libre<\/p>\n<h4 style=\"text-align: justify;\">Dimanche<\/h4>\n<p style=\"text-align: justify;\"><strong>13h00<\/strong><br \/>\nKatamino<br \/>\nQuirkle<\/p>\n<p style=\"text-align: justify;\"><strong>14h00<\/strong><br \/>\nRoll &lsquo;n Bump<br \/>\nLa Boca<\/p>\n<p style=\"text-align: justify;\"><strong>15h00<\/strong><br \/>\nBazar Bizarre<br \/>\nBazar Bizarre 2.0<br \/>\nBazar Bizarre Blitz<br \/>\nBraveratz<\/p>\n<p style=\"text-align: justify;\"><strong>16h00 \u00e0 18h00<\/strong><br \/>\nJeu libre<\/p>\n<p style=\"text-align: justify;\">Pour toute question ou suggestion, \u00e9crivez-nous \u00e0 : <a href=\"mailto:artspopulaires@sogetel.net\">artspopulaires@sogetel.net<\/a><\/p>\n<p style=\"text-align: justify;\">Ou suivez-nous directement sur <a href=\"https:\/\/www.facebook.com\/events\/229381090585498\/?ref_dashboard_filter=upcoming\" target=\"_blank\">Facebook<\/a>!<\/p>\n","protected":false},"excerpt":{"rendered":"<p>\u00a0La Grand-Messe du Jeu! Des jeux pour tous les \u00e2ges! Quand? Les samedi et dimanche 7 et 8 mars 2015. De midi \u00e0 18h00. O\u00f9? Au Centre des arts populaires de Nicolet, 725 boulevard Louis-Fr\u00e9chette, Nicolet, QC J3T 1L6. En plein milieu entre Montr\u00e9al et Qu\u00e9bec. Pour visualiser les salles : artspopulaires.org Combien? &#8211; 5$\/personne [&hellip;]<\/p>\n","protected":false},"author":1,"featured_media":0,"parent":0,"menu_order":0,"comment_status":"closed","ping_status":"open","template":"","meta":{"footnotes":""},"_links":{"self":[{"href":"http:\/\/artspopulaires.org\/index.php?rest_route=\/wp\/v2\/pages\/619"}],"collection":[{"href":"http:\/\/artspopulaires.org\/index.php?rest_route=\/wp\/v2\/pages"}],"about":[{"href":"http:\/\/artspopulaires.org\/index.php?rest_route=\/wp\/v2\/types\/page"}],"author":[{"embeddable":true,"href":"http:\/\/artspopulaires.org\/index.php?rest_route=\/wp\/v2\/users\/1"}],"replies":[{"embeddable":true,"href":"http:\/\/artspopulaires.org\/index.php?rest_route=%2Fwp%2Fv2%2Fcomments&post=619"}],"version-history":[{"count":10,"href":"http:\/\/artspopulaires.org\/index.php?rest_route=\/wp\/v2\/pages\/619\/revisions"}],"predecessor-version":[{"id":622,"href":"http:\/\/artspopulaires.org\/index.php?rest_route=\/wp\/v2\/pages\/619\/revisions\/622"}],"wp:attachment":[{"href":"http:\/\/artspopulaires.org\/index.php?rest_route=%2Fwp%2Fv2%2Fmedia&parent=619"}],"curies":[{"name":"wp","href":"https:\/\/api.w.org\/{rel}","templated":true}]}}