{"id":528,"date":"2014-10-02T19:16:20","date_gmt":"2014-10-02T18:16:20","guid":{"rendered":"http:\/\/artspopulaires.org\/?page_id=528"},"modified":"2014-12-10T20:11:06","modified_gmt":"2014-12-10T19:11:06","slug":"lhalloween-senracine","status":"publish","type":"page","link":"http:\/\/artspopulaires.org\/?page_id=528","title":{"rendered":"L&rsquo;Halloween s&rsquo;enracine"},"content":{"rendered":"<p><a href=\"http:\/\/artspopulaires.org\/wp-content\/uploads\/2014\/10\/Banni\u00e8reSite.jpg\"><img fetchpriority=\"high\" decoding=\"async\" class=\"alignleft wp-image-540\" src=\"http:\/\/artspopulaires.org\/wp-content\/uploads\/2014\/10\/Banni\u00e8reSite-1024x357.jpg\" alt=\"Banni\u00e8reSite\" width=\"700\" height=\"244\" srcset=\"http:\/\/artspopulaires.org\/wp-content\/uploads\/2014\/10\/Banni\u00e8reSite-1024x357.jpg 1024w, http:\/\/artspopulaires.org\/wp-content\/uploads\/2014\/10\/Banni\u00e8reSite-300x104.jpg 300w, http:\/\/artspopulaires.org\/wp-content\/uploads\/2014\/10\/Banni\u00e8reSite-250x87.jpg 250w, http:\/\/artspopulaires.org\/wp-content\/uploads\/2014\/10\/Banni\u00e8reSite-150x52.jpg 150w, http:\/\/artspopulaires.org\/wp-content\/uploads\/2014\/10\/Banni\u00e8reSite.jpg 1146w\" sizes=\"(max-width: 700px) 100vw, 700px\" \/><\/a><\/p>\n<h5><em>L&rsquo;Halloween au Centre des arts populaires<\/em><\/h5>\n<p>Le Centre des arts populaires de Nicolet, en collaboration avec <em>L&rsquo;Enclave<\/em>, <em>K.P. Animations<\/em> et les Scouts et avec le support financier du Fond culturel de Nicolet-Yamaska, a tenu les vendredi 31 octobre au soir (un parcours de peur pour public averti) et samedi 1er novembre en apr\u00e8s-midi (une activit\u00e9 familiale) sa premi\u00e8re activit\u00e9 d&rsquo;Halloween.<\/p>\n<p>Deux activit\u00e9s distinctes visant des publics diff\u00e9rents furent donc organis\u00e9es.<\/p>\n<h4><em>Vendredi 31 octobre<\/em><\/h4>\n<p><em><a href=\"http:\/\/artspopulaires.org\/wp-content\/uploads\/2014\/10\/Affiche2.1.jpg\"><img decoding=\"async\" class=\"alignright size-medium wp-image-546\" src=\"http:\/\/artspopulaires.org\/wp-content\/uploads\/2014\/10\/Affiche2.1-194x300.jpg\" alt=\"Affiche2.1\" width=\"194\" height=\"300\" srcset=\"http:\/\/artspopulaires.org\/wp-content\/uploads\/2014\/10\/Affiche2.1-194x300.jpg 194w, http:\/\/artspopulaires.org\/wp-content\/uploads\/2014\/10\/Affiche2.1-662x1024.jpg 662w, http:\/\/artspopulaires.org\/wp-content\/uploads\/2014\/10\/Affiche2.1-97x150.jpg 97w\" sizes=\"(max-width: 194px) 100vw, 194px\" \/><\/a>Quoi<\/em>? Le Centre des arts populaires, ancien \u00e9difice religieux du patrimoine nicol\u00e9tain, est depuis quelques jours la cible de ph\u00e9nom\u00e8nes \u00e9tranges : lumi\u00e8res vacillantes, bruits suspects, silhouettes floues entre-aper\u00e7ues le soir&#8230; \u00c0 dire vrai, depuis que des travailleurs ont commenc\u00e9 \u00e0 r\u00e9nover les murs et les toits du Centre, il semblerait que des forces endormies aient \u00e9t\u00e9 r\u00e9veill\u00e9es. Le 31 octobre en d\u00e9but de soir\u00e9e, un homme myst\u00e9rieux a p\u00e9n\u00e9tr\u00e9 dans le b\u00e2timent pour ne plus en ressortir. Depuis, les fen\u00eatres du lieu s&rsquo;illuminent au gr\u00e9 de lueurs inconnues tandis que des plaintes inqui\u00e9tantes \u00e9mergent de son sous-sol. Qui osera franchir les portes du Centre pour d\u00e9couvrir la source de ces ph\u00e9nom\u00e8nes&#8230;?<\/p>\n<p>Bas\u00e9 sur la nouvelle \u00ab\u00a0Enfoui au coeur de la pierre\u00a0\u00bb de l&rsquo;auteur Mathieu Fortin parue au \u00e9ditions des Six Brumes, ce parcours de peur\u00a0 a immerg\u00e9 les participants dans un univers angoissant o\u00f9 ils ont d\u00fb r\u00e9soudre les myst\u00e8res enfouis dans les profondeurs du Centre des arts populaires.<\/p>\n<h4><em>Samedi 1er novembre<br \/>\n<\/em><\/h4>\n<p><a href=\"http:\/\/artspopulaires.org\/wp-content\/uploads\/2014\/10\/AfficheEnfant2.png\"><img decoding=\"async\" class=\"alignright wp-image-534 size-medium\" src=\"http:\/\/artspopulaires.org\/wp-content\/uploads\/2014\/10\/AfficheEnfant2-194x300.png\" alt=\"AfficheEnfant2\" width=\"194\" height=\"300\" srcset=\"http:\/\/artspopulaires.org\/wp-content\/uploads\/2014\/10\/AfficheEnfant2-194x300.png 194w, http:\/\/artspopulaires.org\/wp-content\/uploads\/2014\/10\/AfficheEnfant2-664x1024.png 664w, http:\/\/artspopulaires.org\/wp-content\/uploads\/2014\/10\/AfficheEnfant2-97x150.png 97w, http:\/\/artspopulaires.org\/wp-content\/uploads\/2014\/10\/AfficheEnfant2.png 829w\" sizes=\"(max-width: 194px) 100vw, 194px\" \/><\/a><em>Quoi<\/em>? Le Centre des arts populaires a \u00e9t\u00e9 envahi par des esprits du pass\u00e9! Alors que ces \u00e2mes somnolaient paisiblement dans les catacombes du b\u00e2timents, des travailleurs les ont r\u00e9veill\u00e9es lors de r\u00e9novations impromptues. Il faudra aider ces spectres aux histoires diverses \u00e0 regagner leur repos bien m\u00e9rit\u00e9!<\/p>\n<p>Bas\u00e9e sur la nouvelle \u00ab\u00a0Enfoui au coeur de la pierre\u00a0\u00bb de l&rsquo;auteur Mathieu Fortin parue au \u00e9ditions des Six Brumes, cette activit\u00e9 familiale a immerg\u00e9 les enfants dans un univers fantastique o\u00f9 ils ont d\u00fb r\u00e9soudre les myst\u00e8res des habitants insoup\u00e7onn\u00e9s du Centre des arts populaires.<\/p>\n","protected":false},"excerpt":{"rendered":"<p>L&rsquo;Halloween au Centre des arts populaires Le Centre des arts populaires de Nicolet, en collaboration avec L&rsquo;Enclave, K.P. Animations et les Scouts et avec le support financier du Fond culturel de Nicolet-Yamaska, a tenu les vendredi 31 octobre au soir (un parcours de peur pour public averti) et samedi 1er novembre en apr\u00e8s-midi (une activit\u00e9 [&hellip;]<\/p>\n","protected":false},"author":1,"featured_media":0,"parent":0,"menu_order":0,"comment_status":"closed","ping_status":"open","template":"","meta":{"footnotes":""},"_links":{"self":[{"href":"http:\/\/artspopulaires.org\/index.php?rest_route=\/wp\/v2\/pages\/528"}],"collection":[{"href":"http:\/\/artspopulaires.org\/index.php?rest_route=\/wp\/v2\/pages"}],"about":[{"href":"http:\/\/artspopulaires.org\/index.php?rest_route=\/wp\/v2\/types\/page"}],"author":[{"embeddable":true,"href":"http:\/\/artspopulaires.org\/index.php?rest_route=\/wp\/v2\/users\/1"}],"replies":[{"embeddable":true,"href":"http:\/\/artspopulaires.org\/index.php?rest_route=%2Fwp%2Fv2%2Fcomments&post=528"}],"version-history":[{"count":17,"href":"http:\/\/artspopulaires.org\/index.php?rest_route=\/wp\/v2\/pages\/528\/revisions"}],"predecessor-version":[{"id":590,"href":"http:\/\/artspopulaires.org\/index.php?rest_route=\/wp\/v2\/pages\/528\/revisions\/590"}],"wp:attachment":[{"href":"http:\/\/artspopulaires.org\/index.php?rest_route=%2Fwp%2Fv2%2Fmedia&parent=528"}],"curies":[{"name":"wp","href":"https:\/\/api.w.org\/{rel}","templated":true}]}}