{"id":515,"date":"2014-09-11T18:17:23","date_gmt":"2014-09-11T17:17:23","guid":{"rendered":"http:\/\/artspopulaires.org\/?page_id=515"},"modified":"2014-12-10T20:12:39","modified_gmt":"2014-12-10T19:12:39","slug":"exposition-courtepointes-daquarelle-et-de-tissu","status":"publish","type":"page","link":"http:\/\/artspopulaires.org\/?page_id=515","title":{"rendered":"Exposition : Courtepointes d&rsquo;aquarelle et de tissu"},"content":{"rendered":"<p>&nbsp;<\/p>\n<p><a href=\"http:\/\/artspopulaires.org\/?attachment_id=516\"><img fetchpriority=\"high\" decoding=\"async\" class=\"alignright wp-image-516\" src=\"http:\/\/artspopulaires.org\/wp-content\/uploads\/2014\/09\/affiche-courtespointes-page-001-669x1024.jpg\" alt=\"affiche - courtespointes-page-001\" width=\"350\" height=\"535\" srcset=\"http:\/\/artspopulaires.org\/wp-content\/uploads\/2014\/09\/affiche-courtespointes-page-001-669x1024.jpg 669w, http:\/\/artspopulaires.org\/wp-content\/uploads\/2014\/09\/affiche-courtespointes-page-001-196x300.jpg 196w, http:\/\/artspopulaires.org\/wp-content\/uploads\/2014\/09\/affiche-courtespointes-page-001-98x150.jpg 98w, http:\/\/artspopulaires.org\/wp-content\/uploads\/2014\/09\/affiche-courtespointes-page-001.jpg 1275w\" sizes=\"(max-width: 350px) 100vw, 350px\" \/><\/a>Le Centre des arts a pr\u00e9sent\u00e9, dans sa salle Jean-Paul Charland, une exposition sortant des sentiers battus\u00a0: l\u2019exposition <em>Courtepointes d\u2019aquarelle et de tissu. <\/em>Ce sont l\u2019aquarelliste Nicole Dubuc et les courtepointi\u00e8res de la guilde <em>Les doigts de f\u00e9e de Nicolet<\/em> qui s\u2019y associ\u00e8rent dans une exposition collective autour de l\u2019art de la courtepointe. Toute la population fut invit\u00e9e au vernissage qui se t\u00eent du 19 au 21 septembre 2014<\/p>\n<p>Depuis toujours fascin\u00e9e par les courtepointes r\u00e9alis\u00e9es par sa m\u00e8re, l\u2019aquarelliste Nicole Dubuc se met \u00e0 les int\u00e9grer dans ses \u0153uvres. Il en r\u00e9sulte une s\u00e9rie de 30 aquarelles qui reproduisent ces v\u00e9ritables kal\u00e9idoscopes en tissu color\u00e9 fabriqu\u00e9s par nos a\u00efeules. Cette vieille technique est toujours vivante au Centre des arts populaires puisque, depuis quatre ans, un groupe de dames se rencontrent hebdomadairement pour r\u00e9aliser ces v\u00e9ritables \u0153uvres d\u2019art de tissu. En fait, la guilde <em>Les doigts de f\u00e9e de Nicolet<\/em> actualise la fabrication des courtepointes puisque leurs travaux d\u00e9passent largement la grande \u00e9toile \u00e9clat\u00e9e de nos vieux couvres lits. Maintenant form\u00e9e de 18 membres, la guilde nous pr\u00e9sentera plus d\u2019une quarantaine d\u2019\u0153uvres diversifi\u00e9es, des couvres lits bien s\u00fbr, mais aussi des coussins, des sacs et des \u0153uvres murales.<\/p>\n","protected":false},"excerpt":{"rendered":"<p>&nbsp; Le Centre des arts a pr\u00e9sent\u00e9, dans sa salle Jean-Paul Charland, une exposition sortant des sentiers battus\u00a0: l\u2019exposition Courtepointes d\u2019aquarelle et de tissu. Ce sont l\u2019aquarelliste Nicole Dubuc et les courtepointi\u00e8res de la guilde Les doigts de f\u00e9e de Nicolet qui s\u2019y associ\u00e8rent dans une exposition collective autour de l\u2019art de la courtepointe. Toute [&hellip;]<\/p>\n","protected":false},"author":1,"featured_media":0,"parent":0,"menu_order":0,"comment_status":"closed","ping_status":"open","template":"","meta":{"footnotes":""},"_links":{"self":[{"href":"http:\/\/artspopulaires.org\/index.php?rest_route=\/wp\/v2\/pages\/515"}],"collection":[{"href":"http:\/\/artspopulaires.org\/index.php?rest_route=\/wp\/v2\/pages"}],"about":[{"href":"http:\/\/artspopulaires.org\/index.php?rest_route=\/wp\/v2\/types\/page"}],"author":[{"embeddable":true,"href":"http:\/\/artspopulaires.org\/index.php?rest_route=\/wp\/v2\/users\/1"}],"replies":[{"embeddable":true,"href":"http:\/\/artspopulaires.org\/index.php?rest_route=%2Fwp%2Fv2%2Fcomments&post=515"}],"version-history":[{"count":13,"href":"http:\/\/artspopulaires.org\/index.php?rest_route=\/wp\/v2\/pages\/515\/revisions"}],"predecessor-version":[{"id":593,"href":"http:\/\/artspopulaires.org\/index.php?rest_route=\/wp\/v2\/pages\/515\/revisions\/593"}],"wp:attachment":[{"href":"http:\/\/artspopulaires.org\/index.php?rest_route=%2Fwp%2Fv2%2Fmedia&parent=515"}],"curies":[{"name":"wp","href":"https:\/\/api.w.org\/{rel}","templated":true}]}}