{"id":49,"date":"2014-02-13T20:36:40","date_gmt":"2014-02-13T19:36:40","guid":{"rendered":"http:\/\/artspopulaires.org\/?page_id=49"},"modified":"2015-09-30T21:42:58","modified_gmt":"2015-09-30T20:42:58","slug":"activites-2014","status":"publish","type":"page","link":"http:\/\/artspopulaires.org\/?page_id=49","title":{"rendered":"Programmation 2014-2015"},"content":{"rendered":"<p style=\"text-align: justify;\">En plus d&rsquo;\u00eatre le propri\u00e9taire de l&rsquo;un des b\u00e2timents patrimoniaux les plus remarquables du Centre-du-Qu\u00e9bec, le centre des arts populaires de Nicolet est aussi un organisme \u00e0 but non lucratif vou\u00e9 \u00e0 l&rsquo;enrichissement de la culture et de la communaut\u00e9. \u00c0 chaque ann\u00e9e, la direction du centre organise et fait la promotion d&rsquo;\u00e9v\u00e9nements soulignant la cr\u00e9ativit\u00e9 des Nicol\u00e9tains et des environs.<\/p>\n<p style=\"text-align: justify;\"><em><strong>Calendrier des \u00e9v\u00e9nements<\/strong><\/em><\/p>\n<p style=\"text-align: justify;\">Lors de notre saison 2014-2015, nos principaux \u00e9v\u00e9nements furent les suivants :<\/p>\n<p style=\"text-align: justify;\"><em>1er au 22 mars<\/em> : <a title=\"Nicolet francoville 2014\" href=\"http:\/\/artspopulaires.org\/?page_id=193\">Nicolet Francoville 2014<\/a><br \/>\n<em>28 juin au 26 juillet <\/em>: <a title=\"Tranch\u00e9(e)s\" href=\"http:\/\/artspopulaires.org\/?page_id=290\">Tranch\u00e9(e)s, l&rsquo;exposition et la pi\u00e8ce de th\u00e9\u00e2tre<\/a><br \/>\n<em>31 octobre au 1er novembre<\/em> : <a title=\"L\u2019Halloween s\u2019enracine\" href=\"http:\/\/artspopulaires.org\/?page_id=528\">L&rsquo;Halloween s&rsquo;enracine<\/a><br \/>\n<em>21 au 23 novembre<\/em> : <a title=\"7e Rendez-vous des peintres\" href=\"http:\/\/artspopulaires.org\/?page_id=37\">Le 7e Rendez-vous des peintres<\/a><br \/>\n<em>29 au 30 novembre<\/em> : <a href=\"http:\/\/artspopulaires.org\/?page_id=165\">Le 5e Salon des arts populaires<\/a><br \/>\n<em>28 f\u00e9vrier et 1er mars :<\/em> <a href=\"http:\/\/artspopulaires.org\/?page_id=608\">Le<em> s<\/em>alon des collectionneurs<\/a><br \/>\n<em>2 au 5 mars<\/em> : <a title=\"Semaine des enfants Promutuel\" href=\"http:\/\/artspopulaires.org\/?page_id=659\">La semaine des enfants Promutuel<\/a><br \/>\n<em>7 et 8 mars<\/em> : <a href=\"http:\/\/artspopulaires.org\/?page_id=619\">La Grand-Messe du jeu<\/a><br \/>\n<em>19 mars<\/em> : <a href=\"http:\/\/artspopulaires.org\/wp-content\/uploads\/2014\/12\/La-Fleuve_hi_01_we.jpg\">Soir\u00e9e de contes \u00ab\u00a0La Fleuve\u00a0\u00bb avec Genevi\u00e8ve Falaise<\/a><br \/>\n<em>29 avril <\/em>: Vins et fromages du Centre des arts populaires<br \/>\n<em>13 juin <\/em>: <a title=\"Journ\u00e9e des dentelli\u00e8res 2015\" href=\"http:\/\/artspopulaires.org\/?page_id=677\">La journ\u00e9e des dentelli\u00e8res 2015<\/a><\/p>\n<p style=\"text-align: justify;\">Pour en savoir plus, nous vous invitons \u00e0 consulter les pages correspondant \u00e0 chacune de ces activit\u00e9s.<\/p>\n","protected":false},"excerpt":{"rendered":"<p>En plus d&rsquo;\u00eatre le propri\u00e9taire de l&rsquo;un des b\u00e2timents patrimoniaux les plus remarquables du Centre-du-Qu\u00e9bec, le centre des arts populaires de Nicolet est aussi un organisme \u00e0 but non lucratif vou\u00e9 \u00e0 l&rsquo;enrichissement de la culture et de la communaut\u00e9. \u00c0 chaque ann\u00e9e, la direction du centre organise et fait la promotion d&rsquo;\u00e9v\u00e9nements soulignant la [&hellip;]<\/p>\n","protected":false},"author":1,"featured_media":0,"parent":0,"menu_order":0,"comment_status":"closed","ping_status":"open","template":"","meta":{"footnotes":""},"_links":{"self":[{"href":"http:\/\/artspopulaires.org\/index.php?rest_route=\/wp\/v2\/pages\/49"}],"collection":[{"href":"http:\/\/artspopulaires.org\/index.php?rest_route=\/wp\/v2\/pages"}],"about":[{"href":"http:\/\/artspopulaires.org\/index.php?rest_route=\/wp\/v2\/types\/page"}],"author":[{"embeddable":true,"href":"http:\/\/artspopulaires.org\/index.php?rest_route=\/wp\/v2\/users\/1"}],"replies":[{"embeddable":true,"href":"http:\/\/artspopulaires.org\/index.php?rest_route=%2Fwp%2Fv2%2Fcomments&post=49"}],"version-history":[{"count":18,"href":"http:\/\/artspopulaires.org\/index.php?rest_route=\/wp\/v2\/pages\/49\/revisions"}],"predecessor-version":[{"id":746,"href":"http:\/\/artspopulaires.org\/index.php?rest_route=\/wp\/v2\/pages\/49\/revisions\/746"}],"wp:attachment":[{"href":"http:\/\/artspopulaires.org\/index.php?rest_route=%2Fwp%2Fv2%2Fmedia&parent=49"}],"curies":[{"name":"wp","href":"https:\/\/api.w.org\/{rel}","templated":true}]}}