{"id":426,"date":"2014-05-29T20:36:21","date_gmt":"2014-05-29T19:36:21","guid":{"rendered":"http:\/\/artspopulaires.org\/?page_id=426"},"modified":"2014-07-28T18:50:56","modified_gmt":"2014-07-28T17:50:56","slug":"theatre","status":"publish","type":"page","link":"http:\/\/artspopulaires.org\/?page_id=426","title":{"rendered":"Th\u00e9\u00e2tre"},"content":{"rendered":"<p><iframe src=\"\/\/www.youtube.com\/embed\/Oz5CME9bYE4\" width=\"560\" height=\"315\" frameborder=\"0\" allowfullscreen=\"allowfullscreen\"><\/iframe><\/p>\n<p style=\"text-align: justify;\">\u00a0\u00a0\u00a0\u00a0\u00a0\u00a0\u00a0\u00a0\u00a0 Ce n&rsquo;est pas la premi\u00e8re guerre mondiale qui est le sujet de ma pi\u00e8ce de th\u00e9\u00e2tre intitul\u00e9e \u00ab tranch\u00e9(e)s \u00bb. Je n&rsquo;ai jamais eu cette intention ni les moyens de l&rsquo;atteindre. D&rsquo;ailleurs, la remarquable s\u00e9rie t\u00e9l\u00e9vis\u00e9e intitul\u00e9e Apocalypse, pr\u00e9sentement diffus\u00e9e sur TV5, va bien au-del\u00e0 de tout ce que nous aurions pu envisager de pr\u00e9senter sur sc\u00e8ne.<\/p>\n<p style=\"text-align: justify;\">\u00a0\u00a0\u00a0\u00a0\u00a0\u00a0\u00a0\u00a0\u00a0 En situant l&rsquo;action de la pi\u00e8ce dans le milieu nicol\u00e9tain de 1917, au ras des marguerites locales, j&rsquo;ai voulu montrer l&rsquo;impact d&rsquo;une trag\u00e9die aussi invraisemblable sur les consciences des citoyens de la ville de Nicolet et des environs. Rappelons qu&rsquo;\u00e0 cette \u00e9poque, le simple fait de traverser le fleuve Saint-Laurent pour se rendre au march\u00e9 \u00e0 Trois-Rivi\u00e8res repr\u00e9sentait pour le Nicol\u00e9tain moyen un \u00e9v\u00e9nement hors du commun. Et pr\u00e9cisons que m\u00eame si Nicolet \u00e9tait le chef-lieu du dioc\u00e8se, sa population n&rsquo;\u00e9tait alors que de 2 945 habitants. Tout ce que j&rsquo;ai pu lire sur le sujet montre d&rsquo;ailleurs qu&rsquo;\u00e0 l&rsquo;exception de son \u00e9lite instruite et fortun\u00e9e, le Qu\u00e9bec tout entier vivait alors dans l&rsquo;ignorance du cours du monde. L&rsquo;Am\u00e9rique du Nord elle-m\u00eame n&rsquo;\u00e9tait qu&rsquo;une \u00eele prot\u00e9g\u00e9e des al\u00e9as de l&rsquo;histoire par les oc\u00e9ans qui l&rsquo;entourent. Ce n&rsquo;est donc pas par hasard que la pi\u00e8ce explore le destin parall\u00e8le de deux fr\u00e8res, Nazaire et Eug\u00e8ne, chacun retranch\u00e9 dans sa position id\u00e9ologique.<\/p>\n<p style=\"text-align: justify;\">\u00a0\u00a0\u00a0\u00a0\u00a0\u00a0\u00a0\u00a0\u00a0 L<img fetchpriority=\"high\" decoding=\"async\" class=\"alignleft wp-image-428\" src=\"http:\/\/artspopulaires.org\/wp-content\/uploads\/2014\/05\/Th\u00e9\u00e2tre1.png\" alt=\"Th\u00e9\u00e2tre\" width=\"400\" height=\"383\" srcset=\"http:\/\/artspopulaires.org\/wp-content\/uploads\/2014\/05\/Th\u00e9\u00e2tre1.png 603w, http:\/\/artspopulaires.org\/wp-content\/uploads\/2014\/05\/Th\u00e9\u00e2tre1-300x287.png 300w, http:\/\/artspopulaires.org\/wp-content\/uploads\/2014\/05\/Th\u00e9\u00e2tre1-156x150.png 156w, http:\/\/artspopulaires.org\/wp-content\/uploads\/2014\/05\/Th\u00e9\u00e2tre1-150x143.png 150w\" sizes=\"(max-width: 400px) 100vw, 400px\" \/>e premier, Nazaire, consid\u00e8re que les puissances europ\u00e9ennes ont d\u00e9j\u00e0 manifest\u00e9 assez d&rsquo;indiff\u00e9rence \u00e0 l&rsquo;endroit du Canada fran\u00e7ais pour que ce dernier leur rende la pareille. Il n&rsquo;a nullement envie d&rsquo;aller se battre pour aller d\u00e9fendre les Fran\u00e7ais, encore moins les Anglais. Il est le descendant t\u00eatu des pionniers qui se sont acharn\u00e9s \u00e0 installer leur prog\u00e9niture sur les rives du Saint-Laurent.<\/p>\n<p style=\"text-align: justify;\">\u00a0\u00a0\u00a0\u00a0\u00a0\u00a0\u00a0\u00a0\u00a0 Le second, Eug\u00e8ne, n&rsquo;a qu&rsquo;une envie : sortir de son petit milieu \u00e9touffant pour d\u00e9couvrir le monde. Une sorte de Survenant avant l&rsquo;heure. \u00c0 lui seul, il incarne le c\u00f4t\u00e9 \u00ab coureurs des bois \u00bb de ceux qui ont donn\u00e9 toute sa dimension \u00e0 l&rsquo;Am\u00e9rique fran\u00e7aise. Avec, entre les deux, une fra\u00eeche jeune fille d\u00e9pass\u00e9e par les \u00e9v\u00e9nements. \u00c9lise n&rsquo;a qu&rsquo;une seule ambition dans la vie, et c&rsquo;est de vivre. Pour y parvenir, elle sent qu&rsquo;elle doit s&rsquo;\u00e9lever un peu au-dessus de sa condition. \u00c0 premi\u00e8re vue, les circonstances inattendues de la guerre semblent contrarier cette intention.<\/p>\n<p style=\"text-align: justify;\">\u00a0\u00a0\u00a0\u00a0\u00a0\u00a0\u00a0\u00a0\u00a0 Mais n&rsquo;en disons pas davantage. Une pi\u00e8ce de th\u00e9\u00e2tre est faite pour \u00eatre d\u00e9couverte avant que d&rsquo;\u00eatre analys\u00e9e. \u00ab Tranch\u00e9(e)s \u00bb raconte une histoire, la n\u00f4tre. Laissons le conseiller historique, le metteur en sc\u00e8ne, les com\u00e9diens, les b\u00e2tisseurs de l&rsquo;exposition ainsi que la jardini\u00e8re de la Victoire nous la relater avant de nous y reconna\u00eetre dans l&rsquo;un ou l&rsquo;autre de ses protagonistes.<\/p>\n<p style=\"text-align: justify;\"><em>Louis Caron,<\/em><br \/>\n<em> \u00c9crivain<\/em><\/p>\n<p><a href=\"https:\/\/www.facebook.com\/Tranchees\"><img decoding=\"async\" class=\"alignleft wp-image-347\" src=\"http:\/\/artspopulaires.org\/wp-content\/uploads\/2014\/04\/facebook-150x150.png\" alt=\"facebook\" width=\"55\" height=\"55\" srcset=\"http:\/\/artspopulaires.org\/wp-content\/uploads\/2014\/04\/facebook-150x150.png 150w, http:\/\/artspopulaires.org\/wp-content\/uploads\/2014\/04\/facebook-300x300.png 300w, http:\/\/artspopulaires.org\/wp-content\/uploads\/2014\/04\/facebook.png 512w\" sizes=\"(max-width: 55px) 100vw, 55px\" \/><\/a><\/p>\n","protected":false},"excerpt":{"rendered":"<p>\u00a0\u00a0\u00a0\u00a0\u00a0\u00a0\u00a0\u00a0\u00a0 Ce n&rsquo;est pas la premi\u00e8re guerre mondiale qui est le sujet de ma pi\u00e8ce de th\u00e9\u00e2tre intitul\u00e9e \u00ab tranch\u00e9(e)s \u00bb. Je n&rsquo;ai jamais eu cette intention ni les moyens de l&rsquo;atteindre. D&rsquo;ailleurs, la remarquable s\u00e9rie t\u00e9l\u00e9vis\u00e9e intitul\u00e9e Apocalypse, pr\u00e9sentement diffus\u00e9e sur TV5, va bien au-del\u00e0 de tout ce que nous aurions pu envisager de [&hellip;]<\/p>\n","protected":false},"author":1,"featured_media":0,"parent":290,"menu_order":0,"comment_status":"closed","ping_status":"open","template":"","meta":{"footnotes":""},"_links":{"self":[{"href":"http:\/\/artspopulaires.org\/index.php?rest_route=\/wp\/v2\/pages\/426"}],"collection":[{"href":"http:\/\/artspopulaires.org\/index.php?rest_route=\/wp\/v2\/pages"}],"about":[{"href":"http:\/\/artspopulaires.org\/index.php?rest_route=\/wp\/v2\/types\/page"}],"author":[{"embeddable":true,"href":"http:\/\/artspopulaires.org\/index.php?rest_route=\/wp\/v2\/users\/1"}],"replies":[{"embeddable":true,"href":"http:\/\/artspopulaires.org\/index.php?rest_route=%2Fwp%2Fv2%2Fcomments&post=426"}],"version-history":[{"count":17,"href":"http:\/\/artspopulaires.org\/index.php?rest_route=\/wp\/v2\/pages\/426\/revisions"}],"predecessor-version":[{"id":492,"href":"http:\/\/artspopulaires.org\/index.php?rest_route=\/wp\/v2\/pages\/426\/revisions\/492"}],"up":[{"embeddable":true,"href":"http:\/\/artspopulaires.org\/index.php?rest_route=\/wp\/v2\/pages\/290"}],"wp:attachment":[{"href":"http:\/\/artspopulaires.org\/index.php?rest_route=%2Fwp%2Fv2%2Fmedia&parent=426"}],"curies":[{"name":"wp","href":"https:\/\/api.w.org\/{rel}","templated":true}]}}