{"id":37,"date":"2014-02-13T19:52:56","date_gmt":"2014-02-13T18:52:56","guid":{"rendered":"http:\/\/artspopulaires.org\/?page_id=37"},"modified":"2014-12-10T20:12:29","modified_gmt":"2014-12-10T19:12:29","slug":"rendez-vous-des-peintres-2014","status":"publish","type":"page","link":"http:\/\/artspopulaires.org\/?page_id=37","title":{"rendered":"Rendez-vous des peintres 2014"},"content":{"rendered":"<p style=\"text-align: left;\"><img fetchpriority=\"high\" decoding=\"async\" class=\"wp-image-47 alignnone\" src=\"http:\/\/artspopulaires.org\/wp-content\/uploads\/2014\/02\/logo-7e-RVP-+-dates.jpg\" alt=\"logo 7e RVP + dates\" width=\"640\" height=\"231\" \/><\/p>\n<p style=\"text-align: justify;\">Pour une 7e \u00e9dition cette ann\u00e9e, le Centre des arts populaires de Nicolet a pr\u00e9sent\u00e9 le Rendez-vous des peintres. En 2013, c&rsquo;\u00e9taient plus d&rsquo;une trentaine d&rsquo;artistes nicol\u00e9tains et des environs qui avaient expos\u00e9 leurs cr\u00e9ations dans la Grande salle du centre. L&rsquo;exp\u00e9rience fut renouvel\u00e9e lors des 21-22-23 novembre 2014.<\/p>\n<p>Voici la liste des exposants qui pr\u00e9sent\u00e8rent au 7e Rendez-vous des peintres :<\/p>\n<p>[ezcol_1half]<\/p>\n<ul>\n<li>Jean Brassard<\/li>\n<li>Monique Cantin<\/li>\n<li>Lise Champagne<\/li>\n<li>Michel Desharnais<\/li>\n<li>Nicole Dubuc<\/li>\n<li>Monique Duguay<\/li>\n<li>Francine Gauron<\/li>\n<li>Denise Gazaille<\/li>\n<li>Mariette Gigu\u00e8re-Corriveau<\/li>\n<li>Paul H\u00e9bert<\/li>\n<li>Raymonde Lafond<\/li>\n<li>Andr\u00e9 Lafontaine<\/li>\n<li>Jacques Lamothe<\/li>\n<li>Myriam Leblanc<\/li>\n<li>Lisette Lefebvre<\/li>\n<li>Jean Lemire<\/li>\n<\/ul>\n<p>[\/ezcol_1half]<\/p>\n<ul>\n<li>Diane L\u00e9vesque<\/li>\n<li>Nicole Levreault<\/li>\n<li>Guy Longpr\u00e9<\/li>\n<li>Line Moreau<\/li>\n<li>Myriam Moreau<\/li>\n<li>Serge Nadeau<\/li>\n<li>Linda Ole-Aubut<\/li>\n<li>Pierre-Andr\u00e9 Paquin<\/li>\n<li>Katia Racine<\/li>\n<li>Anne Ren\u00e9 de Cotret<\/li>\n<li>Denise Rouette<\/li>\n<li>Jacques S\u00e9vigny<\/li>\n<li>Judith St-Hilaire<\/li>\n<li>Michelle J. Tr\u00e9panier<\/li>\n<li>Josianne T. Rousseau<\/li>\n<li>Zabel<\/li>\n<\/ul>\n<p><a href=\"http:\/\/artspopulaires.org\/wp-content\/uploads\/2014\/02\/Affiche-Peintres-page-001.jpg\"><img decoding=\"async\" class=\"alignleft size-large wp-image-550\" src=\"http:\/\/artspopulaires.org\/wp-content\/uploads\/2014\/02\/Affiche-Peintres-page-001-682x1024.jpg\" alt=\"Affiche Peintres-page-001\" width=\"682\" height=\"1024\" srcset=\"http:\/\/artspopulaires.org\/wp-content\/uploads\/2014\/02\/Affiche-Peintres-page-001-682x1024.jpg 682w, http:\/\/artspopulaires.org\/wp-content\/uploads\/2014\/02\/Affiche-Peintres-page-001-200x300.jpg 200w, http:\/\/artspopulaires.org\/wp-content\/uploads\/2014\/02\/Affiche-Peintres-page-001-100x150.jpg 100w, http:\/\/artspopulaires.org\/wp-content\/uploads\/2014\/02\/Affiche-Peintres-page-001.jpg 1800w\" sizes=\"(max-width: 682px) 100vw, 682px\" \/><\/a><\/p>\n","protected":false},"excerpt":{"rendered":"<p>Pour une 7e \u00e9dition cette ann\u00e9e, le Centre des arts populaires de Nicolet a pr\u00e9sent\u00e9 le Rendez-vous des peintres. En 2013, c&rsquo;\u00e9taient plus d&rsquo;une trentaine d&rsquo;artistes nicol\u00e9tains et des environs qui avaient expos\u00e9 leurs cr\u00e9ations dans la Grande salle du centre. L&rsquo;exp\u00e9rience fut renouvel\u00e9e lors des 21-22-23 novembre 2014. Voici la liste des exposants qui [&hellip;]<\/p>\n","protected":false},"author":1,"featured_media":0,"parent":0,"menu_order":0,"comment_status":"closed","ping_status":"open","template":"","meta":{"footnotes":""},"_links":{"self":[{"href":"http:\/\/artspopulaires.org\/index.php?rest_route=\/wp\/v2\/pages\/37"}],"collection":[{"href":"http:\/\/artspopulaires.org\/index.php?rest_route=\/wp\/v2\/pages"}],"about":[{"href":"http:\/\/artspopulaires.org\/index.php?rest_route=\/wp\/v2\/types\/page"}],"author":[{"embeddable":true,"href":"http:\/\/artspopulaires.org\/index.php?rest_route=\/wp\/v2\/users\/1"}],"replies":[{"embeddable":true,"href":"http:\/\/artspopulaires.org\/index.php?rest_route=%2Fwp%2Fv2%2Fcomments&post=37"}],"version-history":[{"count":32,"href":"http:\/\/artspopulaires.org\/index.php?rest_route=\/wp\/v2\/pages\/37\/revisions"}],"predecessor-version":[{"id":591,"href":"http:\/\/artspopulaires.org\/index.php?rest_route=\/wp\/v2\/pages\/37\/revisions\/591"}],"wp:attachment":[{"href":"http:\/\/artspopulaires.org\/index.php?rest_route=%2Fwp%2Fv2%2Fmedia&parent=37"}],"curies":[{"name":"wp","href":"https:\/\/api.w.org\/{rel}","templated":true}]}}