{"id":290,"date":"2014-04-25T21:18:52","date_gmt":"2014-04-25T20:18:52","guid":{"rendered":"http:\/\/artspopulaires.org\/?page_id=290"},"modified":"2014-12-10T20:12:45","modified_gmt":"2014-12-10T19:12:45","slug":"tranchees","status":"publish","type":"page","link":"http:\/\/artspopulaires.org\/?page_id=290","title":{"rendered":"Tranch\u00e9(e)s"},"content":{"rendered":"<p>\ufeff<\/p>\n<h5><em><strong>Une \u00e9pop\u00e9e militaire dans la vie nicol\u00e9taine.<\/strong><\/em><\/h5>\n<p>&nbsp;<\/p>\n<h5 style=\"text-align: justify;\"><em><strong><a href=\"http:\/\/artspopulaires.org\/wp-content\/uploads\/2014\/04\/Aubaines-NRJ.png\"><img decoding=\"async\" class=\"alignleft wp-image-459\" src=\"http:\/\/artspopulaires.org\/wp-content\/uploads\/2014\/04\/Aubaines-NRJ.png\" alt=\"\" width=\"180\" height=\"180\" srcset=\"http:\/\/artspopulaires.org\/wp-content\/uploads\/2014\/04\/Aubaines-NRJ.png 600w, http:\/\/artspopulaires.org\/wp-content\/uploads\/2014\/04\/Aubaines-NRJ-150x150.png 150w, http:\/\/artspopulaires.org\/wp-content\/uploads\/2014\/04\/Aubaines-NRJ-300x300.png 300w\" sizes=\"(max-width: 180px) 100vw, 180px\" \/><\/a><\/strong><\/em><\/h5>\n<p style=\"text-align: justify;\">          L&rsquo;ann\u00e9e 2014 sonnera le centenaire de la Premi\u00e8re Guerre mondiale. Pour la premi\u00e8re fois dans son histoire, la plan\u00e8te enti\u00e8re fut d\u00e9chir\u00e9e par un conflit meurtrier et d\u00e9chirant. Dans l&rsquo;ensemble des nations touch\u00e9es par la guerre, le peuple, hommes et femmes, fut mobilis\u00e9 afin de soutenir l&rsquo;effort de guerre. Que ce soit sur le front et dans les tranch\u00e9es, dans les usines et les campagnes, la population de l&rsquo;\u00e9poque dut faire mille sacrifices pour la cause. Les Nicol\u00e9tains, en tant que Canadiens-Fran\u00e7ais de l&rsquo;Empire britannique, contribu\u00e8rent aussi \u00e0 cet effort inou\u00ef.<\/p>\n<p style=\"text-align: justify;\">          Tranch\u00e9(e)s est une initiative de plusieurs partenaires et acteurs de la vie culturelle nicol\u00e9taine. Pi\u00e8ce de th\u00e9\u00e2tre, jardins de la victoire, exposition d&rsquo;artefacts et de reconstitutions, concert de musique militaire et autres activit\u00e9s ponctueront la p\u00e9riode estivale 2014. Par l&rsquo;art et la culture populaire, vous adopterez le point de vue des Nicol\u00e9tains qui furent boulevers\u00e9s par la Grande Guerre et red\u00e9couvrirez un pan trop souvent oubli\u00e9 de notre histoire.<\/p>\n<p><a href=\"http:\/\/artspopulaires.org\/?page_id=388\" target=\"_self\"><img fetchpriority=\"high\" decoding=\"async\" src=\"http:\/\/artspopulaires.org\/wp-content\/uploads\/2014\/05\/Jardins-de-la-victoire.jpg\" height=\"300\" width=\"300\" data-title=\" Jardin de la victoire\" alt=\"\" class=\"slider-364 slide-356\" \/><\/a><\/p>\n<p><a href=\"http:\/\/artspopulaires.org\/?page_id=411\" target=\"_self\"><img decoding=\"async\" src=\"http:\/\/artspopulaires.org\/wp-content\/uploads\/2014\/05\/Lancashire_Fusiliers_trench_Beaumont_Hamel_1916-300x300.jpg\" height=\"300\" width=\"300\" data-title=\"Exposition\" alt=\"\" class=\"slider-376 slide-377\" \/><\/a><\/p>\n<p><a href=\"http:\/\/artspopulaires.org\/?page_id=426\" target=\"_self\"><img loading=\"lazy\" decoding=\"async\" src=\"http:\/\/artspopulaires.org\/wp-content\/uploads\/2014\/05\/Th\u00e9\u00e2tre-300x300.png\" height=\"300\" width=\"300\" data-title=\"Th&eacute;&acirc;tre\" alt=\"\" class=\"slider-378 slide-379\" \/><\/a><\/p>\n<h5><em><strong> Photos<\/strong><\/em><\/h5>\n<p><a href=\"http:\/\/artspopulaires.org\/wp-content\/uploads\/2014\/07\/IMG_1829.jpg\" target=\"_self\"><img loading=\"lazy\" decoding=\"async\" src=\"http:\/\/artspopulaires.org\/wp-content\/uploads\/2014\/07\/IMG_1829-800x500.jpg\" height=\"500\" width=\"800\" data-title=\"Le Jardin de la victoire\" alt=\"\" class=\"slider-467 slide-468\" \/><\/a><br \/>\n<a href=\"http:\/\/artspopulaires.org\/wp-content\/uploads\/2014\/07\/IMG_1847.jpg\" target=\"_self\"><img loading=\"lazy\" decoding=\"async\" src=\"http:\/\/artspopulaires.org\/wp-content\/uploads\/2014\/07\/IMG_1847-800x500.jpg\" height=\"500\" width=\"800\" data-title=\"Duo du Royal 22e r&eacute;giment \" alt=\"\" class=\"slider-467 slide-469\" \/><\/a><br \/>\n<a href=\"http:\/\/artspopulaires.org\/wp-content\/uploads\/2014\/07\/IMG_1860.jpg\" target=\"_self\"><img loading=\"lazy\" decoding=\"async\" src=\"http:\/\/artspopulaires.org\/wp-content\/uploads\/2014\/07\/IMG_1860-800x500.jpg\" height=\"500\" width=\"800\" data-title=\"Exposition &quot;Parall&egrave;le&quot;\" alt=\"\" class=\"slider-467 slide-470\" \/><\/a><br \/>\n<a href=\"http:\/\/artspopulaires.org\/wp-content\/uploads\/2014\/07\/IMG_6478.jpg\" target=\"_self\"><img loading=\"lazy\" decoding=\"async\" src=\"http:\/\/artspopulaires.org\/wp-content\/uploads\/2014\/07\/IMG_6478-800x500.jpg\" height=\"500\" width=\"800\" data-title=\"Exposition &quot;Parall&egrave;le&quot;\" alt=\"\" class=\"slider-467 slide-473\" \/><\/a><br \/>\n<a href=\"http:\/\/artspopulaires.org\/wp-content\/uploads\/2014\/07\/IMG_6485.jpg\" target=\"_self\"><img loading=\"lazy\" decoding=\"async\" src=\"http:\/\/artspopulaires.org\/wp-content\/uploads\/2014\/07\/IMG_6485-800x500.jpg\" height=\"500\" width=\"800\" data-title=\"Les tranch&eacute;es et le zeppelin\" alt=\"\" class=\"slider-467 slide-474\" \/><\/a><br \/>\n<a href=\"http:\/\/artspopulaires.org\/wp-content\/uploads\/2014\/07\/IMG_6465.jpg\" target=\"_self\"><img loading=\"lazy\" decoding=\"async\" src=\"http:\/\/artspopulaires.org\/wp-content\/uploads\/2014\/07\/IMG_6465-800x500.jpg\" height=\"500\" width=\"800\" data-title=\"Les tranch&eacute;es \" alt=\"\" class=\"slider-467 slide-472\" \/><\/a><br \/>\n<a href=\"http:\/\/artspopulaires.org\/wp-content\/uploads\/2014\/07\/IMG_1863.jpg\" target=\"_self\"><img loading=\"lazy\" decoding=\"async\" src=\"http:\/\/artspopulaires.org\/wp-content\/uploads\/2014\/07\/IMG_1863-800x500.jpg\" height=\"500\" width=\"800\" data-title=\"La sc&egrave;ne de Tranch&eacute;(e)s et la salle de spectacle\" alt=\"\" class=\"slider-467 slide-471\" \/><\/a><br \/>\n<a href=\"http:\/\/artspopulaires.org\/wp-content\/uploads\/2014\/07\/les-coquelicots-001.jpg\" target=\"_self\"><img loading=\"lazy\" decoding=\"async\" src=\"http:\/\/artspopulaires.org\/wp-content\/uploads\/2014\/07\/les-coquelicots-001-800x500.jpg\" height=\"500\" width=\"800\" data-title=\"Les coquelicots de la m&eacute;moire\" alt=\"\" class=\"slider-467 slide-481\" \/><\/a><\/p>\n","protected":false},"excerpt":{"rendered":"<p>\ufeff Une \u00e9pop\u00e9e militaire dans la vie nicol\u00e9taine. &nbsp; L&rsquo;ann\u00e9e 2014 sonnera le centenaire de la Premi\u00e8re Guerre mondiale. Pour la premi\u00e8re fois dans son histoire, la plan\u00e8te enti\u00e8re fut d\u00e9chir\u00e9e par un conflit meurtrier et d\u00e9chirant. Dans l&rsquo;ensemble des nations touch\u00e9es par la guerre, le peuple, hommes et femmes, fut mobilis\u00e9 afin de soutenir [&hellip;]<\/p>\n","protected":false},"author":1,"featured_media":0,"parent":49,"menu_order":0,"comment_status":"closed","ping_status":"open","template":"","meta":{"footnotes":""},"_links":{"self":[{"href":"http:\/\/artspopulaires.org\/index.php?rest_route=\/wp\/v2\/pages\/290"}],"collection":[{"href":"http:\/\/artspopulaires.org\/index.php?rest_route=\/wp\/v2\/pages"}],"about":[{"href":"http:\/\/artspopulaires.org\/index.php?rest_route=\/wp\/v2\/types\/page"}],"author":[{"embeddable":true,"href":"http:\/\/artspopulaires.org\/index.php?rest_route=\/wp\/v2\/users\/1"}],"replies":[{"embeddable":true,"href":"http:\/\/artspopulaires.org\/index.php?rest_route=%2Fwp%2Fv2%2Fcomments&post=290"}],"version-history":[{"count":69,"href":"http:\/\/artspopulaires.org\/index.php?rest_route=\/wp\/v2\/pages\/290\/revisions"}],"predecessor-version":[{"id":594,"href":"http:\/\/artspopulaires.org\/index.php?rest_route=\/wp\/v2\/pages\/290\/revisions\/594"}],"up":[{"embeddable":true,"href":"http:\/\/artspopulaires.org\/index.php?rest_route=\/wp\/v2\/pages\/49"}],"wp:attachment":[{"href":"http:\/\/artspopulaires.org\/index.php?rest_route=%2Fwp%2Fv2%2Fmedia&parent=290"}],"curies":[{"name":"wp","href":"https:\/\/api.w.org\/{rel}","templated":true}]}}