{"id":193,"date":"2014-02-19T18:23:51","date_gmt":"2014-02-19T17:23:51","guid":{"rendered":"http:\/\/artspopulaires.org\/?page_id=193"},"modified":"2014-12-10T20:12:55","modified_gmt":"2014-12-10T19:12:55","slug":"nicolet-francoville-2014","status":"publish","type":"page","link":"http:\/\/artspopulaires.org\/?page_id=193","title":{"rendered":"Nicolet francoville 2014"},"content":{"rendered":"<p>&nbsp;<\/p>\n<p style=\"text-align: justify;\">La Ville de Ni<a href=\"http:\/\/artspopulaires.org\/wp-content\/uploads\/2014\/02\/Logo-Nicolet-Francoville.jpg\"><img decoding=\"async\" class=\"size-medium wp-image-216 alignleft\" src=\"http:\/\/artspopulaires.org\/wp-content\/uploads\/2014\/02\/Logo-Nicolet-Francoville-164x300.jpg\" alt=\"Logo Nicolet Francoville\" width=\"164\" height=\"300\" srcset=\"http:\/\/artspopulaires.org\/wp-content\/uploads\/2014\/02\/Logo-Nicolet-Francoville-164x300.jpg 164w, http:\/\/artspopulaires.org\/wp-content\/uploads\/2014\/02\/Logo-Nicolet-Francoville-561x1024.jpg 561w, http:\/\/artspopulaires.org\/wp-content\/uploads\/2014\/02\/Logo-Nicolet-Francoville-82x150.jpg 82w, http:\/\/artspopulaires.org\/wp-content\/uploads\/2014\/02\/Logo-Nicolet-Francoville.jpg 940w\" sizes=\"(max-width: 164px) 100vw, 164px\" \/><\/a>colet a \u00e9t\u00e9 choisie comme Francoville conjointement par l\u2019Office qu\u00e9b\u00e9cois de la langue fran\u00e7aise et l\u2019Association Qu\u00e9bec- France pour souligner la Francof\u00eate 2014. <span class=\"ft3\">Du 1<\/span><span class=\"ft4\">er <\/span><span class=\"ft3\">au 22 mars, tous les Nicol\u00e9tains et <\/span>Nicol\u00e9taines sont invit\u00e9s \u00e0 venir c\u00e9l\u00e9brer la volont\u00e9 et le plaisir de vivre en fran\u00e7ais. L\u2019\u00e9crivain Louis Caron, <span class=\"ft5\">celui qui met en sc\u00e8ne et dans les livres, la vitalit\u00e9 de la langue fran\u00e7aise au Qu\u00e9bec et dans le monde, <\/span>sera le porte-parole de cette grande f\u00eate de la francophonie.<\/p>\n<p class=\"p6 ft5\" style=\"text-align: justify;\">Une soir\u00e9e de lancement et un gala de fermeture encadrent une foule d\u2019activit\u00e9s diversifi\u00e9es, notamment une dict\u00e9e, une soir\u00e9e de lecture, une rencontre d\u2019auteurs, une projection de film et une semaine de jeux destin\u00e9e aux enfants. Toutes ces activit\u00e9s se d\u00e9rouleront principalement au Centre des arts populaires, mais aussi, dans les \u00e9coles, le Mus\u00e9e des religions du monde et la Maison et atelier Rodolphe-Duguay. Des restaurants et caf\u00e9t\u00e9rias offriront \u00e0 leur client\u00e8le un napperon comportant des jeux sur la langue. Diff\u00e9rents prix de participation seront remis lors du gala de cl\u00f4ture. <span class=\"ft3\">Nicolet Francoville 2014 <\/span>a \u00e9galement un volet international puisque des activit\u00e9s parall\u00e8les sont aussi organis\u00e9es avec des communaut\u00e9s amies de la Vall\u00e9e de la Dordogne, dans le P\u00e9rigord noir en France.<\/p>\n<p class=\"p7 ft5\" style=\"text-align: justify;\">Tout au long de la f\u00eate, les dix mots de la Francophonie : <span class=\"ft3\">ambiancer<\/span>, <span class=\"ft3\">\u00e0 <\/span><span class=\"ft3\">tire-larigot<\/span>, <span class=\"ft3\">charivari<\/span>, <span class=\"ft3\">s\u2019enlivrer<\/span>, <span class=\"ft3\">faribole<\/span>, <span class=\"ft3\">hurluberlu<\/span>, <span class=\"ft3\">ouf<\/span>, <span class=\"ft3\">timbr\u00e9<\/span>, <span class=\"ft3\">tohu-bohu <\/span>et <span class=\"ft3\">zigzag <\/span>circuleront \u00e0 travers des activit\u00e9s, des concours et des jeux tant au Qu\u00e9bec qu&rsquo;ailleurs dans le monde.<\/p>\n<p class=\"p9 ft3\" style=\"text-align: justify;\">Nicolet Francoville 2014 est une production du Centre des arts populaires <span class=\"ft5\">support\u00e9 par un comit\u00e9 organisateur compos\u00e9 de repr\u00e9sentants de la Ville de Nicolet, de l\u2019Association <\/span><span class=\"ft5\">Qu\u00e9bec-France<\/span><span class=\"ft5\"> nationale et r\u00e9gionale <\/span><span class=\"ft5\">(Mauricie-C\u0153ur-du-Qu\u00e9bec),<\/span><span class=\"ft5\"> de la Soci\u00e9t\u00e9 <\/span><span class=\"ft5\">Saint-Jean-Baptiste<\/span><span class=\"ft5\"> du <\/span><span class=\"ft5\">Centre-du-Qu\u00e9bec<\/span><span class=\"ft5\"> et de sa section de Nicolet, de la Commission scolaire de la Riveraine, de l\u2019Office de tourisme de <\/span><span class=\"ft5\">Nicolet-Yamaska<\/span><span class=\"ft5\"> et de l\u2019Association des retrait\u00e9s de l\u2019enseignement du Qu\u00e9bec.<\/span><\/p>\n<p class=\"p10 ft5\" style=\"text-align: justify;\">Au Qu\u00e9bec, la <span class=\"ft3\">Francof\u00eate <\/span>est une grande c\u00e9l\u00e9bration en l&rsquo;honneur du fran\u00e7ais qui se tient depuis 1997. Les <span class=\"ft3\">Francovilles<\/span>, quant \u00e0 elles, n\u2019existent que depuis 2003. Onzi\u00e8me ville au Qu\u00e9bec \u00e0 obtenir le titre, Nicolet est la premi\u00e8re ville des r\u00e9gions Centre-du-Qu\u00e9bec et Mauricie \u00e0 obtenir cet honneur.<\/p>\n<p class=\"p11 ft5\" style=\"text-align: justify;\">La Petite Histoire veut que le S\u00e9minaire de Nicolet ait \u00e9t\u00e9 fond\u00e9, au d\u00e9but du 19<span class=\"ft8\">e <\/span>si\u00e8cle dans le but d\u2019assurer la conservation de l\u2019enseignement du fran\u00e7ais \u00e0 nos \u00e9lites. C\u2019est un juste retour des choses que, pr\u00e8s de 200 ans plus tard, Nicolet soit reconnue Francoville.<\/p>\n<p class=\"p12 ft9\" style=\"text-align: justify;\">La population est invit\u00e9e \u00e0 participer en grand nombre \u00e0 toutes les activit\u00e9s. <span class=\"ft3\">Pour plus de renseignements, consultez le <a href=\"http:\/\/www.ville.nicolet.qc.ca\/\">http:\/\/www.ville.nicolet.qc.ca\/ <\/a>ou composez le 819 <\/span><span class=\"ft3\">293-4646.<\/span><\/p>\n<p class=\"p12 ft9\"><strong><em>Informations suppl\u00e9mentaires<\/em><\/strong><\/p>\n<ul>\n<li><a href=\"http:\/\/artspopulaires.org\/wp-content\/uploads\/2014\/02\/programmation-feuillet-vf.pdf\">Programmation des activit\u00e9s<\/a><\/li>\n<\/ul>\n<p>&nbsp;<\/p>\n","protected":false},"excerpt":{"rendered":"<p>&nbsp; La Ville de Nicolet a \u00e9t\u00e9 choisie comme Francoville conjointement par l\u2019Office qu\u00e9b\u00e9cois de la langue fran\u00e7aise et l\u2019Association Qu\u00e9bec- France pour souligner la Francof\u00eate 2014. Du 1er au 22 mars, tous les Nicol\u00e9tains et Nicol\u00e9taines sont invit\u00e9s \u00e0 venir c\u00e9l\u00e9brer la volont\u00e9 et le plaisir de vivre en fran\u00e7ais. L\u2019\u00e9crivain Louis Caron, celui [&hellip;]<\/p>\n","protected":false},"author":1,"featured_media":0,"parent":0,"menu_order":0,"comment_status":"closed","ping_status":"open","template":"","meta":{"footnotes":""},"_links":{"self":[{"href":"http:\/\/artspopulaires.org\/index.php?rest_route=\/wp\/v2\/pages\/193"}],"collection":[{"href":"http:\/\/artspopulaires.org\/index.php?rest_route=\/wp\/v2\/pages"}],"about":[{"href":"http:\/\/artspopulaires.org\/index.php?rest_route=\/wp\/v2\/types\/page"}],"author":[{"embeddable":true,"href":"http:\/\/artspopulaires.org\/index.php?rest_route=\/wp\/v2\/users\/1"}],"replies":[{"embeddable":true,"href":"http:\/\/artspopulaires.org\/index.php?rest_route=%2Fwp%2Fv2%2Fcomments&post=193"}],"version-history":[{"count":33,"href":"http:\/\/artspopulaires.org\/index.php?rest_route=\/wp\/v2\/pages\/193\/revisions"}],"predecessor-version":[{"id":595,"href":"http:\/\/artspopulaires.org\/index.php?rest_route=\/wp\/v2\/pages\/193\/revisions\/595"}],"wp:attachment":[{"href":"http:\/\/artspopulaires.org\/index.php?rest_route=%2Fwp%2Fv2%2Fmedia&parent=193"}],"curies":[{"name":"wp","href":"https:\/\/api.w.org\/{rel}","templated":true}]}}