{"id":1486,"date":"2020-02-25T20:32:56","date_gmt":"2020-02-25T19:32:56","guid":{"rendered":"http:\/\/artspopulaires.org\/?page_id=1486"},"modified":"2020-02-25T20:49:59","modified_gmt":"2020-02-25T19:49:59","slug":"la-semaine-des-enfants-promutuel-2020","status":"publish","type":"page","link":"http:\/\/artspopulaires.org\/?page_id=1486","title":{"rendered":"La Semaine des enfants Promutuel 2020"},"content":{"rendered":"<p style=\"text-align: justify;\">La Semaine des enfants <strong>PROMUTUEL<\/strong> du Centre des arts populaires de Nicolet se tiendra du lundi 2 mars au vendredi 6 mars de 10 h \u00e0 16 h. Nos activit\u00e9s pour les familles pendant la semaine de rel\u00e2che de la Commission scolaire de La Riveraine sont maintenant une tradition. Encore une fois cette ann\u00e9e, la grande salle s\u2019emplira de grosses structures gonflables tandis que des jeux d\u2019adresse et de strat\u00e9gie attendront les jeunes et leurs parents dans la salle Jean-Paul-Charland.<\/p>\n<p style=\"text-align: justify;\"><a href=\"http:\/\/artspopulaires.org\/wp-content\/uploads\/2020\/02\/Affiche-semaine-des-enfants-2020.png\"><img fetchpriority=\"high\" decoding=\"async\" class=\"alignright wp-image-1490\" src=\"http:\/\/artspopulaires.org\/wp-content\/uploads\/2020\/02\/Affiche-semaine-des-enfants-2020-663x1024.png\" alt=\"\" width=\"331\" height=\"512\" srcset=\"http:\/\/artspopulaires.org\/wp-content\/uploads\/2020\/02\/Affiche-semaine-des-enfants-2020-663x1024.png 663w, http:\/\/artspopulaires.org\/wp-content\/uploads\/2020\/02\/Affiche-semaine-des-enfants-2020-194x300.png 194w, http:\/\/artspopulaires.org\/wp-content\/uploads\/2020\/02\/Affiche-semaine-des-enfants-2020-768x1187.png 768w, http:\/\/artspopulaires.org\/wp-content\/uploads\/2020\/02\/Affiche-semaine-des-enfants-2020-97x150.png 97w, http:\/\/artspopulaires.org\/wp-content\/uploads\/2020\/02\/Affiche-semaine-des-enfants-2020.png 1100w\" sizes=\"(max-width: 331px) 100vw, 331px\" \/><\/a>Des journ\u00e9es de plaisir garanti offertes \u00e0 un tarif vraiment populaire :<\/p>\n<ul style=\"text-align: justify;\">\n<li style=\"list-style-type: none;\">\n<ul>\n<li style=\"list-style-type: none;\">\n<ul>\n<li style=\"text-align: justify;\">5$ pour un enfant<\/li>\n<\/ul>\n<\/li>\n<\/ul>\n<ul>\n<li style=\"list-style-type: none;\">\n<ul>\n<li>10$ pour deux enfants ou plus (de la m\u00eame famille)<\/li>\n<\/ul>\n<\/li>\n<\/ul>\n<\/li>\n<\/ul>\n<ul style=\"text-align: justify;\">\n<li style=\"list-style-type: none;\"><\/li>\n<\/ul>\n<p style=\"text-align: justify;\">Bien s\u00fbr, le tout est gratuit pour les parents accompagnateurs. Pour quelques sous de plus <strong>Mary Maquille &amp; Cie<\/strong> sera sur place pour transformer les petits boutchoux en oursons, super h\u00e9ros ou princesses.<\/p>\n<p style=\"text-align: justify;\">Toutes ces activit\u00e9s sont rendues possibles gr\u00e2ce la collaboration de Promutuel Verch\u00e8res \u2013 Les Forges et \u00e0 une participation concert\u00e9e des pharmacies Jean Coutu et Uniprix de Nicolet. Pendant la semaine de rel\u00e2che, la Semaine des enfants Promutuel est une belle opportunit\u00e9 pour offrir \u00e0 votre petite famille des activit\u00e9s amusantes, diversifi\u00e9es et abordables.<\/p>\n<p style=\"text-align: justify;\">Le Centre des arts populaires est situ\u00e9 au 725 du boulevard Louis-Fr\u00e9chette \u00e0 Nicolet.<\/p>\n","protected":false},"excerpt":{"rendered":"<p>La Semaine des enfants PROMUTUEL du Centre des arts populaires de Nicolet se tiendra du lundi 2 mars au vendredi 6 mars de 10 h \u00e0 16 h. Nos activit\u00e9s pour les familles pendant la semaine de rel\u00e2che de la Commission scolaire de La Riveraine sont maintenant une tradition. Encore une fois cette ann\u00e9e, la [&hellip;]<\/p>\n","protected":false},"author":1,"featured_media":0,"parent":0,"menu_order":0,"comment_status":"closed","ping_status":"closed","template":"","meta":{"footnotes":""},"_links":{"self":[{"href":"http:\/\/artspopulaires.org\/index.php?rest_route=\/wp\/v2\/pages\/1486"}],"collection":[{"href":"http:\/\/artspopulaires.org\/index.php?rest_route=\/wp\/v2\/pages"}],"about":[{"href":"http:\/\/artspopulaires.org\/index.php?rest_route=\/wp\/v2\/types\/page"}],"author":[{"embeddable":true,"href":"http:\/\/artspopulaires.org\/index.php?rest_route=\/wp\/v2\/users\/1"}],"replies":[{"embeddable":true,"href":"http:\/\/artspopulaires.org\/index.php?rest_route=%2Fwp%2Fv2%2Fcomments&post=1486"}],"version-history":[{"count":6,"href":"http:\/\/artspopulaires.org\/index.php?rest_route=\/wp\/v2\/pages\/1486\/revisions"}],"predecessor-version":[{"id":1497,"href":"http:\/\/artspopulaires.org\/index.php?rest_route=\/wp\/v2\/pages\/1486\/revisions\/1497"}],"wp:attachment":[{"href":"http:\/\/artspopulaires.org\/index.php?rest_route=%2Fwp%2Fv2%2Fmedia&parent=1486"}],"curies":[{"name":"wp","href":"https:\/\/api.w.org\/{rel}","templated":true}]}}