{"id":1479,"date":"2020-01-21T20:57:55","date_gmt":"2020-01-21T19:57:55","guid":{"rendered":"http:\/\/artspopulaires.org\/?page_id=1479"},"modified":"2020-01-21T21:33:42","modified_gmt":"2020-01-21T20:33:42","slug":"concert-de-lorchestre-symphonique-et-drummondville","status":"publish","type":"page","link":"http:\/\/artspopulaires.org\/?page_id=1479","title":{"rendered":"Concert de l&rsquo;Orchestre symphonique et Drummondville"},"content":{"rendered":"<p style=\"text-align: justify;\"><a href=\"http:\/\/artspopulaires.org\/wp-content\/uploads\/2020\/01\/Affiche.png\"><img fetchpriority=\"high\" decoding=\"async\" class=\"alignright wp-image-1480 size-medium\" src=\"http:\/\/artspopulaires.org\/wp-content\/uploads\/2020\/01\/Affiche-194x300.png\" alt=\"\" width=\"194\" height=\"300\" srcset=\"http:\/\/artspopulaires.org\/wp-content\/uploads\/2020\/01\/Affiche-194x300.png 194w, http:\/\/artspopulaires.org\/wp-content\/uploads\/2020\/01\/Affiche-768x1187.png 768w, http:\/\/artspopulaires.org\/wp-content\/uploads\/2020\/01\/Affiche-663x1024.png 663w, http:\/\/artspopulaires.org\/wp-content\/uploads\/2020\/01\/Affiche-97x150.png 97w, http:\/\/artspopulaires.org\/wp-content\/uploads\/2020\/01\/Affiche.png 1100w\" sizes=\"(max-width: 194px) 100vw, 194px\" \/><\/a>Julien Proulx, chef et directeur artistique de l\u2019Orchestre symphonique de Drummondville (OSD) convie la population au Centre des arts populaires de Nicolet le jeudi 13 f\u00e9vrier \u00e0 19 h 30 pour le concert \u00ab\u00a0<strong>Archets baroques<\/strong>\u00a0\u00bb. Un orchestre de musique de chambre form\u00e9 d\u2019un ensemble \u00e0 cordes avec flute et clavecin vous y interpr\u00e9tera un programme d\u00e9di\u00e9 \u00e0 la musique baroque avec des \u0153uvres de Bach, Vivaldi et Haendel, trois des plus grands ma\u00eetres de cette p\u00e9riode musicale.<\/p>\n<p style=\"text-align: justify;\">On y entendra la\u00a0 \u00ab <a href=\"http:\/\/www.youtube.com\/watch?v=x8Rv9ppP6A8\">Suite no 2 en si mineur<\/a> \u00bb de Jean-S\u00e9bastien Bach, Suite de laquelle est tir\u00e9e la tr\u00e8s c\u00e9l\u00e8bre \u00ab <a href=\"http:\/\/www.youtube.com\/watch?v=xVxwuirUX-M\">Badinerie<\/a> \u00bb. Par la suite, la violoniste Marie-Claire Vaillancourt prend la place de soliste pour interpr\u00e9ter le non-moins c\u00e9l\u00e8bre concerto \u00ab <a href=\"https:\/\/www.youtube.com\/watch?v=ZPdk5GaIDjo\">L\u2019Hiver<\/a> \u00bb tir\u00e9 des Quatre saisons d\u2019Antonio Vivaldi. Finalement, un concerto grosso de Georges-Frederik Haendel compl\u00e9tera le programme.<\/p>\n<p style=\"text-align: justify;\">Trois grands ma\u00eetres, trois grandes \u0153uvres et des musiciens talentueux qui s\u2019additionnent \u00e0 l\u2019acoustique remarquable de la grande salle. En effet, la r\u00e9verb\u00e9ration naturelle de la vo\u00fbte \u00a0du Centre des arts populaires enveloppe et restitue les diff\u00e9rentes sonorit\u00e9s des instruments dans une harmonie parfaite. Pour amplifier cette exp\u00e9rience d\u2019immersion musicale, les musiciens sont install\u00e9s au centre de la salle au m\u00eame niveau que le public. De plus le chef, Julien Proulx,\u00a0 commente chaque \u0153uvre en la repla\u00e7ant dans son contexte historique. Les commentaires musicologiques et cette proximit\u00e9 du public avec les interpr\u00e8tes augmentera d\u2019autant le plaisir des m\u00e9lomanes pr\u00e9sents. Finalement, apr\u00e8s le concert, le chef et les musiciens demeurent sur place pour \u00e9changer avec le public.<\/p>\n<p style=\"text-align: justify;\">Les billets pour le concert <strong>Archets baroques<\/strong> sont disponibles au co\u00fbt de 20$ au Centre des arts populaires de Nicolet ou par r\u00e9servation t\u00e9l\u00e9phonique au 819 293-4646. On peut composer le m\u00eame num\u00e9ro pour obtenir de plus amples informations.<\/p>\n","protected":false},"excerpt":{"rendered":"<p>Julien Proulx, chef et directeur artistique de l\u2019Orchestre symphonique de Drummondville (OSD) convie la population au Centre des arts populaires de Nicolet le jeudi 13 f\u00e9vrier \u00e0 19 h 30 pour le concert \u00ab\u00a0Archets baroques\u00a0\u00bb. Un orchestre de musique de chambre form\u00e9 d\u2019un ensemble \u00e0 cordes avec flute et clavecin vous y interpr\u00e9tera un programme [&hellip;]<\/p>\n","protected":false},"author":1,"featured_media":0,"parent":0,"menu_order":0,"comment_status":"closed","ping_status":"closed","template":"","meta":{"footnotes":""},"_links":{"self":[{"href":"http:\/\/artspopulaires.org\/index.php?rest_route=\/wp\/v2\/pages\/1479"}],"collection":[{"href":"http:\/\/artspopulaires.org\/index.php?rest_route=\/wp\/v2\/pages"}],"about":[{"href":"http:\/\/artspopulaires.org\/index.php?rest_route=\/wp\/v2\/types\/page"}],"author":[{"embeddable":true,"href":"http:\/\/artspopulaires.org\/index.php?rest_route=\/wp\/v2\/users\/1"}],"replies":[{"embeddable":true,"href":"http:\/\/artspopulaires.org\/index.php?rest_route=%2Fwp%2Fv2%2Fcomments&post=1479"}],"version-history":[{"count":3,"href":"http:\/\/artspopulaires.org\/index.php?rest_route=\/wp\/v2\/pages\/1479\/revisions"}],"predecessor-version":[{"id":1484,"href":"http:\/\/artspopulaires.org\/index.php?rest_route=\/wp\/v2\/pages\/1479\/revisions\/1484"}],"wp:attachment":[{"href":"http:\/\/artspopulaires.org\/index.php?rest_route=%2Fwp%2Fv2%2Fmedia&parent=1479"}],"curies":[{"name":"wp","href":"https:\/\/api.w.org\/{rel}","templated":true}]}}