{"id":1471,"date":"2020-01-16T20:10:14","date_gmt":"2020-01-16T19:10:14","guid":{"rendered":"http:\/\/artspopulaires.org\/?page_id=1471"},"modified":"2021-05-08T04:22:52","modified_gmt":"2021-05-08T03:22:52","slug":"programmation-2020","status":"publish","type":"page","link":"http:\/\/artspopulaires.org\/?page_id=1471","title":{"rendered":"Activit\u00e9s 2020"},"content":{"rendered":"<p style=\"text-align: justify;\">En plus d\u2019\u00eatre le propri\u00e9taire de l\u2019un des b\u00e2timents patrimoniaux les plus remarquables du Centre-du-Qu\u00e9bec, le Centre des arts populaires de Nicolet est un organisme \u00e0 but non lucratif vou\u00e9 \u00e0 l\u2019enrichissement de la culture et de la communaut\u00e9. \u00c0 chaque ann\u00e9e, la direction du centre organise et fait la promotion d\u2019\u00e9v\u00e9nements soulignant la cr\u00e9ativit\u00e9 des Nicol\u00e9tains et des environs.<\/p>\n<p><em><strong>Calendrier des \u00e9v\u00e9nements<\/strong><\/em><\/p>\n<p>Dans le cadre de notre programmation 2020, nos principaux \u00e9v\u00e9nements seront les suivants :<\/p>\n<h5>2020<\/h5>\n<ul>\n<li><em>18 janvier, 22 f\u00e9vrier, 28 mars, 25 avril, 30 mai, 19 septembre, 24 octobre, 5 d\u00e9cembre<\/em> : <a href=\"http:\/\/projet-enclave.com\/\">Les tractations de l&rsquo;Enclave<\/a><\/li>\n<li><em>13 f\u00e9vrier<\/em> : <a href=\"http:\/\/artspopulaires.org\/?page_id=1479\">Concert de l&rsquo;Orchestre symphonique et Drummondville<\/a><\/li>\n<li><em>19 mars<\/em> : Duo de violoncelles<\/li>\n<li><em>2 au 6 mars<\/em>: <a href=\"http:\/\/artspopulaires.org\/?page_id=1486\">La semaine des enfants Promutuel<\/a><\/li>\n<li><em>26 mars<\/em> : Assembl\u00e9e g\u00e9n\u00e9rale du Centre des arts populaires<\/li>\n<li><em>22 avril<\/em> : D\u00e9gustation vins et fromages &#8211; Activit\u00e9 b\u00e9n\u00e9fice du Centre des arts populaires<\/li>\n<li><em>22 mai <\/em>: Animation scolaire au temps du Moyen-\u00c2ge<\/li>\n<li><em>13<\/em> <em>juin <\/em>: Journ\u00e9e des dentelli\u00e8res et des brodeuses<\/li>\n<li><em>7 novembre : <\/em>L&rsquo;\u00c9cole des sorciers V<\/li>\n<li><em>20 au 22 novembre :<\/em> <a href=\"http:\/\/artspopulaires.org\/?page_id=1505\">Le Rendez-vous des peintres Sogetel<\/a><\/li>\n<li><em>28 et 29 novembre <\/em>: Le Salon des arts populaires Desjardins<\/li>\n<li><em>12<\/em> <em>d\u00e9cembre<\/em> : Party multi-entreprises 2019<\/li>\n<\/ul>\n<p>Pour en savoir plus, nous vous invitons \u00e0 consulter les pages correspondant \u00e0 chacune de ces activit\u00e9s lorsqu&rsquo;elles seront mises en ligne ou \u00e0 communiquer avec nous par t\u00e9l\u00e9phone (819 293-4646) ou par courriel (artspopulaires@sogetel.net).<\/p>\n","protected":false},"excerpt":{"rendered":"<p>En plus d\u2019\u00eatre le propri\u00e9taire de l\u2019un des b\u00e2timents patrimoniaux les plus remarquables du Centre-du-Qu\u00e9bec, le Centre des arts populaires de Nicolet est un organisme \u00e0 but non lucratif vou\u00e9 \u00e0 l\u2019enrichissement de la culture et de la communaut\u00e9. \u00c0 chaque ann\u00e9e, la direction du centre organise et fait la promotion d\u2019\u00e9v\u00e9nements soulignant la cr\u00e9ativit\u00e9 [&hellip;]<\/p>\n","protected":false},"author":1,"featured_media":0,"parent":0,"menu_order":0,"comment_status":"closed","ping_status":"closed","template":"","meta":{"footnotes":""},"_links":{"self":[{"href":"http:\/\/artspopulaires.org\/index.php?rest_route=\/wp\/v2\/pages\/1471"}],"collection":[{"href":"http:\/\/artspopulaires.org\/index.php?rest_route=\/wp\/v2\/pages"}],"about":[{"href":"http:\/\/artspopulaires.org\/index.php?rest_route=\/wp\/v2\/types\/page"}],"author":[{"embeddable":true,"href":"http:\/\/artspopulaires.org\/index.php?rest_route=\/wp\/v2\/users\/1"}],"replies":[{"embeddable":true,"href":"http:\/\/artspopulaires.org\/index.php?rest_route=%2Fwp%2Fv2%2Fcomments&post=1471"}],"version-history":[{"count":6,"href":"http:\/\/artspopulaires.org\/index.php?rest_route=\/wp\/v2\/pages\/1471\/revisions"}],"predecessor-version":[{"id":157458,"href":"http:\/\/artspopulaires.org\/index.php?rest_route=\/wp\/v2\/pages\/1471\/revisions\/157458"}],"wp:attachment":[{"href":"http:\/\/artspopulaires.org\/index.php?rest_route=%2Fwp%2Fv2%2Fmedia&parent=1471"}],"curies":[{"name":"wp","href":"https:\/\/api.w.org\/{rel}","templated":true}]}}