{"id":1429,"date":"2019-05-30T03:58:55","date_gmt":"2019-05-30T02:58:55","guid":{"rendered":"http:\/\/artspopulaires.org\/?page_id=1429"},"modified":"2019-05-30T03:58:55","modified_gmt":"2019-05-30T02:58:55","slug":"kermesse-de-la-courtepointe-2019","status":"publish","type":"page","link":"http:\/\/artspopulaires.org\/?page_id=1429","title":{"rendered":"Kermesse de la courtepointe 2019"},"content":{"rendered":"<p style=\"text-align: justify;\">Le vendredi 14 juin \u00e0 compter de 19 h, vous \u00eates invit\u00e9s \u00e0 assister au vernissage de l\u2019exposition de courtepointes r\u00e9alis\u00e9es par<strong><em> La guilde les doigts de f\u00e9e<\/em><\/strong> de Nicolet. Une centaine de ces kal\u00e9idoscopes de tissus patiemment cousus seront expos\u00e9s. En plus des \u0153uvres de la guilde, des amies d\u2019un peu partout au Qu\u00e9bec participent \u00e0 la diversit\u00e9 de cette exposition pr\u00e9sent\u00e9e dans la grande salle du Centre des arts populaires de Nicolet. L\u2019exposition se poursuivra les samedi 15 juin et dimanche 16 juin de 11\u00a0h \u00e0 16\u00a0h.<\/p>\n<p style=\"text-align: justify;\"><a href=\"http:\/\/artspopulaires.org\/wp-content\/uploads\/2019\/05\/Feuillet-Verso.jpg\"><img fetchpriority=\"high\" decoding=\"async\" class=\"alignright wp-image-1430 size-medium\" src=\"http:\/\/artspopulaires.org\/wp-content\/uploads\/2019\/05\/Feuillet-Verso-194x300.jpg\" alt=\"\" width=\"194\" height=\"300\" srcset=\"http:\/\/artspopulaires.org\/wp-content\/uploads\/2019\/05\/Feuillet-Verso-194x300.jpg 194w, http:\/\/artspopulaires.org\/wp-content\/uploads\/2019\/05\/Feuillet-Verso-768x1187.jpg 768w, http:\/\/artspopulaires.org\/wp-content\/uploads\/2019\/05\/Feuillet-Verso-663x1024.jpg 663w, http:\/\/artspopulaires.org\/wp-content\/uploads\/2019\/05\/Feuillet-Verso-97x150.jpg 97w, http:\/\/artspopulaires.org\/wp-content\/uploads\/2019\/05\/Feuillet-Verso.jpg 1650w\" sizes=\"(max-width: 194px) 100vw, 194px\" \/><\/a>Depuis quelques ann\u00e9es, <strong><em>La guilde les doigts de f\u00e9e<\/em><\/strong>, un groupe de passionn\u00e9es de la courtepointe, se retrouve dans les locaux du Centre des arts populaires pour apprendre, \u00e9changer et travailler ensemble. Elles en sont \u00e0 une deuxi\u00e8me \u00e9dition de cette biennale. Pour l\u2019occasion, la grande salle du Centre des arts populaires devient un v\u00e9ritable \u00e9crin pour ces couvre-lits, coussins, sacs, bref pour toutes ces cr\u00e9ations qui sont bien souvent \u00e0 des lieues des courtepointes de nos grands-m\u00e8res. En effet, si la courtepointe est un art textile ancestral qui consistait autrefois \u00e0 cr\u00e9er en r\u00e9utilisant des bouts de tissus encore bons, les courtepointes actuelles sont, le plus souvent, r\u00e9alis\u00e9es \u00e0 partir de tissus neufs savamment choisis pour s\u2019agencer \u00e0 l\u2019\u0153uvre.<\/p>\n<p style=\"text-align: justify;\"><strong><em>La<\/em><\/strong><em> <strong>guilde les doigts de f\u00e9e<\/strong><\/em> vous invite chaleureusement \u00e0 visiter l\u2019exposition, d\u2019autant plus que l\u2019acc\u00e8s est gratuit. Cependant, pour participer au financement de l\u2019\u00e9v\u00e9nement, les visiteurs pourront acheter sur place des billets de tirage permettant de gagner une courtepointe r\u00e9alis\u00e9e par les membres de <strong><em>La guilde les doigts de f\u00e9e<\/em><\/strong>. Le Centre des arts populaires de Nicolet est situ\u00e9 au 725 du boulevard Louis-Fr\u00e9chette \u00e0 Nicolet.<\/p>\n","protected":false},"excerpt":{"rendered":"<p>Le vendredi 14 juin \u00e0 compter de 19 h, vous \u00eates invit\u00e9s \u00e0 assister au vernissage de l\u2019exposition de courtepointes r\u00e9alis\u00e9es par La guilde les doigts de f\u00e9e de Nicolet. Une centaine de ces kal\u00e9idoscopes de tissus patiemment cousus seront expos\u00e9s. En plus des \u0153uvres de la guilde, des amies d\u2019un peu partout au Qu\u00e9bec [&hellip;]<\/p>\n","protected":false},"author":1,"featured_media":0,"parent":0,"menu_order":0,"comment_status":"closed","ping_status":"closed","template":"","meta":{"footnotes":""},"_links":{"self":[{"href":"http:\/\/artspopulaires.org\/index.php?rest_route=\/wp\/v2\/pages\/1429"}],"collection":[{"href":"http:\/\/artspopulaires.org\/index.php?rest_route=\/wp\/v2\/pages"}],"about":[{"href":"http:\/\/artspopulaires.org\/index.php?rest_route=\/wp\/v2\/types\/page"}],"author":[{"embeddable":true,"href":"http:\/\/artspopulaires.org\/index.php?rest_route=\/wp\/v2\/users\/1"}],"replies":[{"embeddable":true,"href":"http:\/\/artspopulaires.org\/index.php?rest_route=%2Fwp%2Fv2%2Fcomments&post=1429"}],"version-history":[{"count":1,"href":"http:\/\/artspopulaires.org\/index.php?rest_route=\/wp\/v2\/pages\/1429\/revisions"}],"predecessor-version":[{"id":1431,"href":"http:\/\/artspopulaires.org\/index.php?rest_route=\/wp\/v2\/pages\/1429\/revisions\/1431"}],"wp:attachment":[{"href":"http:\/\/artspopulaires.org\/index.php?rest_route=%2Fwp%2Fv2%2Fmedia&parent=1429"}],"curies":[{"name":"wp","href":"https:\/\/api.w.org\/{rel}","templated":true}]}}