{"id":1001,"date":"2017-02-23T19:37:30","date_gmt":"2017-02-23T18:37:30","guid":{"rendered":"http:\/\/artspopulaires.org\/?page_id=1001"},"modified":"2017-03-01T19:50:54","modified_gmt":"2017-03-01T18:50:54","slug":"la-semaine-des-enfants-promutuel-2017","status":"publish","type":"page","link":"http:\/\/artspopulaires.org\/?page_id=1001","title":{"rendered":"La Semaine des enfants Promutuel 2017"},"content":{"rendered":"<p style=\"text-align: justify;\"><a href=\"http:\/\/artspopulaires.org\/wp-content\/uploads\/2017\/02\/Affiche.png\"><img fetchpriority=\"high\" decoding=\"async\" class=\"alignright wp-image-1003 size-large\" src=\"http:\/\/artspopulaires.org\/wp-content\/uploads\/2017\/02\/Affiche-279x1024.png\" width=\"279\" height=\"1024\" alt=\"\" srcset=\"http:\/\/artspopulaires.org\/wp-content\/uploads\/2017\/02\/Affiche-279x1024.png 279w, http:\/\/artspopulaires.org\/wp-content\/uploads\/2017\/02\/Affiche-82x300.png 82w, http:\/\/artspopulaires.org\/wp-content\/uploads\/2017\/02\/Affiche-41x150.png 41w, http:\/\/artspopulaires.org\/wp-content\/uploads\/2017\/02\/Affiche.png 450w\" sizes=\"(max-width: 279px) 100vw, 279px\" \/><\/a>Pour une huiti\u00e8me ann\u00e9e, le Centre des arts populaires organise des activit\u00e9s pour les familles pendant la semaine de rel\u00e2che de la Commission scolaire de La Riveraine. Cette ann\u00e9e, l\u2019activit\u00e9 s\u2019\u00e9tire sur 7 jours. Effectivement, du dimanche 5\u00a0mars au samedi 11\u00a0mars de 10 h \u00e0 16 h, la grande salle s\u2019emplit de grosses structures gonflables tandis que des jeux g\u00e9ants sont offerts dans la salle Jean-Paul-Charland. <em>Mary Maquille &amp; Cie<\/em> est \u00e9galement sur place pour transformer les petits bouts de chou en oursons, en super h\u00e9ros ou en princesse et, du lundi au vendredi, une photographe professionnelle sera sur place pour immortaliser ces moments. Finalement, encore cette ann\u00e9e, H\u00e9l\u00e8ne et Marion, nos formatrices qualifi\u00e9es, offrent des ateliers d\u2019arts plastiques du mercredi 8 au vendredi 10 mars de 13 h15\u00a0 \u00e0 15 h 15.<\/p>\n<p style=\"text-align: justify;\">Le tarif pour pouvoir avoir acc\u00e8s \u00e0 toutes ces activit\u00e9s est de 5\u00a0$ pour un enfant et de 8\u00a0$ pour deux enfants, un tarif maximum de 10\u00a0$ est applicable pour les familles de 3 enfants et plus. Bien s\u00fbr, le tout est gratuit pour les parents accompagn\u00e9s de leurs enfants!<\/p>\n<p style=\"text-align: justify;\">Toutes ces activit\u00e9s sont rendues possible gr\u00e2ce la collaboration de <em>Promutuel Verch\u00e8res \u2013 Les Forges<\/em> et aussi gr\u00e2ce \u00e0 une participation concert\u00e9e des trois pharmacies de Nicolet\u00a0: <em>Familiprix<\/em>, <em>Jean Coutu<\/em> et <em>Uniprix<\/em>. Pendant la semaine de rel\u00e2che, la Semaine des enfants PROMUTUEL est une belle opportunit\u00e9 pour offrir \u00e0 votre petite famille des activit\u00e9s amusantes, diversifi\u00e9es et abordables.<\/p>\n","protected":false},"excerpt":{"rendered":"<p>Pour une huiti\u00e8me ann\u00e9e, le Centre des arts populaires organise des activit\u00e9s pour les familles pendant la semaine de rel\u00e2che de la Commission scolaire de La Riveraine. Cette ann\u00e9e, l\u2019activit\u00e9 s\u2019\u00e9tire sur 7 jours. Effectivement, du dimanche 5\u00a0mars au samedi 11\u00a0mars de 10 h \u00e0 16 h, la grande salle s\u2019emplit de grosses structures gonflables [&hellip;]<\/p>\n","protected":false},"author":1,"featured_media":0,"parent":0,"menu_order":0,"comment_status":"closed","ping_status":"closed","template":"","meta":{"footnotes":""},"_links":{"self":[{"href":"http:\/\/artspopulaires.org\/index.php?rest_route=\/wp\/v2\/pages\/1001"}],"collection":[{"href":"http:\/\/artspopulaires.org\/index.php?rest_route=\/wp\/v2\/pages"}],"about":[{"href":"http:\/\/artspopulaires.org\/index.php?rest_route=\/wp\/v2\/types\/page"}],"author":[{"embeddable":true,"href":"http:\/\/artspopulaires.org\/index.php?rest_route=\/wp\/v2\/users\/1"}],"replies":[{"embeddable":true,"href":"http:\/\/artspopulaires.org\/index.php?rest_route=%2Fwp%2Fv2%2Fcomments&post=1001"}],"version-history":[{"count":6,"href":"http:\/\/artspopulaires.org\/index.php?rest_route=\/wp\/v2\/pages\/1001\/revisions"}],"predecessor-version":[{"id":1012,"href":"http:\/\/artspopulaires.org\/index.php?rest_route=\/wp\/v2\/pages\/1001\/revisions\/1012"}],"wp:attachment":[{"href":"http:\/\/artspopulaires.org\/index.php?rest_route=%2Fwp%2Fv2%2Fmedia&parent=1001"}],"curies":[{"name":"wp","href":"https:\/\/api.w.org\/{rel}","templated":true}]}}